{"id":664984,"date":"2025-04-29T19:19:41","date_gmt":"2025-04-29T18:19:41","guid":{"rendered":"https:\/\/shop.kustom.ch\/?post_type=product&#038;p=664984"},"modified":"2026-03-31T08:48:46","modified_gmt":"2026-03-31T07:48:46","slug":"multinorm-hemd-3","status":"publish","type":"product","link":"https:\/\/shop.kustom.ch\/fr\/produit\/multinorm-hemd-3\/","title":{"rendered":"Chemise Multinorm"},"content":{"rendered":"<p>La chemise ignifug\u00e9e \u00e0 visibilit\u00e9 accrue dispose d'un empi\u00e8cement jaune sans r\u00e9flecteurs, qui offre \u00e9galement une protection limit\u00e9e contre les projections de produits chimiques. Elle est id\u00e9ale pour les travaux de service et de maintenance dans l'industrie m\u00e9canique. La chemise sans pi\u00e8ces m\u00e9talliques offre des possibilit\u00e9s de r\u00e9glage astucieuses ainsi que des manchettes de protection, des boutons-pression en plastique et des poches \u00e0 soufflet sur la poitrine pour un espace suppl\u00e9mentaire. Certifi\u00e9e selon les normes EN 1149-5, EN 13034, EN 61482-2, APC 1 et EN ISO 11612, ATPV : 8,1 cal\/cm\u00b2, ELIM : 6,3 cal\/cm\u00b2.<\/p>\n<p>D\u00c9TAILS : \u00c9tiquettes de certification ext\u00e9rieures. Boutons-pression en plastique. Boucle au-dessus de la poche de poitrine pour les stylos. \u00c9paules de couleur contrast\u00e9e. POSITIONS : Poches poitrine \u00e0 soufflet et \u00e0 rabat. FERMETURE : Ourlet de manche r\u00e9glable avec boutons-pression en plastique cach\u00e9s. Dos rallong\u00e9. INSTRUCTIONS DE LAVAGE : 60\u00b0 C. Ne pas blanchir. Ne pas repasser. Ne pas nettoyer \u00e0 sec. S\u00e8che-linge - bas. TEXTES PRINCIPAUX : \u00c9lectricien. Travailleur manuel. Personnel de service. Travailleurs de la route et de la construction. EN 1149-5. EN 13034. EN 61482-2. EN ISO 11612. TISSU : Hommes. bleu. Jaune haute visibilit\u00e9. CERTIFICATION : EN 1149-5. EN 13034 PB (6). ATPV - 8,1 cal\/cm\u00b2. ELIM - 6,3 cal\/cm\u00b2. EN 61482-2, APC 1. EN ISO 11612 A1, A2, B1, C1<\/p>\n<p>50% modacrylique, 32% coton, 10% aramide, 5% polyamide, 3% antistatique, ripstop, ignifug\u00e9, antistatique, 200g\/m<\/p>","protected":false},"excerpt":{"rendered":"<p>Das schwer entflammbare Hemd mit erh\u00f6hter Sichtbarkeit verf\u00fcgt \u00fcber einen gelben Einsatz ohne Reflektoren, der auch begrenzten Schutz gegen Chemikalienspritzer bietet. Es ist ideal f\u00fcr Service- und Wartungsarbeiten in der mechanischen Industrie. Das Hemd ohne Metallteile bietet clevere Verstellm\u00f6glichkeiten sowie Schutzmanschetten, Kunststoff-Druckkn\u00f6pfe und Balgtaschen auf der Brust f\u00fcr zus\u00e4tzlichen Platz. Zertifiziert nach EN 1149-5, EN [&hellip;]<\/p>\n","protected":false},"featured_media":665009,"template":"","meta":[],"product_brand":[],"product_cat":[9874],"product_tag":[],"class_list":{"0":"post-664984","1":"product","2":"type-product","3":"status-publish","4":"has-post-thumbnail","6":"product_cat-hemden","7":"pa_brand-blaklaeder","8":"pa_brand-type-workwear","9":"pa_filter-color-blau","10":"pa_filter-color-gelb","12":"first","13":"instock","14":"sale","15":"taxable","16":"shipping-taxable","17":"purchasable","18":"product-type-variable","19":"add-to-wishlist-before_image"},"exclude_global_add_ons":[],"addons":[],"acf":[],"_links":{"self":[{"href":"https:\/\/shop.kustom.ch\/fr\/wp-json\/wp\/v2\/product\/664984"}],"collection":[{"href":"https:\/\/shop.kustom.ch\/fr\/wp-json\/wp\/v2\/product"}],"about":[{"href":"https:\/\/shop.kustom.ch\/fr\/wp-json\/wp\/v2\/types\/product"}],"wp:featuredmedia":[{"embeddable":true,"href":"https:\/\/shop.kustom.ch\/fr\/wp-json\/wp\/v2\/media\/665009"}],"wp:attachment":[{"href":"https:\/\/shop.kustom.ch\/fr\/wp-json\/wp\/v2\/media?parent=664984"}],"wp:term":[{"taxonomy":"product_brand","embeddable":true,"href":"https:\/\/shop.kustom.ch\/fr\/wp-json\/wp\/v2\/product_brand?post=664984"},{"taxonomy":"product_cat","embeddable":true,"href":"https:\/\/shop.kustom.ch\/fr\/wp-json\/wp\/v2\/product_cat?post=664984"},{"taxonomy":"product_tag","embeddable":true,"href":"https:\/\/shop.kustom.ch\/fr\/wp-json\/wp\/v2\/product_tag?post=664984"}],"curies":[{"name":"wp","href":"https:\/\/api.w.org\/{rel}","templated":true}]}}