{"id":664983,"date":"2025-04-29T19:19:41","date_gmt":"2025-04-29T18:19:41","guid":{"rendered":"https:\/\/shop.kustom.ch\/?post_type=product&#038;p=664983"},"modified":"2026-03-31T08:20:38","modified_gmt":"2026-03-31T07:20:38","slug":"piratenhose-mit-stretch","status":"publish","type":"product","link":"https:\/\/shop.kustom.ch\/fr\/produit\/piratenhose-mit-stretch\/","title":{"rendered":"Pantalon pirate avec stretch"},"content":{"rendered":"<p>Pantalon pirate moderne pour les professions de service. Fabriqu\u00e9 dans un mat\u00e9riau l\u00e9ger mais r\u00e9sistant avec des propri\u00e9t\u00e9s de s\u00e9chage rapide - ce qui rend ce pantalon parfait pour travailler \u00e0 l'int\u00e9rieur ou \u00e0 l'ext\u00e9rieur par temps plus chaud. Ce mod\u00e8le a une coupe plus \u00e9troite et des genoux pr\u00e9form\u00e9s pour plus de confort. Pour une libert\u00e9 de mouvement optimale, nous avons plac\u00e9 des inserts stretch \u00e0 des endroits soigneusement choisis, comme par exemple au niveau des fesses, des genoux et de l'entrejambe. Le pantalon dispose d'une poche pour stylo et couteau, adapt\u00e9e aux gauchers ou aux droitiers, et d'une poche int\u00e9rieure en mesh pour t\u00e9l\u00e9phone portable. Disponible en mod\u00e8le femme 7129.<\/p>\n<p>FONCTIONNALIT\u00c9 : Inserts stretch \u00e0 l'entrejambe, aux genoux et au fessier. Jambes de pantalon particuli\u00e8rement ergonomiques. Coupe normale. D\u00c9TAILS : Bouton m\u00e9tallique recouvert de caoutchouc. Fermeture \u00e0 glissi\u00e8re en plastique \u00e0 l'entrejambe. Anneau en D \u00e0 la taille. POCHES : Poches sur les jambes avec soufflet, fermeture \u00e0 glissi\u00e8re, poche pour stylo et couteau. Poches arri\u00e8re. Poche pour t\u00e9l\u00e9phone portable \u00e0 l'int\u00e9rieur. Poches lat\u00e9rales. INSTRUCTIONS DE LAVAGE : 40\u00b0 C. Repassage - bas. Ne pas blanchir. Ne pas nettoyer \u00e0 sec. Ne pas essorer. ACTIVIT\u00c9S PRINCIPALES : Conducteur. Travailleur de jardin. Travailleur de l'entrep\u00f4t. Agent de nettoyage. Employ\u00e9 de service. Disponible pour les femmes et les hommes. Hommes . TISSU : Disponible pour femmes et hommes. Hommes. Noir. L\u00e9ger. Tissu stretch. Industrie \/ Service. Stretch. Transport. USP : inserts en stretch. Jambes pr\u00e9form\u00e9es<\/p>\n<p>65% polyester, 35% coton, tissage fin , 166g\/m<\/p>","protected":false},"excerpt":{"rendered":"<p>Moderne Piratenhose f\u00fcr Dienstleistungsberufe. Hergestellt aus leichtem, aber strapazierf\u00e4higem Material mit schnelltrocknenden Eigenschaften &#8211; damit ist die Hose perfekt f\u00fcr die Arbeit drinnen oder draussen bei w\u00e4rmerem Wetter. Das Modell hat eine schmalere Passform und vorgeformte Knie f\u00fcr mehr Komfort. F\u00fcr optimale Bewegungsfreiheit haben wir Stretch-Eins\u00e4tze an sorgf\u00e4ltig ausgew\u00e4hlten Stellen platziert, wie zum Beispiel am [&hellip;]<\/p>\n","protected":false},"featured_media":664997,"template":"","meta":[],"product_brand":[],"product_cat":[4198],"product_tag":[],"class_list":{"0":"post-664983","1":"product","2":"type-product","3":"status-publish","4":"has-post-thumbnail","6":"product_cat-shorts","7":"pa_brand-blaklaeder","8":"pa_brand-type-workwear","9":"pa_filter-color-schwarz","11":"first","12":"instock","13":"sale","14":"taxable","15":"shipping-taxable","16":"purchasable","17":"product-type-variable","18":"add-to-wishlist-before_image"},"exclude_global_add_ons":[],"addons":[],"acf":[],"_links":{"self":[{"href":"https:\/\/shop.kustom.ch\/fr\/wp-json\/wp\/v2\/product\/664983"}],"collection":[{"href":"https:\/\/shop.kustom.ch\/fr\/wp-json\/wp\/v2\/product"}],"about":[{"href":"https:\/\/shop.kustom.ch\/fr\/wp-json\/wp\/v2\/types\/product"}],"wp:featuredmedia":[{"embeddable":true,"href":"https:\/\/shop.kustom.ch\/fr\/wp-json\/wp\/v2\/media\/664997"}],"wp:attachment":[{"href":"https:\/\/shop.kustom.ch\/fr\/wp-json\/wp\/v2\/media?parent=664983"}],"wp:term":[{"taxonomy":"product_brand","embeddable":true,"href":"https:\/\/shop.kustom.ch\/fr\/wp-json\/wp\/v2\/product_brand?post=664983"},{"taxonomy":"product_cat","embeddable":true,"href":"https:\/\/shop.kustom.ch\/fr\/wp-json\/wp\/v2\/product_cat?post=664983"},{"taxonomy":"product_tag","embeddable":true,"href":"https:\/\/shop.kustom.ch\/fr\/wp-json\/wp\/v2\/product_tag?post=664983"}],"curies":[{"name":"wp","href":"https:\/\/api.w.org\/{rel}","templated":true}]}}