{"id":664717,"date":"2025-04-29T19:18:05","date_gmt":"2025-04-29T18:18:05","guid":{"rendered":"https:\/\/shop.kustom.ch\/?post_type=product&#038;p=664717"},"modified":"2026-03-31T08:16:04","modified_gmt":"2026-03-31T07:16:04","slug":"high-vis-shorts-4-wege-stretch","status":"publish","type":"product","link":"https:\/\/shop.kustom.ch\/fr\/produit\/high-vis-shorts-4-wege-stretch\/","title":{"rendered":"Short haute visibilit\u00e9 4-way stretch"},"content":{"rendered":"<p>Short haute visibilit\u00e9 en stretch 4 directions incroyablement doux et flexible, qui offre vraiment le confort ultime et vous rend visible quand vous en avez le plus besoin. Le short est dot\u00e9 de r\u00e9flecteurs segment\u00e9s, d'une taille haute dans le dos, de poches \u00e0 clous amovibles et d'une ventilation dans l'empi\u00e8cement. \u00c9galement disponible en mod\u00e8le femme 7020.<\/p>\n<p>FONCTIONNALIT\u00c9 : Stretch 4 directions. A\u00e9ration au niveau de l'ourlet. D\u00c9TAILS : Poche amovible pour carte d'identit\u00e9. Anneau en D. Boutons en m\u00e9tal. Porte-couteau avec bouton. Fermeture \u00e0 glissi\u00e8re en plastique \u00e0 l'entrejambe. Larges passants de ceinture \u00e0 l'arri\u00e8re et sur les c\u00f4t\u00e9s. Deux passants sur les c\u00f4t\u00e9s avec un bouton pour le porte-marteau. Anneau en D \u00e0 la taille. Taille haute \u00e0 l'arri\u00e8re. POCHES : Poche sur la jambe avec soufflet et rabat avec fermeture velcro et poche int\u00e9rieure pour t\u00e9l\u00e9phone portable en mesh. Poches arri\u00e8re renforc\u00e9es par un soufflet. Poches lat\u00e9rales. Poches \u00e0 outils - amovibles et extra larges, avec boucles \u00e0 outils et compartiments \u00e0 outils suppl\u00e9mentaires. Poche m\u00e8tre renforc\u00e9e avec porte couteau et poche stylo. RENFORCEMENT : Poches \u00e0 outils, poches arri\u00e8re et poche m\u00e8tre renforc\u00e9es en CORDURA\u00ae. REFLEX : Mat\u00e9riau r\u00e9fl\u00e9chissant autour des jambes. INSTRUCTIONS DE LAVAGE : Nombre de lavages : 50. 60\u00b0 C. Ne pas blanchir. Ne pas repasser. Ne pas nettoyer \u00e0 sec. S\u00e8che-linge - bas. TRAVAUX PRINCIPAUX : Bricoleurs. Travailleurs de la route et du b\u00e2timent. Disponible pour femmes et hommes. Hommes . EN ISO 20471. TISSU : Disponible pour femmes et hommes. Hommes. Bleu. Jaune haute visibilit\u00e9. Poches \u00e0 outils amovibles. \u00c9lastique. Tissu extensible. Protection haute visibilit\u00e9. USP : stretch 4 directions. Poches \u00e0 outils amovibles. Poches \u00e0 outils renforc\u00e9es en CORDURA\u00ae. Coupe ajust\u00e9e. Bandes r\u00e9fl\u00e9chissantes segment\u00e9es. CERTIFICATION : EN ISO 20471, classe 1. groupe de certification V<\/p>\n<p>100% Polyester, double tissage, stretch 4 directions, 260 g\/m<\/p>","protected":false},"excerpt":{"rendered":"<p>High Vis Shorts aus unglaublich weichem und flexiblem 4-Wege-Stretch, der wirklich den ultimativen Komfort bietet und Sie sichtbar macht, wenn es am n\u00f6tigsten ist. Die Shorts haben segmentierte Reflektoren, einen hohen Bund am R\u00fccken, abnehmbare Nageltaschen und Bel\u00fcftung in der Passe. Auch als Damenmodell 7020 erh\u00e4ltlich. FUNKTIONALIT\u00c4T: 4-Wege-Stretch. L\u00fcftung an der Passe. DETAILS: Abnehmbare Ausweistasche. [&hellip;]<\/p>\n","protected":false},"featured_media":664740,"template":"","meta":[],"product_brand":[],"product_cat":[4198],"product_tag":[],"class_list":{"0":"post-664717","1":"product","2":"type-product","3":"status-publish","4":"has-post-thumbnail","6":"product_cat-shorts","7":"pa_brand-blaklaeder","8":"pa_brand-type-workwear","9":"pa_filter-color-blau","10":"pa_filter-color-gelb","11":"pa_filter-color-orange","12":"pa_filter-color-rot","13":"pa_filter-color-schwarz","15":"first","16":"instock","17":"sale","18":"taxable","19":"shipping-taxable","20":"purchasable","21":"product-type-variable","22":"add-to-wishlist-before_image"},"exclude_global_add_ons":[],"addons":[],"acf":[],"_links":{"self":[{"href":"https:\/\/shop.kustom.ch\/fr\/wp-json\/wp\/v2\/product\/664717"}],"collection":[{"href":"https:\/\/shop.kustom.ch\/fr\/wp-json\/wp\/v2\/product"}],"about":[{"href":"https:\/\/shop.kustom.ch\/fr\/wp-json\/wp\/v2\/types\/product"}],"wp:featuredmedia":[{"embeddable":true,"href":"https:\/\/shop.kustom.ch\/fr\/wp-json\/wp\/v2\/media\/664740"}],"wp:attachment":[{"href":"https:\/\/shop.kustom.ch\/fr\/wp-json\/wp\/v2\/media?parent=664717"}],"wp:term":[{"taxonomy":"product_brand","embeddable":true,"href":"https:\/\/shop.kustom.ch\/fr\/wp-json\/wp\/v2\/product_brand?post=664717"},{"taxonomy":"product_cat","embeddable":true,"href":"https:\/\/shop.kustom.ch\/fr\/wp-json\/wp\/v2\/product_cat?post=664717"},{"taxonomy":"product_tag","embeddable":true,"href":"https:\/\/shop.kustom.ch\/fr\/wp-json\/wp\/v2\/product_tag?post=664717"}],"curies":[{"name":"wp","href":"https:\/\/api.w.org\/{rel}","templated":true}]}}