{"id":664656,"date":"2025-04-29T19:17:40","date_gmt":"2025-04-29T18:17:40","guid":{"rendered":"https:\/\/shop.kustom.ch\/?post_type=product&#038;p=664656"},"modified":"2026-03-31T08:31:06","modified_gmt":"2026-03-31T07:31:06","slug":"handwerker-arbeitshose-ohne-nageltaschen-2","status":"publish","type":"product","link":"https:\/\/shop.kustom.ch\/fr\/produit\/handwerker-arbeitshose-ohne-nageltaschen-2\/","title":{"rendered":"Pantalon de travail pour artisans sans poches \u00e0 clous"},"content":{"rendered":"<p>Pantalon de travail d'artisan fonctionnel et confortable avec des poches facilement accessibles, y compris une poche pour t\u00e9l\u00e9phone portable en tissu stretch qui convient \u00e0 la plupart des t\u00e9l\u00e9phones portables. Poches pour genouill\u00e8res en tissu CORDURA\u00ae stretch pour une coupe et une durabilit\u00e9 optimales. Deux poches arri\u00e8re \u00e0 soufflet avec boucle pour porte-marteau et poche m\u00e8tre renforc\u00e9e avec poche stylo et porte-couteau. Les jambes pr\u00e9form\u00e9es assurent un bon maintien.<\/p>\n<p>FONCTIONNALIT\u00c9 : Empi\u00e8cements stretch \u00e0 l'empi\u00e8cement arri\u00e8re, aux genoux et au creux du genou. Jambes de pantalon \u00e0 la forme particuli\u00e8rement ergonomique. D\u00c9TAILS : Poche pour carte d'identit\u00e9 amovible. Boutons en m\u00e9tal. Couture int\u00e9rieure de la jambe avec triple couture. Fermeture \u00e0 glissi\u00e8re en plastique \u00e0 l'entrejambe. Deux passants pour ceinture sur les c\u00f4t\u00e9s avec un bouton pour un passant pour marteau, un passant pour ceinture avec anneau en D \u00e0 l'avant. Large boucle de ceinture \u00e0 l'arri\u00e8re. POCHES : poche sur la jambe avec soufflet, poche pour stylo, poche flexible pour t\u00e9l\u00e9phone portable et deux grandes poches - une avec fermeture \u00e9clair et une poche amovible pour carte d'identit\u00e9. Poches arri\u00e8re renforc\u00e9es par un soufflet. Poches rembourr\u00e9es aux genoux. Poches lat\u00e9rales. Poche m\u00e8tre renforc\u00e9e avec porte couteau et poche stylo. RENFORCEMENT : Poches de genouill\u00e8res renforc\u00e9es en CORDURA\u00ae stretch. Renforts CORDURA\u00ae sur les poches arri\u00e8re. INSTRUCTIONS DE LAVAGE : 60\u00b0 C. Repassage - moyen. Ne pas blanchir. Ne pas nettoyer \u00e0 sec. S\u00e8che-linge - bas. PROFESSIONS PRINCIPALES : Constructeur de b\u00e9ton. \u00c9lectricien. Homme \u00e0 tout faire. Installateur de mat\u00e9riel \u00e9lectrique. Travailleur en entrep\u00f4t. M\u00e9canicien. EN 14004. TISSU : hommes. noir. Poches pour genouill\u00e8res. Artisanat. CERTIFICATION : EN 14404:2004+A1:2010 ensemble avec genouill\u00e8res 4027, 4057, 4058 et 4032<\/p>\n<p>100% Coton, toile, 270 g\/m<\/p>","protected":false},"excerpt":{"rendered":"<p>Funktionelle und komfortable Handwerker Arbeitshose mit leicht zug\u00e4nglichen Taschen, einschliesslich einer Handytasche aus Stretchmaterial, in die f\u00fcr die meisten Handys geeignet ist. Kniepolstertaschen aus CORDURA\u00ae Stretch Stoff f\u00fcr optimale Passform und Haltbarkeit. Zwei Ges\u00e4sstaschen mit Faltenbalg und Schlaufe f\u00fcr Hammerhalter und verst\u00e4rkte Zollstocktasche mit Stifttasche und Messerhalter. Vorgeformte Beine sorgen f\u00fcr einen guten Sitz. FUNKTIONALIT\u00c4T: [&hellip;]<\/p>\n","protected":false},"featured_media":664683,"template":"","meta":[],"product_brand":[],"product_cat":[4185],"product_tag":[],"class_list":{"0":"post-664656","1":"product","2":"type-product","3":"status-publish","4":"has-post-thumbnail","6":"product_cat-hosen","7":"pa_brand-blaklaeder","8":"pa_brand-type-workwear","9":"pa_filter-color-blau","10":"pa_filter-color-gelb","11":"pa_filter-color-schwarz","13":"first","14":"instock","15":"sale","16":"taxable","17":"shipping-taxable","18":"purchasable","19":"product-type-variable","20":"add-to-wishlist-before_image"},"exclude_global_add_ons":[],"addons":[],"acf":[],"_links":{"self":[{"href":"https:\/\/shop.kustom.ch\/fr\/wp-json\/wp\/v2\/product\/664656"}],"collection":[{"href":"https:\/\/shop.kustom.ch\/fr\/wp-json\/wp\/v2\/product"}],"about":[{"href":"https:\/\/shop.kustom.ch\/fr\/wp-json\/wp\/v2\/types\/product"}],"wp:featuredmedia":[{"embeddable":true,"href":"https:\/\/shop.kustom.ch\/fr\/wp-json\/wp\/v2\/media\/664683"}],"wp:attachment":[{"href":"https:\/\/shop.kustom.ch\/fr\/wp-json\/wp\/v2\/media?parent=664656"}],"wp:term":[{"taxonomy":"product_brand","embeddable":true,"href":"https:\/\/shop.kustom.ch\/fr\/wp-json\/wp\/v2\/product_brand?post=664656"},{"taxonomy":"product_cat","embeddable":true,"href":"https:\/\/shop.kustom.ch\/fr\/wp-json\/wp\/v2\/product_cat?post=664656"},{"taxonomy":"product_tag","embeddable":true,"href":"https:\/\/shop.kustom.ch\/fr\/wp-json\/wp\/v2\/product_tag?post=664656"}],"curies":[{"name":"wp","href":"https:\/\/api.w.org\/{rel}","templated":true}]}}