{"id":664608,"date":"2025-04-29T19:17:05","date_gmt":"2025-04-29T18:17:05","guid":{"rendered":"https:\/\/shop.kustom.ch\/?post_type=product&#038;p=664608"},"modified":"2026-03-31T08:46:59","modified_gmt":"2026-03-31T07:46:59","slug":"handschuh-touch-nitril-getaucht","status":"publish","type":"product","link":"https:\/\/shop.kustom.ch\/fr\/produit\/handschuh-touch-nitril-getaucht\/","title":{"rendered":"Gant Touch Nitrile tremp\u00e9"},"content":{"rendered":"<p>Un gant polyvalent fin et flexible qui est antistatique et conforme \u00e0 la r\u00e9glementation ESD, ce qui le rend appropri\u00e9 dans les environnements o\u00f9 le risque d'\u00e9lectricit\u00e9 statique doit \u00eatre \u00e9limin\u00e9. Le gant avec fonction tactile dispose d'une enduction en nitrile qui offre une bonne adh\u00e9rence et une grande durabilit\u00e9. Certifi\u00e9 pour la chaleur de contact niveau 1.<\/p>\n<p>FONCTIONNALIT\u00c9 : Sans chrome. ESD . Fonction tactile sur les doigts, le pouce et la paume . MAIN : Paume recouverte de nitrile. CONDITIONNEMENT : 12. prix\/paire, vendu par paquet de 12 paires. 144 paires\/carton. DOMAINES D'APPLICATION : Environnements huileux. Environnements sales. Travail tout-terrain. Travail de montage. Travaux de pr\u00e9cision. DISPLAY : Code couleur sur le brassard. Crochets en plastique. MAT\u00c9RIAU INT\u00c9RIEUR : Polyamide\/carbone\/\u00e9lasthanne 18 Gauge. REV\u00caTEMENT : Un rev\u00eatement microporeux qui laisse respirer la main. Surface en micro-mousse. Paume de la main recouverte. En nitrile. USP : Design fin et confortable. Approbation de l'ESD. Exempt de chrome. Id\u00e9al pour les environnements huileux. Id\u00e9al pour les environnements sales. Structure de pr\u00e9hension en micro-mousse. Rev\u00eatement en nitrile. Gant de pr\u00e9cision. Fonction tactile au niveau de la paume. Non doubl\u00e9. CERTIFICATION : EN 388 (4121X). EN 407 X1XXXX. EPI cat 2<\/p>\n<p>Micro-mousse de nitrile, 18 Gauge, ESD, Touch<\/p>","protected":false},"excerpt":{"rendered":"<p>Ein d\u00fcnner und flexibler Allround-Handschuh, der antistatisch ist und die ESD-Bestimmungen erf\u00fcllt, wodurch er in Umgebungen geeignet ist, in denen das Risiko von statischer Elektrizit\u00e4t eliminiert werden muss. Der Handschuh mit Touch-Funktion verf\u00fcgt \u00fcber eine Nitrilbeschichtung, die guten Halt und Langlebigkeit bietet. Zertifiziert f\u00fcr Kontaktw\u00e4rme Level 1. FUNKTIONALIT\u00c4T: Chrom frei. ESD. Touch-Funktion an Fingern, Daumen [&hellip;]<\/p>\n","protected":false},"featured_media":664647,"template":"","meta":[],"product_brand":[],"product_cat":[4180],"product_tag":[],"class_list":{"0":"post-664608","1":"product","2":"type-product","3":"status-publish","4":"has-post-thumbnail","6":"product_cat-handschuhe","7":"pa_brand-blaklaeder","8":"pa_brand-type-workwear","9":"pa_filter-color-blau","11":"first","12":"instock","13":"sale","14":"taxable","15":"shipping-taxable","16":"purchasable","17":"product-type-variable","18":"add-to-wishlist-before_image"},"exclude_global_add_ons":[],"addons":[],"acf":[],"_links":{"self":[{"href":"https:\/\/shop.kustom.ch\/fr\/wp-json\/wp\/v2\/product\/664608"}],"collection":[{"href":"https:\/\/shop.kustom.ch\/fr\/wp-json\/wp\/v2\/product"}],"about":[{"href":"https:\/\/shop.kustom.ch\/fr\/wp-json\/wp\/v2\/types\/product"}],"wp:featuredmedia":[{"embeddable":true,"href":"https:\/\/shop.kustom.ch\/fr\/wp-json\/wp\/v2\/media\/664647"}],"wp:attachment":[{"href":"https:\/\/shop.kustom.ch\/fr\/wp-json\/wp\/v2\/media?parent=664608"}],"wp:term":[{"taxonomy":"product_brand","embeddable":true,"href":"https:\/\/shop.kustom.ch\/fr\/wp-json\/wp\/v2\/product_brand?post=664608"},{"taxonomy":"product_cat","embeddable":true,"href":"https:\/\/shop.kustom.ch\/fr\/wp-json\/wp\/v2\/product_cat?post=664608"},{"taxonomy":"product_tag","embeddable":true,"href":"https:\/\/shop.kustom.ch\/fr\/wp-json\/wp\/v2\/product_tag?post=664608"}],"curies":[{"name":"wp","href":"https:\/\/api.w.org\/{rel}","templated":true}]}}