{"id":664607,"date":"2025-04-29T19:17:05","date_gmt":"2025-04-29T18:17:05","guid":{"rendered":"https:\/\/shop.kustom.ch\/?post_type=product&#038;p=664607"},"modified":"2026-03-31T08:46:46","modified_gmt":"2026-03-31T07:46:46","slug":"praezisionshandschuh-touch-pu-getaucht","status":"publish","type":"product","link":"https:\/\/shop.kustom.ch\/fr\/produit\/praezisionshandschuh-touch-pu-getaucht\/","title":{"rendered":"Gant de pr\u00e9cision Touch PU tremp\u00e9"},"content":{"rendered":"<p>Gant super fin et flexible avec une excellente respirabilit\u00e9. Parfait dans les environnements qui exigent de la finesse et une dext\u00e9rit\u00e9 maximale. Le gant dispose d'une fonction tactile et d'une fine couche de PU qui offre une pr\u00e9cision sup\u00e9rieure et une bonne adh\u00e9rence.<\/p>\n<p>FONCTIONNALIT\u00c9 : Chrome libre. Fonction tactile sur les doigts, le pouce et la paume . CONDITIONNEMENT : 12. prix\/paire, vendu par paquet de 12 paires. 216 paires\/carton. DOMAINES D'APPLICATION : Environnements sales. Travaux de pr\u00e9cision. DISPLAY : Code couleur sur le brassard. Crochets en plastique. MAT\u00c9RIAU INT\u00c9RIEUR : 18 gauge. REV\u00caTEMENT : Surface douce. Paume de la main recouverte. PU. USP : design fin et confortable. Exempt de chrome. Surface de pr\u00e9hension lisse. Id\u00e9al pour les environnements sales. Gant de pr\u00e9cision. Rev\u00eatement en PU. Tr\u00e8s bonne dext\u00e9rit\u00e9. Fonction tactile au niveau de la paume. Non doubl\u00e9. CERTIFICATION : EN 388 (3121X). EPI cat 2<\/p>\n<p>PU, 18 Gauge, tactile<\/p>","protected":false},"excerpt":{"rendered":"<p>Superd\u00fcnner und flexibler Handschuh mit ausgezeichneter Atmungsaktivit\u00e4t. Perfekt in Umgebungen, die Feinheit und h\u00f6chste Fingerfertigkeit erfordern. Der Handschuh verf\u00fcgt \u00fcber eine Touch-Funktion und eine d\u00fcnne PU-Beschichtung, die eine \u00fcberragende Pr\u00e4zision und guten Halt bietet. FUNKTIONALIT\u00c4T: Chrom frei. Touch-Funktion an Fingern, Daumen und Handfl\u00e4che . VERPACKUNG: 12. Preis\/Paar, verkauft im B\u00fcndel mit 12 Paar. 216 Paar\/Karton. [&hellip;]<\/p>\n","protected":false},"featured_media":664640,"template":"","meta":[],"product_brand":[],"product_cat":[4180],"product_tag":[],"class_list":{"0":"post-664607","1":"product","2":"type-product","3":"status-publish","4":"has-post-thumbnail","6":"product_cat-handschuhe","7":"pa_brand-blaklaeder","8":"pa_brand-type-workwear","9":"pa_filter-color-blau","11":"first","12":"instock","13":"sale","14":"taxable","15":"shipping-taxable","16":"purchasable","17":"product-type-variable","18":"add-to-wishlist-before_image"},"exclude_global_add_ons":[],"addons":[],"acf":[],"_links":{"self":[{"href":"https:\/\/shop.kustom.ch\/fr\/wp-json\/wp\/v2\/product\/664607"}],"collection":[{"href":"https:\/\/shop.kustom.ch\/fr\/wp-json\/wp\/v2\/product"}],"about":[{"href":"https:\/\/shop.kustom.ch\/fr\/wp-json\/wp\/v2\/types\/product"}],"wp:featuredmedia":[{"embeddable":true,"href":"https:\/\/shop.kustom.ch\/fr\/wp-json\/wp\/v2\/media\/664640"}],"wp:attachment":[{"href":"https:\/\/shop.kustom.ch\/fr\/wp-json\/wp\/v2\/media?parent=664607"}],"wp:term":[{"taxonomy":"product_brand","embeddable":true,"href":"https:\/\/shop.kustom.ch\/fr\/wp-json\/wp\/v2\/product_brand?post=664607"},{"taxonomy":"product_cat","embeddable":true,"href":"https:\/\/shop.kustom.ch\/fr\/wp-json\/wp\/v2\/product_cat?post=664607"},{"taxonomy":"product_tag","embeddable":true,"href":"https:\/\/shop.kustom.ch\/fr\/wp-json\/wp\/v2\/product_tag?post=664607"}],"curies":[{"name":"wp","href":"https:\/\/api.w.org\/{rel}","templated":true}]}}