{"id":664482,"date":"2025-04-29T19:16:16","date_gmt":"2025-04-29T18:16:16","guid":{"rendered":"https:\/\/shop.kustom.ch\/?post_type=product&#038;p=664482"},"modified":"2026-03-31T08:43:16","modified_gmt":"2026-03-31T07:43:16","slug":"storm-winterstiefel","status":"publish","type":"product","link":"https:\/\/shop.kustom.ch\/fr\/produit\/storm-winterstiefel\/","title":{"rendered":"STORM Bottes d'hiver"},"content":{"rendered":"<p>Une botte d'hiver en cuir de haute qualit\u00e9 avec une membrane qui la rend imperm\u00e9able. La doublure chaude en laine\/polyester et l'isolation Thinsulate\u2122 offrent un excellent confort m\u00eame lors des froides journ\u00e9es d'hiver. La chaussure est dot\u00e9e d'un embout de protection composite et d'une semelle interm\u00e9diaire antiperforation souple et flexible qui r\u00e9siste aux rigueurs des clous de 3 mm. La semelle ext\u00e9rieure adh\u00e9rente en caoutchouc nitrile a \u00e9t\u00e9 con\u00e7ue pour offrir une bonne adh\u00e9rence m\u00eame sur la neige et la glace. La semelle int\u00e9rieure anatomique est fabriqu\u00e9e en mat\u00e9riau PU souple et est dot\u00e9e d'une doublure chaude pour un confort optimal. Le syst\u00e8me Freelock facilite l'enfilage et le retrait de la chaussure. Convient parfaitement aux travaux en plein air dans les domaines de la construction, du transport, de l'entretien, de la r\u00e9paration et de l'exploitation. Forme pour femmes dans les pointures 35-39.<\/p>\n<p>FONCTIONNALIT\u00c9 : Propri\u00e9t\u00e9s antistatiques. Semelle int\u00e9rieure respirante. Renforcement du talon. Syst\u00e8me freelock. Bord de tige rembourr\u00e9. Semelle ext\u00e9rieure r\u00e9sistante \u00e0 la chaleur. Semelle ext\u00e9rieure ol\u00e9ophobe. D\u00e9tails r\u00e9fl\u00e9chissants. Imperm\u00e9able \u00e0 l'eau. Renforcement des orteils. Dessus : Cuir trait\u00e9 \u00e0 l'huile. FORME DU COUPLE : Extra large. MAT\u00c9RIAU DE PROTECTION : Textile PS. DOUBLURE : Polyester. Laine\/polyester. MAT\u00c9RIAU DE LA SEMELLE INT\u00c9RIEURE : textile, PU souple. TISSU : Unisexe. marron. noir. imperm\u00e9able. SYMBOLES : Isolation \u00e0 froid. Freelock (fermeture libre). R\u00e9sistant au carburant. HRO 300. prise d'\u00e9chelle. Nailpen textile PS. Abrasion du capuchon. R\u00e9sistance au glissement. Capuchon en composite. R\u00e9sistant \u00e0 l'eau. Large charge de travail. En laine. USP : Semelle int\u00e9rieure anatomique en PU souple. Propri\u00e9t\u00e9s antistatiques. Semelle int\u00e9rieure respirante. Forme extra large. Solution freelock. Doublure en laine\/polyester et isolation en Thinsulate\u2122. Semelle ext\u00e9rieure r\u00e9sistante \u00e0 la chaleur. Enti\u00e8rement \u00e9tanche \u00e0 l'eau. Semelle ext\u00e9rieure r\u00e9sistante aux huiles. D\u00e9tails r\u00e9fl\u00e9chissants. Protection anti-perforation textile en PS standard. Embout de protection composite. MAT\u00c9RIAU DE PROTECTION DES DOIGTS : Composite. CERTIFICATION : EN ISO 20345:2022 S7S FO SR HRO CI SC LG<\/p>","protected":false},"excerpt":{"rendered":"<p>Ein Winterstiefel aus hochwertigem Leder mit einer Membran, die ihn wasserdicht macht. Das Warmfutter aus Wolle\/Polyester und Thinsulate\u2122-Isolierung bietet auch an kalten Wintertagen hervorragenden Komfort. Der Schuh hat eine Komposit-Zehenschutzkappe und eine weiche, flexible, durchtrittsichere Zwischensohle, die den harten Anforderungen von 3 mm-N\u00e4geln standh\u00e4lt. Die griffige Laufsohle aus Nitrilgummi wurde entwickelt, um auch auf Schnee [&hellip;]<\/p>\n","protected":false},"featured_media":664496,"template":"","meta":[],"product_brand":[],"product_cat":[4197,4209],"product_tag":[],"class_list":{"0":"post-664482","1":"product","2":"type-product","3":"status-publish","4":"has-post-thumbnail","6":"product_cat-schuhe-sandalen","7":"product_cat-zubehoer","8":"pa_brand-blaklaeder","9":"pa_brand-type-workwear","10":"pa_filter-color-braun","11":"pa_filter-color-schwarz","13":"first","14":"instock","15":"sale","16":"taxable","17":"shipping-taxable","18":"purchasable","19":"product-type-variable","20":"add-to-wishlist-before_image"},"exclude_global_add_ons":[],"addons":[],"acf":[],"_links":{"self":[{"href":"https:\/\/shop.kustom.ch\/fr\/wp-json\/wp\/v2\/product\/664482"}],"collection":[{"href":"https:\/\/shop.kustom.ch\/fr\/wp-json\/wp\/v2\/product"}],"about":[{"href":"https:\/\/shop.kustom.ch\/fr\/wp-json\/wp\/v2\/types\/product"}],"wp:featuredmedia":[{"embeddable":true,"href":"https:\/\/shop.kustom.ch\/fr\/wp-json\/wp\/v2\/media\/664496"}],"wp:attachment":[{"href":"https:\/\/shop.kustom.ch\/fr\/wp-json\/wp\/v2\/media?parent=664482"}],"wp:term":[{"taxonomy":"product_brand","embeddable":true,"href":"https:\/\/shop.kustom.ch\/fr\/wp-json\/wp\/v2\/product_brand?post=664482"},{"taxonomy":"product_cat","embeddable":true,"href":"https:\/\/shop.kustom.ch\/fr\/wp-json\/wp\/v2\/product_cat?post=664482"},{"taxonomy":"product_tag","embeddable":true,"href":"https:\/\/shop.kustom.ch\/fr\/wp-json\/wp\/v2\/product_tag?post=664482"}],"curies":[{"name":"wp","href":"https:\/\/api.w.org\/{rel}","templated":true}]}}