{"id":664426,"date":"2025-04-29T19:15:47","date_gmt":"2025-04-29T18:15:47","guid":{"rendered":"https:\/\/shop.kustom.ch\/?post_type=product&#038;p=664426"},"modified":"2026-03-31T09:09:38","modified_gmt":"2026-03-31T08:09:38","slug":"maler-piratenhose-fuer-damen-mit-stretch","status":"publish","type":"product","link":"https:\/\/shop.kustom.ch\/fr\/produit\/maler-piratenhose-fuer-damen-mit-stretch\/","title":{"rendered":"Pantalon de pirate peintre pour femmes avec stretch"},"content":{"rendered":"<p>Pantalon de pirate confortable avec poches \u00e0 outils, poches externes pour genouill\u00e8res et empi\u00e8cements stretch \u00e0 des endroits soigneusement choisis comme l'entrejambe, les genoux et les fesses pour plus de mobilit\u00e9 et de confort. La forte proportion de coton conf\u00e8re au tissu une grande capacit\u00e9 d'absorption. Ce pantalon de pirate \u00e0 la coupe f\u00e9minine dispose de plusieurs poches fonctionnelles ainsi que de poches \u00e0 spatules et \u00e0 clous renforc\u00e9es en CORDURA\u00ae. Disponible en mod\u00e8le homme 1912.<\/p>\n<p>FONCTIONNALIT\u00c9 : Insert stretch \u00e0 l'entrejambe, aux genoux, aux hanches et aux mollets. Jambes de pantalon de forme particuli\u00e8rement ergonomique. Taille pour femme. D\u00c9TAILS : bouton en m\u00e9tal. Fermeture \u00e0 glissi\u00e8re en plastique \u00e0 l'entrejambe. Anneau en D \u00e0 la taille. \u00c9lastique \u00e0 la taille. POSSIBILIT\u00c9S : Poche sur la jambe sp\u00e9cialement con\u00e7ue pour les spatules et les pinceaux. Poches sur les jambes avec soufflet, fermeture \u00e0 glissi\u00e8re, poche pour stylo et couteau. Poches arri\u00e8re. Poche pour t\u00e9l\u00e9phone portable \u00e0 l'int\u00e9rieur. Poches ext\u00e9rieures pour genouill\u00e8res. Poches lat\u00e9rales. Poches \u00e0 outils \u00e0 l'avant. RENFORCEMENT : Poches de genouill\u00e8res renforc\u00e9es par du CORDURA\u00ae stretch. Poches \u00e0 outils et poche m\u00e8tre renforc\u00e9es en CORDURA\u00ae. INSTRUCTIONS DE LAVAGE : 40\u00b0 C. Repassage - bas. Ne pas blanchir. Ne pas nettoyer \u00e0 sec. Ne pas essorer. CARACT\u00c9RISTIQUES PRINCIPALES : Peintre. Femmes . Disponible pour femmes et hommes. EN 14004. TISSU : Femmes. Disponible pour dames et hommes. noir. blanc. Poches pour genouill\u00e8res. Insert en stretch. Poches \u00e0 outils. Peintre. Tissu extensible. USP : poches \u00e0 outils renforc\u00e9es en CORDURA\u00ae. Poches genouill\u00e8res en CORDURA\u00ae stretch renforc\u00e9. Empi\u00e8cements en stretch. Jambes pr\u00e9form\u00e9es. CERTIFICATION : EN 14404:2004+A1:2010 avec genouill\u00e8res 4027 et 4057.<\/p>\n<p>100% Coton, toile, 270 g\/m<\/p>","protected":false},"excerpt":{"rendered":"<p>Bequeme Piratenhose mit Werkzeugtaschen, externen Kniepolstertaschen und Stretcheins\u00e4tzen an sorgf\u00e4ltig ausgew\u00e4hlten Stellen wie Schritt, Knie und Ges\u00e4ss f\u00fcr mehr Beweglichkeit und Komfort. Der hohe Baumwollanteil verleiht dem Stoff eine hohe Saugf\u00e4higkeit. Diese Piratenhose in Damenpassform verf\u00fcgt \u00fcber mehrere funktionelle Taschen sowie CORDURA\u00ae-verst\u00e4rkte Spachtel- und Nageltaschen. Erh\u00e4ltlich als Herrenmodell 1912. FUNKTIONALIT\u00c4T: Stretch-Einsatz im Schritt, an den [&hellip;]<\/p>\n","protected":false},"featured_media":664446,"template":"","meta":[],"product_brand":[],"product_cat":[4198],"product_tag":[],"class_list":{"0":"post-664426","1":"product","2":"type-product","3":"status-publish","4":"has-post-thumbnail","6":"product_cat-shorts","7":"pa_brand-blaklaeder","8":"pa_brand-type-workwear","9":"pa_filter-color-schwarz","10":"pa_filter-color-weiss","12":"first","13":"instock","14":"sale","15":"taxable","16":"shipping-taxable","17":"purchasable","18":"product-type-variable","19":"add-to-wishlist-before_image"},"exclude_global_add_ons":[],"addons":[],"acf":[],"_links":{"self":[{"href":"https:\/\/shop.kustom.ch\/fr\/wp-json\/wp\/v2\/product\/664426"}],"collection":[{"href":"https:\/\/shop.kustom.ch\/fr\/wp-json\/wp\/v2\/product"}],"about":[{"href":"https:\/\/shop.kustom.ch\/fr\/wp-json\/wp\/v2\/types\/product"}],"wp:featuredmedia":[{"embeddable":true,"href":"https:\/\/shop.kustom.ch\/fr\/wp-json\/wp\/v2\/media\/664446"}],"wp:attachment":[{"href":"https:\/\/shop.kustom.ch\/fr\/wp-json\/wp\/v2\/media?parent=664426"}],"wp:term":[{"taxonomy":"product_brand","embeddable":true,"href":"https:\/\/shop.kustom.ch\/fr\/wp-json\/wp\/v2\/product_brand?post=664426"},{"taxonomy":"product_cat","embeddable":true,"href":"https:\/\/shop.kustom.ch\/fr\/wp-json\/wp\/v2\/product_cat?post=664426"},{"taxonomy":"product_tag","embeddable":true,"href":"https:\/\/shop.kustom.ch\/fr\/wp-json\/wp\/v2\/product_tag?post=664426"}],"curies":[{"name":"wp","href":"https:\/\/api.w.org\/{rel}","templated":true}]}}