{"id":664251,"date":"2025-04-29T19:14:36","date_gmt":"2025-04-29T18:14:36","guid":{"rendered":"https:\/\/shop.kustom.ch\/?post_type=product&#038;p=664251"},"modified":"2026-03-31T09:09:01","modified_gmt":"2026-03-31T08:09:01","slug":"damenhose-high-vis-4-wege-stretch","status":"publish","type":"product","link":"https:\/\/shop.kustom.ch\/fr\/produit\/damenhose-high-vis-4-wege-stretch\/","title":{"rendered":"Pantalon femme haute visibilit\u00e9 4-way stretch"},"content":{"rendered":"<p>Le pantalon haute visibilit\u00e9 pour femmes est enti\u00e8rement fabriqu\u00e9 dans un tissu extensible 4 directions incroyablement doux et flexible, qui offre un confort ultime et vous rend visible lorsque vous en avez le plus besoin. Le pantalon est dot\u00e9 de r\u00e9flecteurs segment\u00e9s, d'une taille haute et r\u00e9glable avec fermeture velcro, de poches \u00e0 clous amovibles, de zones sombres aux endroits expos\u00e9s aux salissures et d'une ventilation aux genoux et \u00e0 la taille. Les poches genouill\u00e8res en CORDURA\u00ae stretch offrent protection et confort lors de l'agenouillement. \u00c9galement disponible en mod\u00e8le homme 1122.<\/p>\n<p>FONCTIONNALIT\u00c9 : Stretch 4 directions. A\u00e9ration \u00e0 l'arri\u00e8re du genou. A\u00e9ration au niveau de l'empi\u00e8cement. Jambes de pantalon particuli\u00e8rement ergonomiques. Taille pour femmes. D\u00c9TAILS : Poche pour carte d'identit\u00e9 amovible. Anneau en D. Boucle marteau sur le c\u00f4t\u00e9. Boutons en m\u00e9tal. Porte-couteau avec bouton. Couture d'entrejambe double. Fermeture \u00e9clair en plastique \u00e0 l'entrejambe. Large passant \u00e0 l'arri\u00e8re. Anneau en D \u00e0 la taille. Taille haute \u00e0 l'arri\u00e8re. Taille r\u00e9glable. POCHES : Poche sur la jambe avec soufflet et rabat avec fermeture velcro et poche int\u00e9rieure pour t\u00e9l\u00e9phone portable en mesh. Poches arri\u00e8re renforc\u00e9es par un soufflet. Poches rembourr\u00e9es aux genoux. Poches lat\u00e9rales. Poches \u00e0 outils - amovibles et extra larges, avec boucles \u00e0 outils et compartiments \u00e0 outils suppl\u00e9mentaires. Poche m\u00e8tre renforc\u00e9e avec porte couteau et poche stylo. RENFORCEMENT : Poches de genouill\u00e8res renforc\u00e9es par du CORDURA\u00ae stretch. Poches \u00e0 outils, poches arri\u00e8re et poche m\u00e8tre renforc\u00e9es en CORDURA\u00ae. REFLEX : mat\u00e9riau r\u00e9fl\u00e9chissant autour des jambes. INSTRUCTIONS DE LAVAGE : Nombre de lavages : 50. 60\u00b0 C. Ne pas blanchir. Ne pas repasser. Ne pas nettoyer \u00e0 sec. S\u00e8che-linge - bas. TRAVAUX PRINCIPAUX : Bricoleurs. Travailleurs de la route et du b\u00e2timent. EN 14004. EN ISO 20471. TISSU : Femmes. bleu. Jaune haute visibilit\u00e9. Poches pour genouill\u00e8res. Tissu extensible. Poches \u00e0 outils. \u00c9lastique pour la protection. Protection haute visibilit\u00e9. USP : stretch 4 directions. Poches \u00e0 outils amovibles. Inserts en mesh respirant. Poches \u00e0 outils renforc\u00e9es en CORDURA\u00ae. Poches pour genouill\u00e8res en CORDURA\u00ae stretch renforc\u00e9. Bandes r\u00e9fl\u00e9chissantes segment\u00e9es. Jambes pr\u00e9form\u00e9es. CERTIFICATION : EN 14404:2004+A1:2010 avec genouill\u00e8res 4027, 4057, 4058 et 4032. EN ISO 20471, classe 2. Groupe de certification Y.<\/p>\n<p>100% Polyester, double tissage, stretch 4 directions, 260 g\/m<\/p>","protected":false},"excerpt":{"rendered":"<p>Die Warnschutzhose f\u00fcr Frauen ist komplett aus unglaublich weichem und flexiblem 4-Wege-Stretchmaterial gefertigt, das f\u00fcr ultimativen Komfort sorgt und Sie sichtbar macht, wenn es am n\u00f6tigsten ist. Die Hose hat segmentierte Reflektoren, einen hohen und verstellbaren Bund mit Klettverschluss, abnehmbare Nageltaschen, dunkle Bereiche an schmutzanf\u00e4lligen Stellen und eine Bel\u00fcftung an den Knien und der Passe. [&hellip;]<\/p>\n","protected":false},"featured_media":664299,"template":"","meta":[],"product_brand":[],"product_cat":[4185],"product_tag":[],"class_list":{"0":"post-664251","1":"product","2":"type-product","3":"status-publish","4":"has-post-thumbnail","6":"product_cat-hosen","7":"pa_brand-blaklaeder","8":"pa_brand-type-workwear","9":"pa_filter-color-blau","10":"pa_filter-color-gelb","11":"pa_filter-color-orange","12":"pa_filter-color-rot","13":"pa_filter-color-schwarz","15":"first","16":"instock","17":"sale","18":"taxable","19":"shipping-taxable","20":"purchasable","21":"product-type-variable","22":"add-to-wishlist-before_image"},"exclude_global_add_ons":[],"addons":[],"acf":[],"_links":{"self":[{"href":"https:\/\/shop.kustom.ch\/fr\/wp-json\/wp\/v2\/product\/664251"}],"collection":[{"href":"https:\/\/shop.kustom.ch\/fr\/wp-json\/wp\/v2\/product"}],"about":[{"href":"https:\/\/shop.kustom.ch\/fr\/wp-json\/wp\/v2\/types\/product"}],"wp:featuredmedia":[{"embeddable":true,"href":"https:\/\/shop.kustom.ch\/fr\/wp-json\/wp\/v2\/media\/664299"}],"wp:attachment":[{"href":"https:\/\/shop.kustom.ch\/fr\/wp-json\/wp\/v2\/media?parent=664251"}],"wp:term":[{"taxonomy":"product_brand","embeddable":true,"href":"https:\/\/shop.kustom.ch\/fr\/wp-json\/wp\/v2\/product_brand?post=664251"},{"taxonomy":"product_cat","embeddable":true,"href":"https:\/\/shop.kustom.ch\/fr\/wp-json\/wp\/v2\/product_cat?post=664251"},{"taxonomy":"product_tag","embeddable":true,"href":"https:\/\/shop.kustom.ch\/fr\/wp-json\/wp\/v2\/product_tag?post=664251"}],"curies":[{"name":"wp","href":"https:\/\/api.w.org\/{rel}","templated":true}]}}