{"id":664167,"date":"2025-04-29T19:13:38","date_gmt":"2025-04-29T18:13:38","guid":{"rendered":"https:\/\/shop.kustom.ch\/?post_type=product&#038;p=664167"},"modified":"2026-03-31T08:54:45","modified_gmt":"2026-03-31T07:54:45","slug":"damen-sweatshirt-high-vis-mit-reissverschluss","status":"publish","type":"product","link":"https:\/\/shop.kustom.ch\/fr\/produit\/damen-sweatshirt-high-vis-mit-reissverschluss\/","title":{"rendered":"Sweat-shirt femme High Vis avec fermeture \u00e9clair"},"content":{"rendered":"<p>Sweat-shirt de forme f\u00e9minine avec poche kangourou et fermeture \u00e9clair sur le devant. Le sweat-shirt est bicolore avec des sections fonc\u00e9es aux endroits les plus expos\u00e9s aux salissures. \u00c9galement disponible en mod\u00e8le homme 3558.<\/p>\n<p>FONCTIONNALIT\u00c9 : Champs de couleur fonc\u00e9e dans les zones expos\u00e9es \u00e0 la salet\u00e9. Taille pour les femmes. D\u00c9TAILS : Anneau en D. Col haut. Bonnes surfaces pour les finitions. POCHES : Poche kangourou, poche pour t\u00e9l\u00e9phone portable \u00e0 l'int\u00e9rieur avec fermeture \u00e9clair. FERMETURE FRONTALE : Fermeture \u00e0 glissi\u00e8re robuste en m\u00e9tal. REFLEX : Bandes r\u00e9fl\u00e9chissantes de transfert de 50 mm de large. Mat\u00e9riau r\u00e9fl\u00e9chissant sur le torse, les manches et les \u00e9paules. FERMETURE : Finition des manches avec poignets. Ceinture \u00e0 c\u00f4tes. INSTRUCTIONS DE LAVAGE : Nombre de lavages : 25. 60\u00b0 C. Ne pas blanchir. Ne pas repasser. Ne pas nettoyer \u00e0 sec. S\u00e8che-linge - bas. ACTIVIT\u00c9S PRINCIPALES : Conducteur. Travailleurs manuels. Travailleurs de la route et de la construction. Femmes . EN ISO 20471. RIS-3279-TOM . TISSU : Femme. bleu. Jaune haute visibilit\u00e9. Rouge haute visibilit\u00e9. noir. Haute visibilit\u00e9 . CERTIFICATION : EN ISO 20471, XS-S classe 1, M -&gt; classe 2 . Les v\u00eatements de classe 2 et 3 en orange sont conformes \u00e0 la norme RIS-3279-TOM Issue 2. Groupe de certification E-&gt;S<\/p>\n<p>100% polyester, jersey, int\u00e9rieur gratt\u00e9, 270 g\/m<\/p>","protected":false},"excerpt":{"rendered":"<p>Sweatshirt in Damenpassform mit K\u00e4ngurutasche und Frontreissverschluss. Das Sweatshirt ist zweifarbig mit dunklen Abschnitten an schmutzanf\u00e4lligen Stellen. Auch als Herrenmodell 3558 erh\u00e4ltlich. FUNKTIONALIT\u00c4T: Dunkle Farbfelder in Schmutz ausgesetzten Bereichen. Damengr\u00f6sse. DETAILS: D-Ring. Hoher Kragen. Gute Oberfl\u00e4chen f\u00fcr Veredelung. TASCHEN: K\u00e4ngurutasche, Handytasche innen mit Reissverschluss. FRONTVERSCHLUSS: Robuster Reissverschluss aus Metall. REFLEX: 50 mm breite Transferreflexstreifen. Reflexmaterial [&hellip;]<\/p>\n","protected":false},"featured_media":664222,"template":"","meta":[],"product_brand":[],"product_cat":[4184],"product_tag":[],"class_list":{"0":"post-664167","1":"product","2":"type-product","3":"status-publish","4":"has-post-thumbnail","6":"product_cat-hoodies-pullover","7":"pa_brand-blaklaeder","8":"pa_brand-type-workwear","9":"pa_filter-color-blau","10":"pa_filter-color-gelb","11":"pa_filter-color-orange","12":"pa_filter-color-rot","13":"pa_filter-color-schwarz","15":"first","16":"instock","17":"sale","18":"taxable","19":"shipping-taxable","20":"purchasable","21":"product-type-variable","22":"add-to-wishlist-before_image"},"exclude_global_add_ons":[],"addons":[],"acf":[],"_links":{"self":[{"href":"https:\/\/shop.kustom.ch\/fr\/wp-json\/wp\/v2\/product\/664167"}],"collection":[{"href":"https:\/\/shop.kustom.ch\/fr\/wp-json\/wp\/v2\/product"}],"about":[{"href":"https:\/\/shop.kustom.ch\/fr\/wp-json\/wp\/v2\/types\/product"}],"wp:featuredmedia":[{"embeddable":true,"href":"https:\/\/shop.kustom.ch\/fr\/wp-json\/wp\/v2\/media\/664222"}],"wp:attachment":[{"href":"https:\/\/shop.kustom.ch\/fr\/wp-json\/wp\/v2\/media?parent=664167"}],"wp:term":[{"taxonomy":"product_brand","embeddable":true,"href":"https:\/\/shop.kustom.ch\/fr\/wp-json\/wp\/v2\/product_brand?post=664167"},{"taxonomy":"product_cat","embeddable":true,"href":"https:\/\/shop.kustom.ch\/fr\/wp-json\/wp\/v2\/product_cat?post=664167"},{"taxonomy":"product_tag","embeddable":true,"href":"https:\/\/shop.kustom.ch\/fr\/wp-json\/wp\/v2\/product_tag?post=664167"}],"curies":[{"name":"wp","href":"https:\/\/api.w.org\/{rel}","templated":true}]}}