{"id":664166,"date":"2025-04-29T19:13:38","date_gmt":"2025-04-29T18:13:38","guid":{"rendered":"https:\/\/shop.kustom.ch\/?post_type=product&#038;p=664166"},"modified":"2026-03-31T08:54:07","modified_gmt":"2026-03-31T07:54:07","slug":"flammfester-kapuzenpullover","status":"publish","type":"product","link":"https:\/\/shop.kustom.ch\/fr\/produit\/flammfester-kapuzenpullover\/","title":{"rendered":"Sweat \u00e0 capuche ignifug\u00e9"},"content":{"rendered":"<p>Sweat \u00e0 capuche ignifug\u00e9 \u00e0 la mode, confortable et tr\u00e8s utile, de qualit\u00e9 inh\u00e9rente et avec des empi\u00e8cements lat\u00e9raux pour un ajustement ergonomique am\u00e9lior\u00e9. \u00c9quip\u00e9 d'une capuche protectrice avec une solution ing\u00e9nieuse sur le devant qui permet de relever le col si n\u00e9cessaire pour augmenter la protection. Le sweat \u00e0 capuche est orn\u00e9 d'une broderie qui souligne son caract\u00e8re difficilement inflammable. Poche int\u00e9rieure cach\u00e9e pour t\u00e9l\u00e9phone portable. Certifi\u00e9 selon les normes EN 1149-5, EN 61482-2, APC 1, EN ISO 11612. EBT - 13 cal\/cm\u00b2, ELIM - 12 cal\/cm\u00b2.<\/p>\n<p>FONCTIONNALIT\u00c9 : Coupe ergonomique pour une meilleure mobilit\u00e9. D\u00c9TAILS : \u00c9tiquettes de certification ext\u00e9rieures. Capuche fixe et ajustable. Broderie d\u00e9corative ignifuge. POCHES : Poche kangourou. FINITIONS : Finition des manches avec poignets. Ceinture \u00e0 c\u00f4tes. INSTRUCTIONS DE LAVAGE : 60\u00b0 C. Ne pas blanchir. Ne pas repasser. Ne pas nettoyer \u00e0 sec. Ne pas essorer. TEXTES PRINCIPAUX : \u00c9lectricien. Travailleur manuel. Personnel de service. Messieurs . EN 1149-5. EN 61482-2. EN ISO 11612. TISSU : Hommes. bleu. Protection contre les flammes. CERTIFICATION : EN 1149-5. EBT - 13 cal\/cm\u00b2. ELIM - 12 cal\/cm\u00b2. EN 61482-2, APC 1. ISO 11612 A1, B1, C2<\/p>\n<p>60% modacrylique, 39% coton, 1% fibre antistatique, tricot \u00e9ponge int\u00e9rieur bross\u00e9, ignifug\u00e9, antistatique, 280g\/m<\/p>","protected":false},"excerpt":{"rendered":"<p>Modischer, bequemer und sehr n\u00fctzlicher flammfester Kapuzenpulli in inh\u00e4renter Qualit\u00e4t und seitlichen Eins\u00e4tzen f\u00fcr verbesserte ergonomische Passform. Ausgestattet mit einer sch\u00fctzenden Kapuze mit einer raffinierten L\u00f6sung an der Vorderseite, die es erm\u00f6glicht, den Kragen bei Bedarf hochzuschlagen, um den Schutz zu erh\u00f6hen. Der Kapuzenpulli ist mit einer Stickerei versehen, die seine schwere Entflammbarkeit unterstreicht. Versteckte [&hellip;]<\/p>\n","protected":false},"featured_media":664203,"template":"","meta":[],"product_brand":[],"product_cat":[4184],"product_tag":[],"class_list":{"0":"post-664166","1":"product","2":"type-product","3":"status-publish","4":"has-post-thumbnail","6":"product_cat-hoodies-pullover","7":"pa_brand-blaklaeder","8":"pa_brand-type-workwear","9":"pa_filter-color-blau","10":"pa_filter-color-schwarz","12":"first","13":"instock","14":"sale","15":"taxable","16":"shipping-taxable","17":"purchasable","18":"product-type-variable","19":"add-to-wishlist-before_image"},"exclude_global_add_ons":[],"addons":[],"acf":[],"_links":{"self":[{"href":"https:\/\/shop.kustom.ch\/fr\/wp-json\/wp\/v2\/product\/664166"}],"collection":[{"href":"https:\/\/shop.kustom.ch\/fr\/wp-json\/wp\/v2\/product"}],"about":[{"href":"https:\/\/shop.kustom.ch\/fr\/wp-json\/wp\/v2\/types\/product"}],"wp:featuredmedia":[{"embeddable":true,"href":"https:\/\/shop.kustom.ch\/fr\/wp-json\/wp\/v2\/media\/664203"}],"wp:attachment":[{"href":"https:\/\/shop.kustom.ch\/fr\/wp-json\/wp\/v2\/media?parent=664166"}],"wp:term":[{"taxonomy":"product_brand","embeddable":true,"href":"https:\/\/shop.kustom.ch\/fr\/wp-json\/wp\/v2\/product_brand?post=664166"},{"taxonomy":"product_cat","embeddable":true,"href":"https:\/\/shop.kustom.ch\/fr\/wp-json\/wp\/v2\/product_cat?post=664166"},{"taxonomy":"product_tag","embeddable":true,"href":"https:\/\/shop.kustom.ch\/fr\/wp-json\/wp\/v2\/product_tag?post=664166"}],"curies":[{"name":"wp","href":"https:\/\/api.w.org\/{rel}","templated":true}]}}