{"id":664165,"date":"2025-04-29T19:13:38","date_gmt":"2025-04-29T18:13:38","guid":{"rendered":"https:\/\/shop.kustom.ch\/?post_type=product&#038;p=664165"},"modified":"2026-03-31T08:54:06","modified_gmt":"2026-03-31T07:54:06","slug":"flammfester-pullover","status":"publish","type":"product","link":"https:\/\/shop.kustom.ch\/fr\/produit\/flammfester-pullover\/","title":{"rendered":"Pull ignifug\u00e9"},"content":{"rendered":"<p>Pull ignifug\u00e9 \u00e0 la mode, confortable et tr\u00e8s utile, de qualit\u00e9 inh\u00e9rente, avec des parties lat\u00e9rales pour un ajustement ergonomique am\u00e9lior\u00e9. Le pull est dot\u00e9 d'une broderie indiquant clairement qu'il est difficilement inflammable, d'un col rond et d'une poche intelligemment plac\u00e9e sur le c\u00f4t\u00e9 pouvant accueillir un t\u00e9l\u00e9phone ou d'autres appareils techniques. Certifi\u00e9 selon les normes EN 1149-5, EN 61482-2, APC 1, EN ISO 11612. EBT - 13 cal\/cm\u00b2, ELIM - 12 cal\/cm\u00b2.<\/p>\n<p>FONCTIONNALIT\u00c9 : Coupe ergonomique pour une meilleure mobilit\u00e9. D\u00c9TAILS : \u00c9tiquettes de certification ext\u00e9rieures. Broderie d\u00e9corative ignifuge. PORTEFEUILLE : Poche pour t\u00e9l\u00e9phone portable sur le c\u00f4t\u00e9 droit. FINITION : Finition des manches avec poignets. Ceinture \u00e0 c\u00f4tes. INSTRUCTIONS DE LAVAGE : 60\u00b0 C. Ne pas blanchir. Ne pas repasser. Ne pas nettoyer \u00e0 sec. Ne pas essorer. TEXTES PRINCIPAUX : \u00c9lectricien. Travailleur manuel. Personnel de service. Messieurs . EN 1149-5. EN 61482-2. EN ISO 11612. TISSU : Hommes. bleu. Protection contre les flammes. CERTIFICATION : EN 1149-5. EBT - 13 cal\/cm\u00b2. ELIM - 12 cal\/cm\u00b2. EN 61482-2, APC 1. ISO 11612 A1, B1, C2<\/p>\n<p>60% modacrylique, 39% coton, 1% fibre antistatique, tricot \u00e9ponge int\u00e9rieur bross\u00e9, ignifug\u00e9, antistatique, 280g\/m<\/p>","protected":false},"excerpt":{"rendered":"<p>Modischer, bequemer und sehr n\u00fctzlicher flammfester Pullover in inh\u00e4renter Qualit\u00e4t mit Seitenteilen f\u00fcr eine verbesserte ergonomische Passform. Der Pullover ist mit einer Stickerei versehen, die deutlich macht, dass er schwer entflammbar ist, hat einen Rundhalsausschnitt und eine clever platzierte Tasche an der Seite, in der ein Telefon oder andere technische Ger\u00e4te Platz finden. Zertifiziert nach [&hellip;]<\/p>\n","protected":false},"featured_media":664181,"template":"","meta":[],"product_brand":[],"product_cat":[4184],"product_tag":[],"class_list":{"0":"post-664165","1":"product","2":"type-product","3":"status-publish","4":"has-post-thumbnail","6":"product_cat-hoodies-pullover","7":"pa_brand-blaklaeder","8":"pa_brand-type-workwear","9":"pa_filter-color-blau","10":"pa_filter-color-schwarz","12":"first","13":"instock","14":"sale","15":"taxable","16":"shipping-taxable","17":"purchasable","18":"product-type-variable","19":"add-to-wishlist-before_image"},"exclude_global_add_ons":[],"addons":[],"acf":[],"_links":{"self":[{"href":"https:\/\/shop.kustom.ch\/fr\/wp-json\/wp\/v2\/product\/664165"}],"collection":[{"href":"https:\/\/shop.kustom.ch\/fr\/wp-json\/wp\/v2\/product"}],"about":[{"href":"https:\/\/shop.kustom.ch\/fr\/wp-json\/wp\/v2\/types\/product"}],"wp:featuredmedia":[{"embeddable":true,"href":"https:\/\/shop.kustom.ch\/fr\/wp-json\/wp\/v2\/media\/664181"}],"wp:attachment":[{"href":"https:\/\/shop.kustom.ch\/fr\/wp-json\/wp\/v2\/media?parent=664165"}],"wp:term":[{"taxonomy":"product_brand","embeddable":true,"href":"https:\/\/shop.kustom.ch\/fr\/wp-json\/wp\/v2\/product_brand?post=664165"},{"taxonomy":"product_cat","embeddable":true,"href":"https:\/\/shop.kustom.ch\/fr\/wp-json\/wp\/v2\/product_cat?post=664165"},{"taxonomy":"product_tag","embeddable":true,"href":"https:\/\/shop.kustom.ch\/fr\/wp-json\/wp\/v2\/product_tag?post=664165"}],"curies":[{"name":"wp","href":"https:\/\/api.w.org\/{rel}","templated":true}]}}