{"id":664151,"date":"2025-04-29T19:13:14","date_gmt":"2025-04-29T18:13:14","guid":{"rendered":"https:\/\/shop.kustom.ch\/?post_type=product&#038;p=664151"},"modified":"2026-03-31T08:53:59","modified_gmt":"2026-03-31T07:53:59","slug":"damen-multinorm-sweatshirt-high-vis-mit-reissverschluss-2","status":"publish","type":"product","link":"https:\/\/shop.kustom.ch\/fr\/produit\/damen-multinorm-sweatshirt-high-vis-mit-reissverschluss-2\/","title":{"rendered":"Sweat-shirt femme multi-normes haute visibilit\u00e9 avec fermeture \u00e9clair"},"content":{"rendered":"<p>Sweat-shirt haute visibilit\u00e9 polyvalent et certifi\u00e9 pour la s\u00e9curit\u00e9. Ce sweat-shirt pour femmes, difficilement inflammable et sans m\u00e9tal, est class\u00e9 1 et dispose d'une s\u00e9rie de propri\u00e9t\u00e9s fonctionnelles. L'un des avantages est qu'il peut \u00eatre utilis\u00e9 \u00e0 la fois comme sweat-shirt et comme veste. Le sweat-shirt est \u00e9quip\u00e9 de transferts r\u00e9fl\u00e9chissants segment\u00e9s qui augmentent la visibilit\u00e9 et la s\u00e9curit\u00e9. En outre, il dispose d'une fermeture \u00e0 glissi\u00e8re pratique et couverte sur le devant et d'empi\u00e8cements lat\u00e9raux qui lui conf\u00e8rent une coupe ergonomique. Le sweat-shirt est fabriqu\u00e9 dans un mat\u00e9riau attrayant de haute qualit\u00e9 et offre une excellente protection. Le sweat-shirt est dot\u00e9 de deux poches avant avec fermetures \u00e0 glissi\u00e8re pour un rangement pratique et d'un col haut qui offre une protection suppl\u00e9mentaire lorsqu'il est relev\u00e9. Certifi\u00e9 selon les normes EN 1149-5, EN 61482-2, APC 1, EN ISO 11612, EN ISO 20471, classe 1. EBT - 13 cal\/cm\u00b2, ELIM - 12 cal\/cm\u00b2.<\/p>\n<p>FONCTIONNALIT\u00c9 : Sans m\u00e9tal. Coupe ergonomique pour une meilleure mobilit\u00e9. D\u00c9TAILS : \u00c9tiquettes de certification ext\u00e9rieures. Col haut avec fermeture \u00e0 glissi\u00e8re dissimul\u00e9e. POCHES : Poches avant avec fermetures \u00e0 glissi\u00e8re. FERMETURE FRONTALE : Fermeture \u00e0 glissi\u00e8re invisible en plastique. REFLEX : Bandes r\u00e9fl\u00e9chissantes de transfert ignifuges interrompues. FERMETURE : Finition des manches avec poignets. Ceinture \u00e0 c\u00f4tes. INSTRUCTIONS DE LAVAGE : 60\u00b0 C. Ne pas blanchir. Ne pas repasser. Ne pas nettoyer \u00e0 sec. Ne pas essorer. TEXTES PRINCIPAUX : \u00c9lectricien. Travailleur manuel. Personnel de service. Femmes . Disponible pour les femmes et les hommes. EN 1149-5. EN 61482-2. EN ISO 11612. EN ISO 20471. TISSU : Femme. Disponible pour dames et hommes. bleu. Jaune haute visibilit\u00e9. Sans m\u00e9tal. Protection contre les flammes. CERTIFICATION : EN 1149-5. EBT - 13 cal\/cm\u00b2. ELIM - 12 cal\/cm\u00b2. EN 61482-2, APC 1. ISO 11612 A1, B1, C2. EN ISO 20471, classe 1. 50 cycles de lavage max. Groupe de certification D<\/p>\n<p>60% modacrylique, 39% coton, 1% fibre antistatique, tricot \u00e9ponge int\u00e9rieur bross\u00e9, ignifug\u00e9, antistatique, 280g\/m<\/p>","protected":false},"excerpt":{"rendered":"<p>Vielseitiges und sicherheitszertifiziertes Warnschutz-Sweatshirt. Dieses schwer entflammbare, metallfreie Sweatshirt f\u00fcr Damen ist mit der Klasse 1 eingestuft und verf\u00fcgt \u00fcber eine Reihe funktioneller Eigenschaften. Einer der Vorteile ist, dass es sowohl als Sweatshirt als auch als Jacke verwendet werden kann. Das Sweatshirt ist mit segmentierten reflektierenden Transfers ausgestattet, die die Sichtbarkeit und Sicherheit erh\u00f6hen. Dar\u00fcber [&hellip;]<\/p>\n","protected":false},"featured_media":664160,"template":"","meta":[],"product_brand":[],"product_cat":[4184],"product_tag":[],"class_list":{"0":"post-664151","1":"product","2":"type-product","3":"status-publish","4":"has-post-thumbnail","6":"product_cat-hoodies-pullover","7":"pa_brand-blaklaeder","8":"pa_brand-type-workwear","9":"pa_filter-color-blau","10":"pa_filter-color-gelb","12":"first","13":"instock","14":"sale","15":"taxable","16":"shipping-taxable","17":"purchasable","18":"product-type-variable","19":"add-to-wishlist-before_image"},"exclude_global_add_ons":[],"addons":[],"acf":[],"_links":{"self":[{"href":"https:\/\/shop.kustom.ch\/fr\/wp-json\/wp\/v2\/product\/664151"}],"collection":[{"href":"https:\/\/shop.kustom.ch\/fr\/wp-json\/wp\/v2\/product"}],"about":[{"href":"https:\/\/shop.kustom.ch\/fr\/wp-json\/wp\/v2\/types\/product"}],"wp:featuredmedia":[{"embeddable":true,"href":"https:\/\/shop.kustom.ch\/fr\/wp-json\/wp\/v2\/media\/664160"}],"wp:attachment":[{"href":"https:\/\/shop.kustom.ch\/fr\/wp-json\/wp\/v2\/media?parent=664151"}],"wp:term":[{"taxonomy":"product_brand","embeddable":true,"href":"https:\/\/shop.kustom.ch\/fr\/wp-json\/wp\/v2\/product_brand?post=664151"},{"taxonomy":"product_cat","embeddable":true,"href":"https:\/\/shop.kustom.ch\/fr\/wp-json\/wp\/v2\/product_cat?post=664151"},{"taxonomy":"product_tag","embeddable":true,"href":"https:\/\/shop.kustom.ch\/fr\/wp-json\/wp\/v2\/product_tag?post=664151"}],"curies":[{"name":"wp","href":"https:\/\/api.w.org\/{rel}","templated":true}]}}