{"id":663890,"date":"2025-04-29T19:10:19","date_gmt":"2025-04-29T18:10:19","guid":{"rendered":"https:\/\/shop.kustom.ch\/?post_type=product&#038;p=663890"},"modified":"2026-03-31T08:42:55","modified_gmt":"2026-03-31T07:42:55","slug":"storm-sicherheitsstiefel","status":"publish","type":"product","link":"https:\/\/shop.kustom.ch\/fr\/produit\/storm-sicherheitsstiefel\/","title":{"rendered":"STORM Bottes de s\u00e9curit\u00e9"},"content":{"rendered":"<p>Une botte de protection imperm\u00e9able et non-m\u00e9tallique, fabriqu\u00e9e \u00e0 partir d'une tige textile robuste avec des fils r\u00e9fl\u00e9chissants et un embout renforc\u00e9 en TPU. La doublure isolante Thinsulate\u2122 maintient la botte agr\u00e9ablement chaude, m\u00eame par temps froid. La botte est dot\u00e9e d'un embout de protection composite et d'une semelle intercalaire antiperforation souple et flexible, qui r\u00e9siste aux rigueurs des clous de 3 mm. La semelle ext\u00e9rieure adh\u00e9rente en caoutchouc nitrile offre \u00e9galement une excellente adh\u00e9rence sur la neige et la glace. La semelle int\u00e9rieure de forme anatomique est fabriqu\u00e9e en mat\u00e9riau PU souple et poss\u00e8de un dessus en textile qui absorbe bien l'humidit\u00e9. La membrane garde les pieds au sec, m\u00eame dans des conditions m\u00e9t\u00e9orologiques d\u00e9favorables. Parfaitement adapt\u00e9e aux travaux en plein air dans les domaines de la construction, du transport, de l'entretien, de la r\u00e9paration et de l'exploitation. Forme pour femmes dans les pointures 35-39.<\/p>\n<p>FONCTIONNALIT\u00c9 : Propri\u00e9t\u00e9s antistatiques. Semelle int\u00e9rieure respirante. Renfort au talon. Bord de tige rembourr\u00e9. Semelle ext\u00e9rieure r\u00e9sistante \u00e0 la chaleur. Sans m\u00e9tal. Semelle ext\u00e9rieure ol\u00e9ophobe. D\u00e9tails r\u00e9fl\u00e9chissants. Imperm\u00e9able \u00e0 l'eau. Renforcement des orteils. PARTIE SUP\u00c9RIEURE : Mat\u00e9riau tiss\u00e9. FORME DU COUPLE : Large. MAT\u00c9RIAU DE PROTECTION : Textile PS. DOUBLURE : Polyester. MAT\u00c9RIAU DE LA SEMELLE INT\u00c9RIEURE : textile, PU souple. TISSU : Unisexe. Jaune haute visibilit\u00e9. Noir. Sans m\u00e9tal. Imperm\u00e9able \u00e0 l'eau. SYMBOLES : Isolation \u00e0 froid. Freelock (verrouillage libre). R\u00e9sistant au carburant. HRO 300. poign\u00e9e d'\u00e9chelle. Tissu de clouage PS. Abrasion du capuchon. R\u00e9sistance au glissement. Capuchon en composite. R\u00e9sistant \u00e0 l'eau. Charge large. USP : Semelle int\u00e9rieure anatomique en PU souple. Propri\u00e9t\u00e9s antistatiques. Semelle int\u00e9rieure respirante. Semelle ext\u00e9rieure r\u00e9sistante \u00e0 la chaleur. Totalement \u00e9tanche \u00e0 l'eau. Semelle ext\u00e9rieure r\u00e9sistante \u00e0 l'huile. D\u00e9tails r\u00e9fl\u00e9chissants. Protection anti-perforation textile standard PS. Embout de protection composite. Forme large. MAT\u00c9RIEL DE PROTECTION DES DOIGTS : Composite. CERTIFICATION : EN ISO 20345:2022 S7S FO SR HRO CI SC LG<\/p>","protected":false},"excerpt":{"rendered":"<p>Ein wasserdichter, metallfreier Schutzstiefel aus robustem Textilobermaterial mit reflektierenden F\u00e4den und TPU-verst\u00e4rkter Zehenkappe. Das isolierende Thinsulate\u2122-Futter h\u00e4lt den Stiefel auch bei k\u00e4lteren Temperaturen angenehm warm. Der Stiefel hat eine Komposit-Zehenschutzkappe und eine weiche, flexible, durchtrittsichere Zwischensohle, die den harten Anforderungen von 3 mm-N\u00e4geln standh\u00e4lt. Die griffige Laufsohle aus Nitrilgummi bietet auch auf Schnee und Eis [&hellip;]<\/p>\n","protected":false},"featured_media":663907,"template":"","meta":[],"product_brand":[],"product_cat":[4197,4209],"product_tag":[],"class_list":{"0":"post-663890","1":"product","2":"type-product","3":"status-publish","4":"has-post-thumbnail","6":"product_cat-schuhe-sandalen","7":"product_cat-zubehoer","8":"pa_brand-blaklaeder","9":"pa_brand-type-workwear","10":"pa_filter-color-gelb","12":"first","13":"instock","14":"sale","15":"taxable","16":"shipping-taxable","17":"purchasable","18":"product-type-variable","19":"add-to-wishlist-before_image"},"exclude_global_add_ons":[],"addons":[],"acf":[],"_links":{"self":[{"href":"https:\/\/shop.kustom.ch\/fr\/wp-json\/wp\/v2\/product\/663890"}],"collection":[{"href":"https:\/\/shop.kustom.ch\/fr\/wp-json\/wp\/v2\/product"}],"about":[{"href":"https:\/\/shop.kustom.ch\/fr\/wp-json\/wp\/v2\/types\/product"}],"wp:featuredmedia":[{"embeddable":true,"href":"https:\/\/shop.kustom.ch\/fr\/wp-json\/wp\/v2\/media\/663907"}],"wp:attachment":[{"href":"https:\/\/shop.kustom.ch\/fr\/wp-json\/wp\/v2\/media?parent=663890"}],"wp:term":[{"taxonomy":"product_brand","embeddable":true,"href":"https:\/\/shop.kustom.ch\/fr\/wp-json\/wp\/v2\/product_brand?post=663890"},{"taxonomy":"product_cat","embeddable":true,"href":"https:\/\/shop.kustom.ch\/fr\/wp-json\/wp\/v2\/product_cat?post=663890"},{"taxonomy":"product_tag","embeddable":true,"href":"https:\/\/shop.kustom.ch\/fr\/wp-json\/wp\/v2\/product_tag?post=663890"}],"curies":[{"name":"wp","href":"https:\/\/api.w.org\/{rel}","templated":true}]}}