{"id":663889,"date":"2025-04-29T19:10:19","date_gmt":"2025-04-29T18:10:19","guid":{"rendered":"https:\/\/shop.kustom.ch\/?post_type=product&#038;p=663889"},"modified":"2026-03-31T08:53:41","modified_gmt":"2026-03-31T07:53:41","slug":"multinorm-sweatshirt-mit-reissverschluss-2","status":"publish","type":"product","link":"https:\/\/shop.kustom.ch\/fr\/produit\/multinorm-sweatshirt-mit-reissverschluss-2\/","title":{"rendered":"Sweat-shirt multi-normes avec fermeture \u00e9clair"},"content":{"rendered":"<p>Ce sweat-shirt de s\u00e9curit\u00e9 ignifug\u00e9 et sans m\u00e9tal tr\u00e8s convoit\u00e9 est class\u00e9 en classe 2 dans les tailles XS-M et en classe 3 \u00e0 partir de la taille L. L'un des nombreux avantages de ce sweat-shirt est qu'il peut \u00e9galement \u00eatre utilis\u00e9 comme veste si n\u00e9cessaire. Le sweat-shirt est \u00e9quip\u00e9 de transferts r\u00e9fl\u00e9chissants segment\u00e9s qui augmentent la visibilit\u00e9 et la s\u00e9curit\u00e9. Il est \u00e9galement dot\u00e9 d'une fermeture \u00e0 glissi\u00e8re dissimul\u00e9e sur le devant et d'inserts lat\u00e9raux qui lui conf\u00e8rent une coupe ergonomique. Le sweat-shirt est d'une qualit\u00e9 confortable avec d'excellentes propri\u00e9t\u00e9s de protection. En plus d'offrir une protection, le sweat-shirt est pratique car il est \u00e9quip\u00e9 de deux poches avant avec fermetures \u00e0 glissi\u00e8re et d'un col haut qui offre une protection suppl\u00e9mentaire lorsqu'il est relev\u00e9. Certifi\u00e9 selon les normes EN 1149-5, EN 61482-2, APC 1, EN ISO 11612, EN ISO 20471. EBT - 13 cal\/cm\u00b2, ELIM - 12 cal\/cm\u00b2.<\/p>\n<p>FONCTIONNALIT\u00c9 : Sans m\u00e9tal. Coupe ergonomique pour une meilleure mobilit\u00e9. D\u00c9TAILS : \u00c9tiquettes de certification ext\u00e9rieures. Col haut avec fermeture \u00e0 glissi\u00e8re dissimul\u00e9e. \u00c9paules de couleur contrast\u00e9e. POCHES : Poches avant avec fermetures \u00e0 glissi\u00e8re. FERMETURE FRONTALE : Fermeture \u00e0 glissi\u00e8re en plastique dissimul\u00e9e. REFLEX : Bandes r\u00e9fl\u00e9chissantes de transfert ignifuges interrompues. FERMETURE : Finition des manches avec poignets. Ceinture \u00e0 c\u00f4tes. INSTRUCTIONS DE LAVAGE : 60\u00b0 C. Ne pas blanchir. Ne pas repasser. Ne pas nettoyer \u00e0 sec. Ne pas essorer. TEXTES PRINCIPAUX : \u00c9lectricien. Homme \u00e0 tout faire. M\u00e9canicien de service. Personnel de service. Disponible pour femmes et hommes. Messieurs . EN 1149-5. EN 61482-2. EN ISO 11612. EN ISO 20471. TISSU : Disponible pour femmes et hommes. Hommes. bleu. Jaune haute visibilit\u00e9. Sans m\u00e9tal. Protection contre les flammes. USP : mat\u00e9riau antistatique. Larges bandes r\u00e9fl\u00e9chissantes. Mat\u00e9riau ignifug\u00e9. Sans m\u00e9tal. Int\u00e9rieur doux et bross\u00e9. CERTIFICATION : EN 1149-5. EBT - 13 cal\/cm\u00b2. ELIM - 12 cal\/cm\u00b2. EN 61482-2, APC 1. ISO 11612 A1, B1, C2. EN ISO 20471, XS-M classe 2, L-&gt; classe 3. Groupe de certification B -&gt;L<\/p>\n<p>60% modacrylique, 39% coton, 1% fibre antistatique, tricot \u00e9ponge int\u00e9rieur bross\u00e9, ignifug\u00e9, antistatique, 280g\/m<\/p>","protected":false},"excerpt":{"rendered":"<p>Dieses begehrte flammhemmende und metallfreie Warnschutz Sweatshirt ist in den Gr\u00f6ssen XS-M als Klasse 2 und ab Gr\u00f6sse L als Klasse 3 eingestuft. Einer der vielen Vorteile dieses Sweatshirts ist, dass es bei Bedarf auch als Jacke verwendet werden kann. Das Sweatshirt ist mit segmentierten reflektierenden Transfers ausgestattet, die die Sichtbarkeit und Sicherheit erh\u00f6hen. Ausserdem [&hellip;]<\/p>\n","protected":false},"featured_media":663896,"template":"","meta":[],"product_brand":[],"product_cat":[4184],"product_tag":[],"class_list":{"0":"post-663889","1":"product","2":"type-product","3":"status-publish","4":"has-post-thumbnail","6":"product_cat-hoodies-pullover","7":"pa_brand-blaklaeder","8":"pa_brand-type-workwear","9":"pa_filter-color-blau","10":"pa_filter-color-gelb","12":"first","13":"instock","14":"sale","15":"taxable","16":"shipping-taxable","17":"purchasable","18":"product-type-variable","19":"add-to-wishlist-before_image"},"exclude_global_add_ons":[],"addons":[],"acf":[],"_links":{"self":[{"href":"https:\/\/shop.kustom.ch\/fr\/wp-json\/wp\/v2\/product\/663889"}],"collection":[{"href":"https:\/\/shop.kustom.ch\/fr\/wp-json\/wp\/v2\/product"}],"about":[{"href":"https:\/\/shop.kustom.ch\/fr\/wp-json\/wp\/v2\/types\/product"}],"wp:featuredmedia":[{"embeddable":true,"href":"https:\/\/shop.kustom.ch\/fr\/wp-json\/wp\/v2\/media\/663896"}],"wp:attachment":[{"href":"https:\/\/shop.kustom.ch\/fr\/wp-json\/wp\/v2\/media?parent=663889"}],"wp:term":[{"taxonomy":"product_brand","embeddable":true,"href":"https:\/\/shop.kustom.ch\/fr\/wp-json\/wp\/v2\/product_brand?post=663889"},{"taxonomy":"product_cat","embeddable":true,"href":"https:\/\/shop.kustom.ch\/fr\/wp-json\/wp\/v2\/product_cat?post=663889"},{"taxonomy":"product_tag","embeddable":true,"href":"https:\/\/shop.kustom.ch\/fr\/wp-json\/wp\/v2\/product_tag?post=663889"}],"curies":[{"name":"wp","href":"https:\/\/api.w.org\/{rel}","templated":true}]}}