{"id":663093,"date":"2025-04-29T18:58:55","date_gmt":"2025-04-29T17:58:55","guid":{"rendered":"https:\/\/shop.kustom.ch\/?post_type=product&#038;p=663093"},"modified":"2026-03-31T08:35:25","modified_gmt":"2026-03-31T07:35:25","slug":"handwerker-arbeitshose-softshell","status":"publish","type":"product","link":"https:\/\/shop.kustom.ch\/fr\/produit\/handwerker-arbeitshose-softshell\/","title":{"rendered":"Pantalon de travail Softshell pour artisans"},"content":{"rendered":"<p>Pantalon d'artisanat super souple et tr\u00e8s confortable, enti\u00e8rement r\u00e9alis\u00e9 en Softshell extensible. Gr\u00e2ce au tissu softshell, le pantalon a un stretch agr\u00e9able et doux et est totalement coupe-vent, ce qui le rend id\u00e9al pour les activit\u00e9s de plein air par temps froid. Et comme il est \u00e9galement d\u00e9perlant, ce pantalon d'artisan convient \u00e9galement pour les conditions humides. En outre, le pantalon dispose d'une s\u00e9rie de d\u00e9tails intelligents et fonctionnels, tels que des poches \u00e0 clous renforc\u00e9es en CORDURA\u00ae, des poches zipp\u00e9es suppl\u00e9mentaires pour un rangement s\u00fbr, une poche facile d'acc\u00e8s en mat\u00e9riau stretch adapt\u00e9e \u00e0 la plupart des t\u00e9l\u00e9phones portables et une bande r\u00e9fl\u00e9chissante noire discr\u00e8te sur le mollet.<\/p>\n<p>FONCTIONNALIT\u00c9 : stretch dans les deux sens. Coupe-vent &amp; imperm\u00e9able, coutures non scell\u00e9es, respirant. D\u00c9TAILS : Poche amovible pour carte d'identit\u00e9. Boutons en m\u00e9tal. Porte-couteau avec bouton. Couture int\u00e9rieure de la jambe avec triple couture. Fermeture \u00e0 glissi\u00e8re en plastique \u00e0 l'entrejambe. Deux passants de ceinture sur les c\u00f4t\u00e9s avec un bouton pour un passant pour marteau, un passant de ceinture avec anneau en D \u00e0 l'avant. Large passant de ceinture \u00e0 l'arri\u00e8re. Anneau en D \u00e0 la taille. POCHES : poche sur la jambe avec soufflet, poche pour stylo, poche flexible pour t\u00e9l\u00e9phone portable et deux grandes poches - une avec fermeture \u00e9clair et une poche amovible pour carte d'identit\u00e9. Poches arri\u00e8re \u00e0 soufflet. Poches rembourr\u00e9es aux genoux. Poche ins\u00e9r\u00e9e avec insert stretch. Poches \u00e0 outils - avec porte-outils et poches suppl\u00e9mentaires \u00e0 fermeture \u00e9clair. Poche m\u00e8tre renforc\u00e9e avec porte-couteau et poche stylo. RENFORCEMENT : Poches de genouill\u00e8res renforc\u00e9es par du CORDURA\u00ae stretch. Poches \u00e0 clous renforc\u00e9es, poche \u00e0 spatules, poches arri\u00e8re et bas de jambe \u00e0 l'arri\u00e8re. REFLEX : D\u00e9tails r\u00e9fl\u00e9chissants sur la jambe. D\u00e9tail r\u00e9fl\u00e9chissant sur la poche de la jambe. FERMETURE : Bas de jambe renforc\u00e9 \u00e0 l'arri\u00e8re. INSTRUCTIONS DE LAVAGE : 40\u00b0 C. Ne pas blanchir. Ne pas repasser. Ne pas nettoyer \u00e0 sec. Ne pas essorer. TRAVAIL PRINCIPAL : \u00e9lectricien. Travailleur dans le jardin. Travailleurs manuels. Travailleurs de l'entrep\u00f4t. Plombier. EN 14004. TISSU : Hommes. noir. Poches pour genouill\u00e8res. Stretch. R\u00e9sistant \u00e0 l'eau. Poches \u00e0 outils. Artisanat. Tissu stretch. Vent \/ humidit\u00e9 \/ froid. USP : stretch \u00e0 2 voies. Perm\u00e9able \u00e0 l'air. Poches pour genouill\u00e8res en CORDURA\u00ae stretch renforc\u00e9. D\u00e9tails r\u00e9fl\u00e9chissants. Poches pour outils. R\u00e9sistant au vent et \u00e0 l'eau. CERTIFICATION : EN 14404:2004+A1:2010 avec genouill\u00e8res 4027, 4057, 4058 et 4032.<\/p>\n<p>92% polyester, 8% \u00e9lasthanne, softshell 3 couches, imperm\u00e9able 11.000 mm, coupe-vent, respirant Ret 20,0, stretch, 265 g\/m<\/p>","protected":false},"excerpt":{"rendered":"<p>Super geschmeidige und sehr bequeme Handwerkerhose, die komplett aus dehnbarem Softshell besteht. Dank des Softshell-Stoffes hat die Hose einen angenehmen weichen Stretch und ist absolut winddicht, was sie ideal f\u00fcr Outdoor-Aktivit\u00e4ten bei k\u00e4lteren Temperaturen macht. Und weil sie auch wasserabweisend ist, ist diese Handwerkerhose auch f\u00fcr nasse Bedingungen geeignet. Dar\u00fcber hinaus verf\u00fcgt die Hose \u00fcber [&hellip;]<\/p>\n","protected":false},"featured_media":663094,"template":"","meta":[],"product_brand":[],"product_cat":[4185],"product_tag":[],"class_list":{"0":"post-663093","1":"product","2":"type-product","3":"status-publish","4":"has-post-thumbnail","6":"product_cat-hosen","7":"pa_brand-blaklaeder","8":"pa_brand-type-workwear","9":"pa_filter-color-schwarz","11":"first","12":"instock","13":"sale","14":"taxable","15":"shipping-taxable","16":"purchasable","17":"product-type-variable","18":"add-to-wishlist-before_image"},"exclude_global_add_ons":[],"addons":[],"acf":[],"_links":{"self":[{"href":"https:\/\/shop.kustom.ch\/fr\/wp-json\/wp\/v2\/product\/663093"}],"collection":[{"href":"https:\/\/shop.kustom.ch\/fr\/wp-json\/wp\/v2\/product"}],"about":[{"href":"https:\/\/shop.kustom.ch\/fr\/wp-json\/wp\/v2\/types\/product"}],"wp:featuredmedia":[{"embeddable":true,"href":"https:\/\/shop.kustom.ch\/fr\/wp-json\/wp\/v2\/media\/663094"}],"wp:attachment":[{"href":"https:\/\/shop.kustom.ch\/fr\/wp-json\/wp\/v2\/media?parent=663093"}],"wp:term":[{"taxonomy":"product_brand","embeddable":true,"href":"https:\/\/shop.kustom.ch\/fr\/wp-json\/wp\/v2\/product_brand?post=663093"},{"taxonomy":"product_cat","embeddable":true,"href":"https:\/\/shop.kustom.ch\/fr\/wp-json\/wp\/v2\/product_cat?post=663093"},{"taxonomy":"product_tag","embeddable":true,"href":"https:\/\/shop.kustom.ch\/fr\/wp-json\/wp\/v2\/product_tag?post=663093"}],"curies":[{"name":"wp","href":"https:\/\/api.w.org\/{rel}","templated":true}]}}