{"id":662821,"date":"2025-04-29T05:14:50","date_gmt":"2025-04-29T04:14:50","guid":{"rendered":"https:\/\/shop.kustom.ch\/?post_type=product&#038;p=662821"},"modified":"2026-03-31T08:34:57","modified_gmt":"2026-03-31T07:34:57","slug":"multinorm-arbeitshose-inhaerent-mit-stretch-4","status":"publish","type":"product","link":"https:\/\/shop.kustom.ch\/fr\/produit\/multinorm-arbeitshose-inhaerent-mit-stretch-4\/","title":{"rendered":"Pantalon de travail Multinorm Intransigeant avec stretch"},"content":{"rendered":"<p>Un pantalon de travail ignifug\u00e9 qui r\u00e9pond \u00e0 toutes les exigences d'un v\u00eatement durable pour le travail. Convient aux travaux de maintenance n\u00e9cessitant une s\u00e9curit\u00e9 et une protection. Ce pantalon r\u00e9sistant \u00e0 l'huile, \u00e0 la salet\u00e9 et \u00e0 l'eau poss\u00e8de des poches ext\u00e9rieures pratiques pour les genouill\u00e8res, renforc\u00e9es par du CORDURA\u00ae\/Kevlar\u00ae\/Protal\u00ae. Certifi\u00e9 selon les normes EN 14404, EN 1149-5, EN ISO 20471, EN ISO 11612, IEC 61482-2. Arc rating, 10.7 cal\/cm\u00b2 (valable pour le mat\u00e9riau stretch). EN 14404 : 2004 + A1 : 2010 avec genouill\u00e8res 4027 et 4057.<\/p>\n<p>FONCTIONNALIT\u00c9 : Sans m\u00e9tal. Surface ol\u00e9ofuge, antisalissure et hydrofuge. Insert stretch \u00e0 l'entrejambe et au fessier. D\u00c9TAILS : Poche d'identification amovible pour les v\u00eatements ignifuges. \u00c9tiquettes de certification ext\u00e9rieures. Fermeture \u00e0 glissi\u00e8re en plastique \u00e0 l'entrejambe. Passants, dont un avec anneau en D. POCHES : Poche sur la jambe avec soufflet, rabat et poche pour t\u00e9l\u00e9phone portable. Poche arri\u00e8re. Poches ext\u00e9rieures pour genouill\u00e8res. Poches lat\u00e9rales. Poche m\u00e8tre renforc\u00e9e avec deux possibilit\u00e9s de placement du couteau et une poche stylo. RENFORCEMENT : CORDURA\u00ae\/Kevlar\u00ae\/Protal\u00ae - renforc\u00e9 au niveau des genoux. REFLEX : Bandes r\u00e9fl\u00e9chissantes ignifuges avec doubles coutures. FERMETURE : Possibilit\u00e9 de rallonger l'ourlet de la jambe, ne s'applique pas aux tailles D. INSTRUCTIONS DE LAVAGE : 60\u00b0 C. Ne pas blanchir. Ne pas repasser. Ne pas nettoyer \u00e0 sec. S\u00e8che-linge - bas. TRAVAIL PRINCIPAL : \u00e9lectricien. Travailleur manuel. Personnel de service. EN 1149-5. EN 14004. EN 61482-2. EN ISO 11612. EN ISO 20471. TISSU : Disponible pour hommes et femmes. Hommes. bleu. Jaune haute visibilit\u00e9. Poches pour genouill\u00e8res. Sans m\u00e9tal. Tissu extensible. Protection contre les flammes. USP : propri\u00e9t\u00e9s antistatiques. Poches de genouill\u00e8res renforc\u00e9es en CORDURA\u00ae. Intrins\u00e8quement ignifuge. Sans m\u00e9tal ni polyester. R\u00e9sistant \u00e0 l'huile et \u00e0 la salet\u00e9. Inserts en stretch. R\u00e9sistant \u00e0 l'eau. CERTIFICATION : EN 1149-5. EN 14404:2004+A1:2010 ensemble avec genouill\u00e8res 4027 et 4057. EN ISO 11612 A1, B1, C1, F1. EN ISO 20471, classe 2. 50 cycles de lavage max. Groupe de certification Y. ATPV - 10,7 cal\/cm\u00b2. IEC 61482-2, APC 1<\/p>\n<p>44% Modacrylique, 30% Coton, 20% FR Polyamide, 5% Aramide, 1% antistatique, Ripstop, ignifug\u00e9, antistatique, 260 g\/m<\/p>","protected":false},"excerpt":{"rendered":"<p>Eine flammhemmende Arbeitshose, die alle Anforderungen an ein haltbares Kleidungsst\u00fcck f\u00fcr die Arbeit erf\u00fcllt. Geeignet f\u00fcr Wartungsarbeiten mit Sicherheits- und Schutzanforderungen. Die \u00f6l-, schmutz- und wasserabweisende Hose hat praktische aussenliegende Kniepolstertaschen, die mit CORDURA\u00ae\/Kevlar\u00ae\/Protal\u00ae verst\u00e4rkt sind. Zertifiziert nach EN 14404, EN 1149-5, EN ISO 20471, EN ISO 11612, IEC 61482-2. Arc rating, 10.7 cal\/cm\u00b2 (gilt [&hellip;]<\/p>\n","protected":false},"featured_media":662834,"template":"","meta":[],"product_brand":[],"product_cat":[4185],"product_tag":[],"class_list":{"0":"post-662821","1":"product","2":"type-product","3":"status-publish","4":"has-post-thumbnail","6":"product_cat-hosen","7":"pa_brand-blaklaeder","8":"pa_brand-type-workwear","9":"pa_filter-color-blau","10":"pa_filter-color-gelb","12":"first","13":"instock","14":"sale","15":"taxable","16":"shipping-taxable","17":"purchasable","18":"product-type-variable","19":"add-to-wishlist-before_image"},"exclude_global_add_ons":[],"addons":[],"acf":[],"_links":{"self":[{"href":"https:\/\/shop.kustom.ch\/fr\/wp-json\/wp\/v2\/product\/662821"}],"collection":[{"href":"https:\/\/shop.kustom.ch\/fr\/wp-json\/wp\/v2\/product"}],"about":[{"href":"https:\/\/shop.kustom.ch\/fr\/wp-json\/wp\/v2\/types\/product"}],"wp:featuredmedia":[{"embeddable":true,"href":"https:\/\/shop.kustom.ch\/fr\/wp-json\/wp\/v2\/media\/662834"}],"wp:attachment":[{"href":"https:\/\/shop.kustom.ch\/fr\/wp-json\/wp\/v2\/media?parent=662821"}],"wp:term":[{"taxonomy":"product_brand","embeddable":true,"href":"https:\/\/shop.kustom.ch\/fr\/wp-json\/wp\/v2\/product_brand?post=662821"},{"taxonomy":"product_cat","embeddable":true,"href":"https:\/\/shop.kustom.ch\/fr\/wp-json\/wp\/v2\/product_cat?post=662821"},{"taxonomy":"product_tag","embeddable":true,"href":"https:\/\/shop.kustom.ch\/fr\/wp-json\/wp\/v2\/product_tag?post=662821"}],"curies":[{"name":"wp","href":"https:\/\/api.w.org\/{rel}","templated":true}]}}