{"id":662770,"date":"2025-04-29T05:14:24","date_gmt":"2025-04-29T04:14:24","guid":{"rendered":"https:\/\/shop.kustom.ch\/?post_type=product&#038;p=662770"},"modified":"2026-03-31T08:34:56","modified_gmt":"2026-03-31T07:34:56","slug":"multinorm-arbeitshose-inhaerent-mit-stretch-3","status":"publish","type":"product","link":"https:\/\/shop.kustom.ch\/fr\/produit\/multinorm-arbeitshose-inhaerent-mit-stretch-3\/","title":{"rendered":"Pantalon de travail Multinorm Intransigeant avec stretch"},"content":{"rendered":"<p>Ce pantalon de travail r\u00e9sistant \u00e0 l'huile, \u00e0 la salet\u00e9 et \u00e0 l'eau offre un grand confort \u00e0 tous ceux qui travaillent dans des environnements difficiles. Il est dot\u00e9 de d\u00e9tails intelligents tels que des inserts stretch pour une meilleure libert\u00e9 de mouvement et une plus grande flexibilit\u00e9. Le tissu est intrins\u00e8quement dot\u00e9 d'une grande durabilit\u00e9. CORDURA\u00ae\/Kevlar\u00ae\/Protal\u00ae renforc\u00e9 au niveau des genoux. Le pantalon dispose d'une poche pour m\u00e8tre pliant et couteau et d'une poche sur la jambe pouvant accueillir un t\u00e9l\u00e9phone. Particuli\u00e8rement adapt\u00e9 aux \u00e9lectriciens et autres professions similaires. Certifi\u00e9 selon les normes EN 14404, EN 1149-5, EN ISO 20471, EN ISO 11612, IEC 61482-2. Arc rating : 10.7 cal\/cm\u00b2 (valable pour le mat\u00e9riau stretch). EN 14404 : 2004 + A1 : 2010 avec genouill\u00e8res 4027 et 4057.<\/p>\n<p>FONCTIONNALIT\u00c9 : Sans m\u00e9tal. Surface ol\u00e9ofuge, antisalissure et hydrofuge. Insert stretch \u00e0 l'entrejambe et au fessier. D\u00c9TAILS : Poche d'identification amovible pour les v\u00eatements ignifuges. \u00c9tiquettes de certification ext\u00e9rieures. Fermeture \u00e0 glissi\u00e8re en plastique \u00e0 l'entrejambe. Passants, dont un avec anneau en D. POCHES : Poche sur la jambe avec soufflet, rabat et poche pour t\u00e9l\u00e9phone portable. Poche arri\u00e8re. Poches ext\u00e9rieures pour genouill\u00e8res. Poches lat\u00e9rales. Poche m\u00e8tre renforc\u00e9e avec deux possibilit\u00e9s de placement du couteau et une poche stylo. RENFORCEMENT : CORDURA\u00ae\/Kevlar\u00ae\/Protal\u00ae - renforc\u00e9 au niveau des genoux. REFLEX : Bandes r\u00e9fl\u00e9chissantes ignifuges avec doubles coutures. FERMETURE : Possibilit\u00e9 de rallonger l'ourlet de la jambe, ne s'applique pas aux tailles D. INSTRUCTIONS DE LAVAGE : 60\u00b0 C. Ne pas blanchir. Ne pas repasser. Ne pas nettoyer \u00e0 sec. S\u00e8che-linge - bas. TRAVAIL PRINCIPAL : \u00e9lectricien. Travailleur manuel. Personnel de service. EN 1149-5. EN 14004. EN 61482-2. EN ISO 11612. EN ISO 20471. TISSU : Disponible pour hommes et femmes. Hommes. bleu. Jaune haute visibilit\u00e9. Poches pour genouill\u00e8res. Sans m\u00e9tal. Tissu extensible. Protection contre les flammes. USP : propri\u00e9t\u00e9s antistatiques. Poches de genouill\u00e8res renforc\u00e9es en CORDURA\u00ae. Intrins\u00e8quement ignifuge. Sans m\u00e9tal ni polyester. R\u00e9sistant \u00e0 l'huile et \u00e0 la salet\u00e9. Inserts en stretch. R\u00e9sistant \u00e0 l'eau. CERTIFICATION : EN 1149-5. EN 14404:2004+A1:2010 ensemble avec genouill\u00e8res 4027 et 4057. EN ISO 11612 A1, B1, C1, F1. EN ISO 20471, classe 1. 50 cycles de lavage max. Groupe de certification W. ATPV - 10,7 cal\/cm\u00b2. IEC 61482-2, APC 1<\/p>\n<p>44% Modacrylique, 30% Coton, 20% FR Polyamide, 5% Aramide, 1% antistatique, Ripstop, ignifug\u00e9, antistatique, 260 g\/m<\/p>","protected":false},"excerpt":{"rendered":"<p>Die \u00f6l-, schmutz- und wasserabweisende Arbeitshose mit hohem Komfort f\u00fcr alle, die in rauer Umgebung arbeiten. Sie ist mit intelligenten Details wie Stretch-Eins\u00e4tzen f\u00fcr bessere Bewegungsfreiheit und Flexibilit\u00e4t ausgestattet. Der Stoff ist inh\u00e4rent mit hoher Haltbarkeit. CORDURA\u00ae\/Kevlar\u00ae\/Protal\u00ae verst\u00e4rkt an den Knien. Die Hose besitzt eine Zollstock- und Messertasche und eine Beintasche mit Platz f\u00fcr ein [&hellip;]<\/p>\n","protected":false},"featured_media":662811,"template":"","meta":[],"product_brand":[],"product_cat":[4185],"product_tag":[],"class_list":{"0":"post-662770","1":"product","2":"type-product","3":"status-publish","4":"has-post-thumbnail","6":"product_cat-hosen","7":"pa_brand-blaklaeder","8":"pa_brand-type-workwear","9":"pa_filter-color-blau","10":"pa_filter-color-gelb","12":"first","13":"instock","14":"sale","15":"taxable","16":"shipping-taxable","17":"purchasable","18":"product-type-variable","19":"add-to-wishlist-before_image"},"exclude_global_add_ons":[],"addons":[],"acf":[],"_links":{"self":[{"href":"https:\/\/shop.kustom.ch\/fr\/wp-json\/wp\/v2\/product\/662770"}],"collection":[{"href":"https:\/\/shop.kustom.ch\/fr\/wp-json\/wp\/v2\/product"}],"about":[{"href":"https:\/\/shop.kustom.ch\/fr\/wp-json\/wp\/v2\/types\/product"}],"wp:featuredmedia":[{"embeddable":true,"href":"https:\/\/shop.kustom.ch\/fr\/wp-json\/wp\/v2\/media\/662811"}],"wp:attachment":[{"href":"https:\/\/shop.kustom.ch\/fr\/wp-json\/wp\/v2\/media?parent=662770"}],"wp:term":[{"taxonomy":"product_brand","embeddable":true,"href":"https:\/\/shop.kustom.ch\/fr\/wp-json\/wp\/v2\/product_brand?post=662770"},{"taxonomy":"product_cat","embeddable":true,"href":"https:\/\/shop.kustom.ch\/fr\/wp-json\/wp\/v2\/product_cat?post=662770"},{"taxonomy":"product_tag","embeddable":true,"href":"https:\/\/shop.kustom.ch\/fr\/wp-json\/wp\/v2\/product_tag?post=662770"}],"curies":[{"name":"wp","href":"https:\/\/api.w.org\/{rel}","templated":true}]}}