{"id":662613,"date":"2025-04-29T05:13:23","date_gmt":"2025-04-29T04:13:23","guid":{"rendered":"https:\/\/shop.kustom.ch\/?post_type=product&#038;p=662613"},"modified":"2026-03-31T08:33:36","modified_gmt":"2026-03-31T07:33:36","slug":"flammschutz-arbeitshose-2","status":"publish","type":"product","link":"https:\/\/shop.kustom.ch\/fr\/produit\/flammschutz-arbeitshose-2\/","title":{"rendered":"Pantalon de travail ignifug\u00e9"},"content":{"rendered":"<p>Pantalon ignifug\u00e9 qui r\u00e9siste \u00e0 l'huile, \u00e0 la salet\u00e9 et \u00e0 l'eau. Ce pantalon r\u00e9sistant est dot\u00e9 de poches pratiques et utiles avec rabat et de poches ext\u00e9rieures pour genouill\u00e8res. Test\u00e9 pour le lavage industriel. Certifi\u00e9 selon les normes EN 14404, EN 1149-5, EN ISO 11611, EN 13034, EN ISO 11612, IEC 61482-2. ATPV : 16,0 cal\/cm\u00b2.<\/p>\n<p>FONCTIONNALIT\u00c9 : Surface r\u00e9sistante \u00e0 l'huile, \u00e0 la salet\u00e9 et \u00e0 l'eau. D\u00c9TAILS : Anneau en D. \u00c9tiquettes de certification ext\u00e9rieures. Fermeture \u00e9clair m\u00e9tallique \u00e0 l'entrejambe. Passants pour la ceinture. POCHES : Poche sur la jambe avec soufflet, rabat et poche \u00e0 crayons cousue en trois parties. Poches arri\u00e8re avec rabat et bouton-pression. Poches ext\u00e9rieures pour genouill\u00e8res. Poches avant avec rabats. FERMETURE : Possibilit\u00e9 de rallonger l'ourlet de la jambe, ne s'applique pas aux tailles D. INSTRUCTIONS DE LAVAGE : 60\u00b0 C. Ne pas blanchir. Ne pas repasser. Ne pas nettoyer \u00e0 sec. PRO : convient pour le s\u00e9chage en tambour. S\u00e8che-linge - bas. PROPRIETES PRINCIPALES : \u00e9lectricien. Travailleur manuel. Soudeurs et soudeuses. Travailleurs de la route et du b\u00e2timent. EN 1149-5. EN 13034. EN 14004. EN 61482-2. EN ISO 11611. EN ISO 11612. TISSU : Hommes. bleu. Poches pour genouill\u00e8res. Protection contre les flammes. LAVAGE : lavage industriel EN ISO 15797. CERTIFICATION : EN 1149-5. EN 13034 PB (6). Max. 20 cycles de lavage. EN 14404:2004+A1:2010 ensemble avec les genouill\u00e8res 4027, 4057, 4058 et 4032. EN ISO 11611, classe 1 A1+A2. EN ISO 11612 A1, A2, B1, C1, E3, F1. ATPV - 16 cal\/cm\u00b2. IEC 61482-2, APC 1<\/p>\n<p>85% coton, 14% polyester, 1% antistatique, serg\u00e9, ignifug\u00e9, antistatique, 350 g\/m<\/p>","protected":false},"excerpt":{"rendered":"<p>Flammhemmende Hose, die \u00f6l-, schmutz- und wasserabweisend ist. Diese strapazierf\u00e4hige Hose hat praktische und n\u00fctzliche Taschen mit Patte und ebenso aussenliegende Kniepolstertaschen. Getestet f\u00fcr Industriew\u00e4sche. Zertifiziert nach EN 14404, EN 1149-5, EN ISO 11611, EN 13034, EN ISO 11612, IEC 61482-2. ATPV: 16,0 cal\/cm\u00b2. FUNKTIONALIT\u00c4T: \u00d6l-, schmutz- und wasserabweisende Oberfl\u00e4che. DETAILS: D-Ring. Aussenliegende Zertifizierungsetiketten. Metall-Reissverschluss [&hellip;]<\/p>\n","protected":false},"featured_media":662643,"template":"","meta":[],"product_brand":[],"product_cat":[4185],"product_tag":[],"class_list":{"0":"post-662613","1":"product","2":"type-product","3":"status-publish","4":"has-post-thumbnail","6":"product_cat-hosen","7":"pa_brand-blaklaeder","8":"pa_brand-type-workwear","9":"pa_filter-color-blau","11":"first","12":"instock","13":"sale","14":"taxable","15":"shipping-taxable","16":"purchasable","17":"product-type-variable","18":"add-to-wishlist-before_image"},"exclude_global_add_ons":[],"addons":[],"acf":[],"_links":{"self":[{"href":"https:\/\/shop.kustom.ch\/fr\/wp-json\/wp\/v2\/product\/662613"}],"collection":[{"href":"https:\/\/shop.kustom.ch\/fr\/wp-json\/wp\/v2\/product"}],"about":[{"href":"https:\/\/shop.kustom.ch\/fr\/wp-json\/wp\/v2\/types\/product"}],"wp:featuredmedia":[{"embeddable":true,"href":"https:\/\/shop.kustom.ch\/fr\/wp-json\/wp\/v2\/media\/662643"}],"wp:attachment":[{"href":"https:\/\/shop.kustom.ch\/fr\/wp-json\/wp\/v2\/media?parent=662613"}],"wp:term":[{"taxonomy":"product_brand","embeddable":true,"href":"https:\/\/shop.kustom.ch\/fr\/wp-json\/wp\/v2\/product_brand?post=662613"},{"taxonomy":"product_cat","embeddable":true,"href":"https:\/\/shop.kustom.ch\/fr\/wp-json\/wp\/v2\/product_cat?post=662613"},{"taxonomy":"product_tag","embeddable":true,"href":"https:\/\/shop.kustom.ch\/fr\/wp-json\/wp\/v2\/product_tag?post=662613"}],"curies":[{"name":"wp","href":"https:\/\/api.w.org\/{rel}","templated":true}]}}