{"id":662612,"date":"2025-04-29T05:13:23","date_gmt":"2025-04-29T04:13:23","guid":{"rendered":"https:\/\/shop.kustom.ch\/?post_type=product&#038;p=662612"},"modified":"2026-03-31T08:33:18","modified_gmt":"2026-03-31T07:33:18","slug":"arbeitshose-inhaerent-stahl","status":"publish","type":"product","link":"https:\/\/shop.kustom.ch\/fr\/produit\/arbeitshose-inhaerent-stahl\/","title":{"rendered":"Pantalon de travail Inh\u00e4rent Stahl"},"content":{"rendered":"<p>Un pantalon de travail ignifug\u00e9 de qualit\u00e9 1519 avec un tissu inh\u00e9rent de classe E3, sp\u00e9cialement con\u00e7u pour les travaux dans l'industrie m\u00e9tallurgique impliquant la manipulation de fer en fusion. Le pantalon de travail certifi\u00e9 classe 1 highvis prot\u00e8ge des \u00e9claboussures de m\u00e9tal en fusion et de la chaleur rayonnante. Ce pantalon r\u00e9sistant \u00e0 l'huile, \u00e0 la salet\u00e9 et \u00e0 l'eau a une largeur de jambe r\u00e9glable par bouton-pression \u00e0 la cheville, une poche de jambe avec rabat sur le c\u00f4t\u00e9 gauche et un porte-passeport. Il poss\u00e8de \u00e9galement un porte-couteau, une poche pour t\u00e9l\u00e9phone portable, une poche m\u00e8tre et des poches arri\u00e8re \u00e0 rabat. Test\u00e9 pour le lavage industriel. Certifi\u00e9 selon les normes EN ISO 20471, EN 1149-5, EN13034, EN ISO 11612, EN ISO 11611, IEC 61482-2, EN 14404, ATPV : 14 cal\/cm\u00b2, ELIM : 12 cal\/cm\u00b2.<\/p>\n<p>FONCTIONNALIT\u00c9 : Surface ol\u00e9ofuge, antisalissure et hydrofuge. D\u00c9TAILS : Poche amovible pour carte d'identit\u00e9. \u00c9tiquettes de certification ext\u00e9rieures. Fermeture \u00e9clair m\u00e9tallique \u00e0 l'entrejambe. Passants de ceinture. POCHES : Poche sur la jambe avec soufflet, rabat et poche pour stylo, poche suppl\u00e9mentaire, poche pour t\u00e9l\u00e9phone portable et poche pour carte d'identit\u00e9. Poches arri\u00e8re \u00e0 soufflet. Poches arri\u00e8re \u00e0 rabat, cach\u00e9es par des boutons m\u00e9talliques. Poches ext\u00e9rieures pour genouill\u00e8res. Poches lat\u00e9rales. Poche m\u00e8tre renforc\u00e9e avec porte couteau et poche stylo. REFLEX : Bandes r\u00e9fl\u00e9chissantes ignifuges avec doubles coutures. FERMETURE : Largeur r\u00e9glable de l'ourlet de la jambe avec boutons-pression en plastique. INSTRUCTIONS DE LAVAGE : 60\u00b0 C. Ne pas blanchir. Ne pas repasser. Ne pas nettoyer \u00e0 sec. PRO : adapt\u00e9 au s\u00e9chage en tambour. S\u00e8che-linge - bas. PROPRI\u00c9T\u00c9S PRINCIPALES : Artisan. Personnel de service. EN 1149-5. EN 13034. EN 14004. EN 61482-2. EN ISO 11611. EN ISO 11612. EN ISO 20471. TISSU : Hommes. bleu. Jaune haute visibilit\u00e9. Poches pour genouill\u00e8res. Protection contre les flammes. LAVAGE : Lavage industriel EN ISO 15797. CERTIFICATION : EN 1149-5. EN 13034 PB (6). EN 14404:2004+A1:2010 avec genouill\u00e8re 4057. EN ISO 11611, classe 1 A1+A2. EN ISO 11612 A1, A2, B1, C1, E3, F1. EN ISO 20471, classe 1. groupe de certification W. ATPV - 14cal\/cm\u00b2. ELIM - 12cal\/cm\u00b2. IEC 61482-2, APC 1<\/p>\n<p>44% modacrylique, 30% coton, 20% polyamide, 5% aramide, 1% antistatique, serg\u00e9, ignifug\u00e9, antistatique, 320 g\/m<\/p>","protected":false},"excerpt":{"rendered":"<p>Eine flammhemmende Arbeitshose in der Qualit\u00e4t 1519 mit einem inh\u00e4renten Stoff der Klasse E3, der speziell f\u00fcr Arbeiten in der Metallindustrie entwickelt wurde bei denen mit geschmolzenem Eisen gearbeitet wird. Die Klasse 1 highvis-zertifizierte Arbeitshose sch\u00fctzt vor Spritzern von geschmolzenem Metall und vor Strahlungshitze. Diese \u00f6l-, schmutz- und wasserabweisende Hose hat eine verstellbare Beinweite durch [&hellip;]<\/p>\n","protected":false},"featured_media":662617,"template":"","meta":[],"product_brand":[],"product_cat":[4185],"product_tag":[],"class_list":{"0":"post-662612","1":"product","2":"type-product","3":"status-publish","4":"has-post-thumbnail","6":"product_cat-hosen","7":"pa_brand-blaklaeder","8":"pa_brand-type-workwear","9":"pa_filter-color-blau","10":"pa_filter-color-gelb","12":"first","13":"instock","14":"sale","15":"taxable","16":"shipping-taxable","17":"purchasable","18":"product-type-variable","19":"add-to-wishlist-before_image"},"exclude_global_add_ons":[],"addons":[],"acf":[],"_links":{"self":[{"href":"https:\/\/shop.kustom.ch\/fr\/wp-json\/wp\/v2\/product\/662612"}],"collection":[{"href":"https:\/\/shop.kustom.ch\/fr\/wp-json\/wp\/v2\/product"}],"about":[{"href":"https:\/\/shop.kustom.ch\/fr\/wp-json\/wp\/v2\/types\/product"}],"wp:featuredmedia":[{"embeddable":true,"href":"https:\/\/shop.kustom.ch\/fr\/wp-json\/wp\/v2\/media\/662617"}],"wp:attachment":[{"href":"https:\/\/shop.kustom.ch\/fr\/wp-json\/wp\/v2\/media?parent=662612"}],"wp:term":[{"taxonomy":"product_brand","embeddable":true,"href":"https:\/\/shop.kustom.ch\/fr\/wp-json\/wp\/v2\/product_brand?post=662612"},{"taxonomy":"product_cat","embeddable":true,"href":"https:\/\/shop.kustom.ch\/fr\/wp-json\/wp\/v2\/product_cat?post=662612"},{"taxonomy":"product_tag","embeddable":true,"href":"https:\/\/shop.kustom.ch\/fr\/wp-json\/wp\/v2\/product_tag?post=662612"}],"curies":[{"name":"wp","href":"https:\/\/api.w.org\/{rel}","templated":true}]}}