{"id":662577,"date":"2025-04-29T05:13:04","date_gmt":"2025-04-29T04:13:04","guid":{"rendered":"https:\/\/shop.kustom.ch\/?post_type=product&#038;p=662577"},"modified":"2026-03-31T08:33:06","modified_gmt":"2026-03-31T07:33:06","slug":"schweisser-arbeitshose","status":"publish","type":"product","link":"https:\/\/shop.kustom.ch\/fr\/produit\/schweisser-arbeitshose\/","title":{"rendered":"Pantalon de travail pour soudeurs"},"content":{"rendered":"<p>Pantalon de travail pour soudeurs avec d\u00e9tails r\u00e9fl\u00e9chissants pour une meilleure visibilit\u00e9. Le pantalon poss\u00e8de des solutions de poches intelligentes, comme par exemple des poches lat\u00e9rales, une poche m\u00e8tre et des poches genouill\u00e8res \u00e0 l'int\u00e9rieur. Certifi\u00e9 selon les normes EN 14404, EN 1149-5, EN ISO 11611, EN ISO 11612, IEC 61482-2.<\/p>\n<p>D\u00c9TAILS : poche d'identification amovible pour les v\u00eatements ignifuges. \u00c9tiquettes de certification ext\u00e9rieures. Fermeture \u00e0 glissi\u00e8re m\u00e9tallique \u00e0 l'entrejambe. Passants pour la ceinture. POCHES : Poche sur la jambe avec rabat. Poche arri\u00e8re avec rabat, bouton m\u00e9tallique dissimul\u00e9. Poches ext\u00e9rieures pour genouill\u00e8res. Poches lat\u00e9rales. Poche m\u00e8tre avec porte-couteau. REFLEX : D\u00e9tails r\u00e9fl\u00e9chissants. INSTRUCTIONS DE LAVAGE : 60\u00b0 C. Ne pas blanchir. Ne pas repasser. Ne pas nettoyer \u00e0 sec. PRO : adapt\u00e9 au s\u00e9chage en tambour. S\u00e8che-linge - bas. PROPRIETES PRINCIPALES : Artisan. Soudeurs. EN 1149-5. EN 14004. EN 61482-2. EN ISO 11611. EN ISO 11612. TISSU : Hommes. bleu. Jaune haute visibilit\u00e9. Poches pour genouill\u00e8res. Protection contre les flammes. USP : propri\u00e9t\u00e9s antistatiques. D\u00e9tails r\u00e9fl\u00e9chissants. CERTIFICATION : EN 1149-5. EN 14404:2004+A1:2010 ensemble avec genouill\u00e8res 4027, 4057, 4058 et 4032. EN ISO 11611 classe 2 , A1+A2. EN ISO 11612 A1, A2, B1, C1, E3, F1. ELIM - 13cal\/cm\u00b2. IEC 61482-2, APC 1<\/p>\n<p>79% coton, 20% polyester, 1% satin antistatique, ignifug\u00e9 antistatique 450g\/m<\/p>","protected":false},"excerpt":{"rendered":"<p>Schweisser Arbeitshose mit Reflexdetails f\u00fcr h\u00f6here Sichtbarkeit. Die Bundhose besitzt intelligente Taschenl\u00f6sungen, wie zum Beispiel Seitentaschen, Zollstocktasche und Kniepolstertaschen innen. Zertifiziert nach EN 14404, EN 1149-5, EN ISO 11611, EN ISO 11612, IEC 61482-2. DETAILS: Abnehmbare Ausweistasche f\u00fcr Flammschutz-Kleidung. Aussenliegende Zertifizierungsetiketten. Metall-Reissverschluss im Schritt. Schlaufen. TASCHEN: Beintasche mit Patte. Ges\u00e4sstasche mit Patte, verdeckter Metallknopf. Aussenliegende [&hellip;]<\/p>\n","protected":false},"featured_media":662588,"template":"","meta":[],"product_brand":[],"product_cat":[4185],"product_tag":[],"class_list":{"0":"post-662577","1":"product","2":"type-product","3":"status-publish","4":"has-post-thumbnail","6":"product_cat-hosen","7":"pa_brand-blaklaeder","8":"pa_brand-type-workwear","9":"pa_filter-color-blau","10":"pa_filter-color-gelb","12":"first","13":"instock","14":"sale","15":"taxable","16":"shipping-taxable","17":"purchasable","18":"product-type-variable","19":"add-to-wishlist-before_image"},"exclude_global_add_ons":[],"addons":[],"acf":[],"_links":{"self":[{"href":"https:\/\/shop.kustom.ch\/fr\/wp-json\/wp\/v2\/product\/662577"}],"collection":[{"href":"https:\/\/shop.kustom.ch\/fr\/wp-json\/wp\/v2\/product"}],"about":[{"href":"https:\/\/shop.kustom.ch\/fr\/wp-json\/wp\/v2\/types\/product"}],"wp:featuredmedia":[{"embeddable":true,"href":"https:\/\/shop.kustom.ch\/fr\/wp-json\/wp\/v2\/media\/662588"}],"wp:attachment":[{"href":"https:\/\/shop.kustom.ch\/fr\/wp-json\/wp\/v2\/media?parent=662577"}],"wp:term":[{"taxonomy":"product_brand","embeddable":true,"href":"https:\/\/shop.kustom.ch\/fr\/wp-json\/wp\/v2\/product_brand?post=662577"},{"taxonomy":"product_cat","embeddable":true,"href":"https:\/\/shop.kustom.ch\/fr\/wp-json\/wp\/v2\/product_cat?post=662577"},{"taxonomy":"product_tag","embeddable":true,"href":"https:\/\/shop.kustom.ch\/fr\/wp-json\/wp\/v2\/product_tag?post=662577"}],"curies":[{"name":"wp","href":"https:\/\/api.w.org\/{rel}","templated":true}]}}