{"id":662390,"date":"2025-04-29T05:12:04","date_gmt":"2025-04-29T04:12:04","guid":{"rendered":"https:\/\/shop.kustom.ch\/?post_type=product&#038;p=662390"},"modified":"2026-03-31T08:33:05","modified_gmt":"2026-03-31T07:33:05","slug":"handwerker-arbeitshose-mit-stretch-6","status":"publish","type":"product","link":"https:\/\/shop.kustom.ch\/fr\/produit\/handwerker-arbeitshose-mit-stretch-6\/","title":{"rendered":"Pantalon de travail d'artisan avec stretch"},"content":{"rendered":"<p>Un pantalon de travail artisanal incroyablement confortable et flexible qui ne laisse rien au hasard lorsqu'il s'agit de durabilit\u00e9, de confort et de fonctions pratiques. Le pantalon est dot\u00e9 d'empi\u00e8cements en fantastique tissu stretch quadri-directionnel sur le devant, les mollets et l'empi\u00e8cement, et d'un tissu stretch bidirectionnel \u00e0 l'entrejambe. Si ton travail exige concentration et libert\u00e9 de mouvement, ce pantalon de travail d'artisan est fait pour toi.<\/p>\n<p>FONCTIONNALIT\u00c9 : Empi\u00e8cements stretch \u00e0 l'avant, aux genoux, au-dessus des fesses, sur les poches avant, aux mollets et \u00e0 l'entrejambe. D\u00c9TAILS : Poche amovible pour carte d'identit\u00e9. Boutons en m\u00e9tal. Porte-couteau avec bouton. Couture int\u00e9rieure de la jambe avec triple couture. Fermeture \u00e0 glissi\u00e8re en plastique \u00e0 l'entrejambe. Larges passants de ceinture \u00e0 l'arri\u00e8re et sur les c\u00f4t\u00e9s. Deux passants de ceinture sur les c\u00f4t\u00e9s avec un bouton pour un passant pour marteau, un passant de ceinture avec anneau en D \u00e0 l'avant. Large passant de ceinture \u00e0 l'arri\u00e8re. Anneau en D \u00e0 la taille. POCHES : poche sur la jambe avec soufflet, poche pour stylo, poche flexible pour t\u00e9l\u00e9phone portable et deux grandes poches - une avec fermeture \u00e9clair et une poche amovible pour carte d'identit\u00e9. Poches arri\u00e8re \u00e0 soufflet. Poches rembourr\u00e9es aux genoux. Poche ins\u00e9r\u00e9e avec insert en stretch. Poches \u00e0 outils - avec porte-outils et poches suppl\u00e9mentaires \u00e0 fermeture \u00e9clair. Poche m\u00e8tre renforc\u00e9e avec porte-couteau et poche stylo. RENFORCEMENT : Poches de genouill\u00e8res renforc\u00e9es par du CORDURA\u00ae stretch. Poches \u00e0 clous renforc\u00e9es, poche \u00e0 spatules, poches arri\u00e8re et bas de jambe \u00e0 l'arri\u00e8re. REFLEX : D\u00e9tails r\u00e9fl\u00e9chissants sur la jambe. FERMETURE : Bas de jambe renforc\u00e9 \u00e0 l'arri\u00e8re. INSTRUCTIONS DE LAVAGE : 40\u00b0 C. Ne pas blanchir. Ne pas repasser. Ne pas nettoyer \u00e0 sec. Ne pas essorer. TRAVAIL PRINCIPAL : \u00e9lectricien. Travailleur dans le jardin. Travailleurs manuels. Travailleurs de l'entrep\u00f4t. Plombiers. EN 14004. TISSU : Disponible pour hommes et femmes. Hommes. Bleu. Noir. Poches pour genouill\u00e8res. Insert en stretch. Poches \u00e0 outils. Artisanat. Tissu extensible. USP : poches pour genouill\u00e8res en CORDURA\u00ae stretch renforc\u00e9. D\u00e9tails r\u00e9fl\u00e9chissants. Empi\u00e8cements en stretch. Jambes pr\u00e9form\u00e9es. Poches \u00e0 outils. CERTIFICATION : EN 14404:2004+A1:2010 avec genouill\u00e8res 4027, 4057, 4058 et 4032.<\/p>\n<p>60% coton, 40% polyester, toile, 340 g\/m<\/p>","protected":false},"excerpt":{"rendered":"<p>Eine unglaublich bequeme und flexible Handwerker Arbeitshose, die nichts dem Zufall \u00fcberl\u00e4sst, wenn es um Langlebigkeit, Komfort und praktische Funktionen geht. Die Hose hat Eins\u00e4tze aus fantastischem 4-Wege-Stretch Material auf der Vorderseite, den Waden und der Passe und 2-Wege-Stretch im Schritt. Wenn deine Arbeit Konzentration und Bewegungsfreiheit erfordert, ist diese Handwerker Arbeitshose genau das Richtige [&hellip;]<\/p>\n","protected":false},"featured_media":662413,"template":"","meta":[],"product_brand":[],"product_cat":[4185],"product_tag":[],"class_list":{"0":"post-662390","1":"product","2":"type-product","3":"status-publish","4":"has-post-thumbnail","6":"product_cat-hosen","7":"pa_brand-blaklaeder","8":"pa_brand-type-workwear","9":"pa_filter-color-blau","10":"pa_filter-color-grau","11":"pa_filter-color-schwarz","13":"first","14":"instock","15":"sale","16":"taxable","17":"shipping-taxable","18":"purchasable","19":"product-type-variable","20":"add-to-wishlist-before_image"},"exclude_global_add_ons":[],"addons":[],"acf":[],"_links":{"self":[{"href":"https:\/\/shop.kustom.ch\/fr\/wp-json\/wp\/v2\/product\/662390"}],"collection":[{"href":"https:\/\/shop.kustom.ch\/fr\/wp-json\/wp\/v2\/product"}],"about":[{"href":"https:\/\/shop.kustom.ch\/fr\/wp-json\/wp\/v2\/types\/product"}],"wp:featuredmedia":[{"embeddable":true,"href":"https:\/\/shop.kustom.ch\/fr\/wp-json\/wp\/v2\/media\/662413"}],"wp:attachment":[{"href":"https:\/\/shop.kustom.ch\/fr\/wp-json\/wp\/v2\/media?parent=662390"}],"wp:term":[{"taxonomy":"product_brand","embeddable":true,"href":"https:\/\/shop.kustom.ch\/fr\/wp-json\/wp\/v2\/product_brand?post=662390"},{"taxonomy":"product_cat","embeddable":true,"href":"https:\/\/shop.kustom.ch\/fr\/wp-json\/wp\/v2\/product_cat?post=662390"},{"taxonomy":"product_tag","embeddable":true,"href":"https:\/\/shop.kustom.ch\/fr\/wp-json\/wp\/v2\/product_tag?post=662390"}],"curies":[{"name":"wp","href":"https:\/\/api.w.org\/{rel}","templated":true}]}}