{"id":662329,"date":"2025-04-29T05:11:38","date_gmt":"2025-04-29T04:11:38","guid":{"rendered":"https:\/\/shop.kustom.ch\/?post_type=product&#038;p=662329"},"modified":"2026-03-31T08:32:54","modified_gmt":"2026-03-31T07:32:54","slug":"handwerker-shorts-mit-stretch-2","status":"publish","type":"product","link":"https:\/\/shop.kustom.ch\/fr\/produit\/handwerker-shorts-mit-stretch-2\/","title":{"rendered":"Short d'artisan avec stretch"},"content":{"rendered":"<p>La version short du pantalon de travail 1599 poss\u00e8de des empi\u00e8cements en fantastique tissu stretch quadri-directionnel sur le devant et l'empi\u00e8cement, ainsi qu'un tissu stretch bi-directionnel \u00e0 l'entrejambe. Si ton travail exige concentration et libert\u00e9 de mouvement, ce short d'artisan est fait pour toi.<\/p>\n<p>FONCTIONNALIT\u00c9 : Empi\u00e8cements en stretch sur le devant, au-dessus des fesses, sur les poches avant et \u00e0 l'entrejambe. D\u00c9TAILS : Poche amovible pour carte d'identit\u00e9. Boutons en m\u00e9tal. Porte-couteau avec bouton. Couture \u00e0 l'entrejambe en double piq\u00fbre. Fermeture \u00e0 glissi\u00e8re en plastique \u00e0 l'entrejambe. Larges passants de ceinture \u00e0 l'arri\u00e8re et sur les c\u00f4t\u00e9s. Deux passants de ceinture sur les c\u00f4t\u00e9s avec un bouton pour un passant pour marteau, un passant de ceinture avec anneau en D \u00e0 l'avant. Large passant de ceinture \u00e0 l'arri\u00e8re. Anneau en D \u00e0 la taille. POCHES : poche sur la jambe avec soufflet, poche pour stylo, poche flexible pour t\u00e9l\u00e9phone portable et deux grandes poches - une avec fermeture \u00e9clair et une poche amovible pour carte d'identit\u00e9. Poches arri\u00e8re \u00e0 soufflet. Poche ins\u00e9r\u00e9e avec insert stretch. Poches \u00e0 outils - avec porte-outils et poches suppl\u00e9mentaires \u00e0 fermeture \u00e9clair. Poche m\u00e8tre renforc\u00e9e avec porte couteau et poche stylo. RENFORCEMENT : Poches \u00e0 clous et poches arri\u00e8re renforc\u00e9es. REFLEX : D\u00e9tail r\u00e9fl\u00e9chissant sur la poche de jambe. INSTRUCTIONS DE LAVAGE : 40\u00b0 C. Ne pas blanchir. Ne pas repasser. Ne pas nettoyer \u00e0 sec. Ne pas essorer. TRAVAIL PRINCIPAL : \u00e9lectricien. Travailleur dans le jardin. Travailleurs manuels. Travailleurs de l'entrep\u00f4t. Ferblantier. Homme . TISSU : Hommes. Bleu. Noir. Empi\u00e8cement en stretch. Poches \u00e0 outils. Artisanat. Tissu stretch. USP : d\u00e9tails r\u00e9fl\u00e9chissants. Inserts en stretch. Poches \u00e0 outils<\/p>\n<p>60% coton, 40% polyester, toile, 340 g\/m<\/p>","protected":false},"excerpt":{"rendered":"<p>Die Shorts Variante der Handwerker Arbeitshose 1599 besitzt Eins\u00e4tze aus fantastischem 4-Wege-Stretch Material auf der Vorderseite und der Passe, sowie 2-Wege-Stretch Stoff im Schritt. Wenn deine Arbeit Konzentration und Bewegungsfreiheit erfordert, sind diese Handwerker Shorts genau das Richtige f\u00fcr dich. FUNKTIONALIT\u00c4T: Stretch-Eins\u00e4tze vorne, \u00fcber dem Ges\u00e4ss, an den Vordertaschen und im Schritt. DETAILS: Abnehmbare Ausweistasche. [&hellip;]<\/p>\n","protected":false},"featured_media":662352,"template":"","meta":[],"product_brand":[],"product_cat":[4198],"product_tag":[],"class_list":{"0":"post-662329","1":"product","2":"type-product","3":"status-publish","4":"has-post-thumbnail","6":"product_cat-shorts","7":"pa_brand-blaklaeder","8":"pa_brand-type-workwear","9":"pa_filter-color-blau","10":"pa_filter-color-grau","11":"pa_filter-color-schwarz","13":"first","14":"instock","15":"sale","16":"taxable","17":"shipping-taxable","18":"purchasable","19":"product-type-variable","20":"add-to-wishlist-before_image"},"exclude_global_add_ons":[],"addons":[],"acf":[],"_links":{"self":[{"href":"https:\/\/shop.kustom.ch\/fr\/wp-json\/wp\/v2\/product\/662329"}],"collection":[{"href":"https:\/\/shop.kustom.ch\/fr\/wp-json\/wp\/v2\/product"}],"about":[{"href":"https:\/\/shop.kustom.ch\/fr\/wp-json\/wp\/v2\/types\/product"}],"wp:featuredmedia":[{"embeddable":true,"href":"https:\/\/shop.kustom.ch\/fr\/wp-json\/wp\/v2\/media\/662352"}],"wp:attachment":[{"href":"https:\/\/shop.kustom.ch\/fr\/wp-json\/wp\/v2\/media?parent=662329"}],"wp:term":[{"taxonomy":"product_brand","embeddable":true,"href":"https:\/\/shop.kustom.ch\/fr\/wp-json\/wp\/v2\/product_brand?post=662329"},{"taxonomy":"product_cat","embeddable":true,"href":"https:\/\/shop.kustom.ch\/fr\/wp-json\/wp\/v2\/product_cat?post=662329"},{"taxonomy":"product_tag","embeddable":true,"href":"https:\/\/shop.kustom.ch\/fr\/wp-json\/wp\/v2\/product_tag?post=662329"}],"curies":[{"name":"wp","href":"https:\/\/api.w.org\/{rel}","templated":true}]}}