{"id":662267,"date":"2025-04-29T05:11:08","date_gmt":"2025-04-29T04:11:08","guid":{"rendered":"https:\/\/shop.kustom.ch\/?post_type=product&#038;p=662267"},"modified":"2026-03-31T08:32:49","modified_gmt":"2026-03-31T07:32:49","slug":"piratenhose-stretch","status":"publish","type":"product","link":"https:\/\/shop.kustom.ch\/fr\/produit\/piratenhose-stretch\/","title":{"rendered":"Pantalon pirate stretch"},"content":{"rendered":"<p>La version pirate du pantalon d'artisan 1599, incroyablement confortable et souple. Ce pantalon d'artisan pirate vous offre tout ce dont vous avez besoin en termes de durabilit\u00e9, de confort et de d\u00e9tails pratiques. Il est dot\u00e9 d'empi\u00e8cements extensibles en fantastique stretch 4 directions \u00e0 l'avant, au mollet et au-dessus du fessier, tandis qu'il pr\u00e9sente un stretch 2 directions plus fin \u00e0 l'entrejambe pour une meilleure a\u00e9ration. Si vous souhaitez travailler librement tout en restant concentr\u00e9, ce pantalon est fait pour vous.<\/p>\n<p>FONCTIONNALIT\u00c9 : Empi\u00e8cements stretch \u00e0 l'avant, aux genoux, au-dessus des fesses, sur les poches avant, aux mollets et \u00e0 l'entrejambe. D\u00c9TAILS : Poche amovible pour carte d'identit\u00e9. Boutons en m\u00e9tal. Porte-couteau avec bouton. Couture int\u00e9rieure de la jambe avec triple couture. Fermeture \u00e0 glissi\u00e8re en plastique \u00e0 l'entrejambe. Larges passants de ceinture \u00e0 l'arri\u00e8re et sur les c\u00f4t\u00e9s. Deux passants de ceinture sur les c\u00f4t\u00e9s avec un bouton pour un passant pour marteau, un passant de ceinture avec anneau en D \u00e0 l'avant. Large passant de ceinture \u00e0 l'arri\u00e8re. Anneau en D \u00e0 la taille. POCHES : poche sur la jambe avec soufflet, poche pour stylo, poche flexible pour t\u00e9l\u00e9phone portable et deux grandes poches - une avec fermeture \u00e9clair et une poche amovible pour carte d'identit\u00e9. Poches arri\u00e8re \u00e0 soufflet. Poches rembourr\u00e9es aux genoux. Poche ins\u00e9r\u00e9e avec insert en stretch. Poches \u00e0 outils - avec porte-outils et poches suppl\u00e9mentaires \u00e0 fermeture \u00e9clair. Poche m\u00e8tre renforc\u00e9e avec porte-couteau et poche stylo. RENFORCEMENT : Poches de genouill\u00e8res renforc\u00e9es par du CORDURA\u00ae stretch. Poches \u00e0 clous renforc\u00e9es, poche \u00e0 spatules, poches arri\u00e8re et bas de jambe \u00e0 l'arri\u00e8re. REFLEX : D\u00e9tails r\u00e9fl\u00e9chissants sur la jambe. FERMETURE : Bas de jambe renforc\u00e9 \u00e0 l'arri\u00e8re. INSTRUCTIONS DE LAVAGE : 40\u00b0 C. Ne pas blanchir. Ne pas repasser. Ne pas nettoyer \u00e0 sec. Ne pas essorer. TRAVAIL PRINCIPAL : \u00e9lectricien. Travailleur dans le jardin. Travailleurs manuels. Travailleurs de l'entrep\u00f4t. Ferblantier. Hommes . EN 14004. TISSU : Hommes. bleu. noir. Poches pour genouill\u00e8res. Empi\u00e8cement en stretch. Poches \u00e0 outils. Artisanat. Tissu extensible. USP : poches pour genouill\u00e8res en CORDURA\u00ae stretch renforc\u00e9. D\u00e9tails r\u00e9fl\u00e9chissants. Inserts en stretch. Renforts aux poches et aux bas de jambes. Poches \u00e0 outils. CERTIFICATION : EN 14404:2004+A1:2010 avec genouill\u00e8res 4027, 4057, 4058 et 4032.<\/p>\n<p>60% coton, 40% polyester, toile, 340 g\/m<\/p>","protected":false},"excerpt":{"rendered":"<p>Die Piratenversion der unglaublich bequemen und nachgiebigen Handwerkerhose 1599. Diese Piratenhose im Handwerkermodell bietet Ihnen alles, was Sie ben\u00f6tigen wenn es um Haltbarkeit, Komfort und praktische Details geht. Sie hat Stretch-Eins\u00e4tze aus fantastischem 4-Wege-Stretch vorne, an der Wade und \u00fcber dem Ges\u00e4ss, w\u00e4hrend sie d\u00fcnneres 2-Wege-Stretch im Schritt f\u00fcr bessere Bel\u00fcftung aufweist. Wenn Sie frei [&hellip;]<\/p>\n","protected":false},"featured_media":662307,"template":"","meta":[],"product_brand":[],"product_cat":[4198],"product_tag":[],"class_list":{"0":"post-662267","1":"product","2":"type-product","3":"status-publish","4":"has-post-thumbnail","6":"product_cat-shorts","7":"pa_brand-blaklaeder","8":"pa_brand-type-workwear","9":"pa_filter-color-blau","10":"pa_filter-color-schwarz","12":"first","13":"instock","14":"sale","15":"taxable","16":"shipping-taxable","17":"purchasable","18":"product-type-variable","19":"add-to-wishlist-before_image"},"exclude_global_add_ons":[],"addons":[],"acf":[],"_links":{"self":[{"href":"https:\/\/shop.kustom.ch\/fr\/wp-json\/wp\/v2\/product\/662267"}],"collection":[{"href":"https:\/\/shop.kustom.ch\/fr\/wp-json\/wp\/v2\/product"}],"about":[{"href":"https:\/\/shop.kustom.ch\/fr\/wp-json\/wp\/v2\/types\/product"}],"wp:featuredmedia":[{"embeddable":true,"href":"https:\/\/shop.kustom.ch\/fr\/wp-json\/wp\/v2\/media\/662307"}],"wp:attachment":[{"href":"https:\/\/shop.kustom.ch\/fr\/wp-json\/wp\/v2\/media?parent=662267"}],"wp:term":[{"taxonomy":"product_brand","embeddable":true,"href":"https:\/\/shop.kustom.ch\/fr\/wp-json\/wp\/v2\/product_brand?post=662267"},{"taxonomy":"product_cat","embeddable":true,"href":"https:\/\/shop.kustom.ch\/fr\/wp-json\/wp\/v2\/product_cat?post=662267"},{"taxonomy":"product_tag","embeddable":true,"href":"https:\/\/shop.kustom.ch\/fr\/wp-json\/wp\/v2\/product_tag?post=662267"}],"curies":[{"name":"wp","href":"https:\/\/api.w.org\/{rel}","templated":true}]}}