{"id":662266,"date":"2025-04-29T05:11:08","date_gmt":"2025-04-29T04:11:08","guid":{"rendered":"https:\/\/shop.kustom.ch\/?post_type=product&#038;p=662266"},"modified":"2026-03-31T08:32:45","modified_gmt":"2026-03-31T07:32:45","slug":"high-vis-shorts-mit-stretch-3","status":"publish","type":"product","link":"https:\/\/shop.kustom.ch\/fr\/produit\/high-vis-shorts-mit-stretch-3\/","title":{"rendered":"Short haute visibilit\u00e9 avec stretch"},"content":{"rendered":"<p>Short haute visibilit\u00e9 avec empi\u00e8cements stretch 4 directions \u00e0 l'avant et \u00e0 l'arri\u00e8re. Avec des poches holster extra larges, des poches arri\u00e8re et une poche m\u00e8tre renforc\u00e9e par du CORDURA\u00ae. Des bandes r\u00e9fl\u00e9chissantes discontinues autour des jambes assurent une plus grande libert\u00e9 de mouvement et augmentent la visibilit\u00e9. Certifi\u00e9 selon la norme EN ISO 20471, classe 1.<\/p>\n<p>FONCTIONNALIT\u00c9 : Insert stretch \u00e0 l'entrejambe et au-dessus des fesses. Stretch sur le devant. D\u00c9TAILS : Coutures renforc\u00e9es \u00e0 l'entrejambe. Fermeture \u00e9clair en plastique \u00e0 l'entrejambe. Passants, dont un avec anneau en D. \u00c9lastique \u00e0 la taille. POCHES : Poche sur la jambe avec soufflet, rabat et poche \u00e0 crayons, poche suppl\u00e9mentaire, poche pour t\u00e9l\u00e9phone portable et poche pour carte d'identit\u00e9. Poches arri\u00e8re renforc\u00e9es par un soufflet. Poches lat\u00e9rales renforc\u00e9es. Poches \u00e0 outils suspendues amovibles et interchangeables, extra larges, \u00e9quip\u00e9es de crochets \u00e0 outils, compartiment \u00e0 outils et poches suppl\u00e9mentaires avec fermeture \u00e9clair. Poche m\u00e8tre renforc\u00e9e avec porte couteau et poche stylo. RENFORCEMENT : poches \u00e0 outils, poches arri\u00e8re et poche m\u00e8tre renforc\u00e9es en CORDURA\u00ae. REFLEX : bandes r\u00e9fl\u00e9chissantes de transfert de 50 mm de large. Mat\u00e9riau r\u00e9fl\u00e9chissant tout autour des jambes. INSTRUCTIONS DE LAVAGE : Nombre de lavages : 50. 60\u00b0 C. Ne pas blanchir. Ne pas repasser. Ne pas nettoyer \u00e0 sec. Ne pas essorer. ACTIVIT\u00c9S PRINCIPALES : Conducteur. Travailleur manuel. Travailleurs de l'entrep\u00f4t. Travailleurs de la route et du b\u00e2timent. Homme. EN ISO 20471. TISSU : Hommes. bleu. Jaune haute visibilit\u00e9. L\u00e9ger. Insert en stretch. Poches \u00e0 outils. Tissu extensible. Protection haute visibilit\u00e9. USP : poches \u00e0 outils renforc\u00e9es en CORDURA\u00ae. Bande r\u00e9fl\u00e9chissante segment\u00e9e. Empi\u00e8cements en stretch. R\u00e9sistant \u00e0 l'eau. CERTIFICATION : EN ISO 20471, classe 1. groupe de certification V<\/p>\n<p>65% polyester, 35% coton, serg\u00e9, ext\u00e9rieur hydrofuge, 240g\/m<\/p>","protected":false},"excerpt":{"rendered":"<p>High Vis Shorts mit 4-Wege-Stretch Eins\u00e4tzen an der vorderen und hinteren Passe. Mit extra breiten Holstertaschen, Ges\u00e4sstaschen und einer Zollstocktasche, die mit CORDURA\u00ae verst\u00e4rkt ist. Unterbrochene Reflexstreifen um die Beine herum sorgen f\u00fcr mehr Bewegungsfreiheit und erh\u00f6hen die Sichtbarkeit. Zertifiziert nach EN ISO 20471 Standard, Klasse 1. FUNKTIONALIT\u00c4T: Stretch Einsatz im Schritt und \u00fcber dem [&hellip;]<\/p>\n","protected":false},"featured_media":662285,"template":"","meta":[],"product_brand":[],"product_cat":[4198],"product_tag":[],"class_list":{"0":"post-662266","1":"product","2":"type-product","3":"status-publish","4":"has-post-thumbnail","6":"product_cat-shorts","7":"pa_brand-blaklaeder","8":"pa_brand-type-workwear","9":"pa_filter-color-blau","10":"pa_filter-color-gelb","12":"first","13":"instock","14":"sale","15":"taxable","16":"shipping-taxable","17":"purchasable","18":"product-type-variable","19":"add-to-wishlist-before_image"},"exclude_global_add_ons":[],"addons":[],"acf":[],"_links":{"self":[{"href":"https:\/\/shop.kustom.ch\/fr\/wp-json\/wp\/v2\/product\/662266"}],"collection":[{"href":"https:\/\/shop.kustom.ch\/fr\/wp-json\/wp\/v2\/product"}],"about":[{"href":"https:\/\/shop.kustom.ch\/fr\/wp-json\/wp\/v2\/types\/product"}],"wp:featuredmedia":[{"embeddable":true,"href":"https:\/\/shop.kustom.ch\/fr\/wp-json\/wp\/v2\/media\/662285"}],"wp:attachment":[{"href":"https:\/\/shop.kustom.ch\/fr\/wp-json\/wp\/v2\/media?parent=662266"}],"wp:term":[{"taxonomy":"product_brand","embeddable":true,"href":"https:\/\/shop.kustom.ch\/fr\/wp-json\/wp\/v2\/product_brand?post=662266"},{"taxonomy":"product_cat","embeddable":true,"href":"https:\/\/shop.kustom.ch\/fr\/wp-json\/wp\/v2\/product_cat?post=662266"},{"taxonomy":"product_tag","embeddable":true,"href":"https:\/\/shop.kustom.ch\/fr\/wp-json\/wp\/v2\/product_tag?post=662266"}],"curies":[{"name":"wp","href":"https:\/\/api.w.org\/{rel}","templated":true}]}}