{"id":662190,"date":"2025-04-29T05:10:32","date_gmt":"2025-04-29T04:10:32","guid":{"rendered":"https:\/\/shop.kustom.ch\/?post_type=product&#038;p=662190"},"modified":"2026-03-31T08:32:44","modified_gmt":"2026-03-31T07:32:44","slug":"handwerker-arbeitshose-mit-stretch-5","status":"publish","type":"product","link":"https:\/\/shop.kustom.ch\/fr\/produit\/handwerker-arbeitshose-mit-stretch-5\/","title":{"rendered":"Pantalon de travail d'artisan avec stretch"},"content":{"rendered":"<p>Le pantalon de travail traditionnel des artisans est compos\u00e9 d'un mat\u00e9riau en toile. Les exigences en mati\u00e8re de durabilit\u00e9, de confort et de d\u00e9tails pratiques influencent le choix du v\u00eatement de travail. Le pantalon de travail a une coupe plus \u00e9troite et le mat\u00e9riau est un tissu canvas qui est solide mais l\u00e9ger et a\u00e9r\u00e9. Les empi\u00e8cements stretch au-dessus du fessier et \u00e0 l'ouverture des poches et les poches genouill\u00e8res en tissu stretch CORDURA\u00ae rendent le pantalon flexible et parfaitement adapt\u00e9 au travail impliquant de nombreux mouvements. De plus, ce pantalon est dot\u00e9 de nombreux d\u00e9tails intelligents et fonctionnels tels que des poches suppl\u00e9mentaires \u00e0 fermeture \u00e9clair pour un rangement s\u00fbr, une poche pour t\u00e9l\u00e9phone portable en tissu stretch facilement accessible et adapt\u00e9e \u00e0 la plupart des t\u00e9l\u00e9phones portables et des d\u00e9tails r\u00e9fl\u00e9chissants noirs discrets sur le mollet.<\/p>\n<p>FONCTIONNALIT\u00c9 : Empi\u00e8cements en stretch sur l'empi\u00e8cement dorsal, les poches avant, les genoux et le creux poplit\u00e9. D\u00c9TAILS : Poche amovible pour carte d'identit\u00e9. Boutons en m\u00e9tal. Porte-couteau avec bouton. Couture int\u00e9rieure de la jambe avec triple couture. Fermeture \u00e0 glissi\u00e8re en plastique \u00e0 l'entrejambe. Larges passants de ceinture \u00e0 l'arri\u00e8re et sur les c\u00f4t\u00e9s. Deux passants de ceinture sur les c\u00f4t\u00e9s avec un bouton pour un passant pour marteau, un passant de ceinture avec anneau en D \u00e0 l'avant. Large passant de ceinture \u00e0 l'arri\u00e8re. Anneau en D \u00e0 la taille. POCHES : poche sur la jambe avec soufflet, poche pour stylo, poche flexible pour t\u00e9l\u00e9phone portable et deux grandes poches - une avec fermeture \u00e9clair et une poche amovible pour carte d'identit\u00e9. Poches arri\u00e8re \u00e0 soufflet. Poches rembourr\u00e9es aux genoux. Poche ins\u00e9r\u00e9e avec insert stretch. Poches \u00e0 outils - avec porte-outils et poches suppl\u00e9mentaires \u00e0 fermeture \u00e9clair. Poche m\u00e8tre renforc\u00e9e avec porte-couteau et poche stylo. RENFORCEMENT : Poches de genouill\u00e8res renforc\u00e9es par du CORDURA\u00ae stretch. Poches \u00e0 clous renforc\u00e9es, poche \u00e0 spatules, poches arri\u00e8re et bas de jambe \u00e0 l'arri\u00e8re. REFLEX : D\u00e9tails r\u00e9fl\u00e9chissants sur la jambe. FERMETURE : Bas de jambe renforc\u00e9 \u00e0 l'arri\u00e8re. INSTRUCTIONS DE LAVAGE : 60\u00b0 C. Repassage - moyen. Ne pas blanchir. Ne pas nettoyer \u00e0 sec. S\u00e8che-linge - bas. TRAVAUX PRINCIPAUX : \u00c9lectricien. Jardinier, jardinier, etc. Travailleur manuel. Travailleurs de l'entrep\u00f4t. Plombiers. EN 14004. TISSU : Hommes. bleu. noir. Poches pour genouill\u00e8res. Empi\u00e8cement en stretch. Poches \u00e0 outils. Artisanat. Tissu stretch. USP : coupe ajust\u00e9e. Poches pour genouill\u00e8res en CORDURA\u00ae stretch renforc\u00e9. Inserts en stretch. Renforts aux poches et aux bas de jambes. Poches \u00e0 outils. CERTIFICATION : EN 14404:2004+A1:2010 avec genouill\u00e8res 4027, 4057, 4058 et 4032.<\/p>\n<p>60% coton, 40% polyester, toile, 340 g\/m<\/p>","protected":false},"excerpt":{"rendered":"<p>Die traditionelle Handwerker Arbeitshose besteht aus einem Canvas Material. Die Anforderungen an Haltbarkeit, Komfort und praktische Details beeinflussen die Wahl der Arbeitskleidung. Die Bundhose hat eine engere Passform und das Material besteht aus einem Canvas Stoff, der stark aber dennoch leicht und luftig ist. Die Stretch Eins\u00e4tze \u00fcber dem Ges\u00e4ss und an der Taschen\u00f6ffnung und [&hellip;]<\/p>\n","protected":false},"featured_media":662199,"template":"","meta":[],"product_brand":[],"product_cat":[4185],"product_tag":[],"class_list":{"0":"post-662190","1":"product","2":"type-product","3":"status-publish","4":"has-post-thumbnail","6":"product_cat-hosen","7":"pa_brand-blaklaeder","8":"pa_brand-type-workwear","9":"pa_filter-color-blau","10":"pa_filter-color-grau","11":"pa_filter-color-schwarz","13":"first","14":"instock","15":"sale","16":"taxable","17":"shipping-taxable","18":"purchasable","19":"product-type-variable","20":"add-to-wishlist-before_image"},"exclude_global_add_ons":[],"addons":[],"acf":[],"_links":{"self":[{"href":"https:\/\/shop.kustom.ch\/fr\/wp-json\/wp\/v2\/product\/662190"}],"collection":[{"href":"https:\/\/shop.kustom.ch\/fr\/wp-json\/wp\/v2\/product"}],"about":[{"href":"https:\/\/shop.kustom.ch\/fr\/wp-json\/wp\/v2\/types\/product"}],"wp:featuredmedia":[{"embeddable":true,"href":"https:\/\/shop.kustom.ch\/fr\/wp-json\/wp\/v2\/media\/662199"}],"wp:attachment":[{"href":"https:\/\/shop.kustom.ch\/fr\/wp-json\/wp\/v2\/media?parent=662190"}],"wp:term":[{"taxonomy":"product_brand","embeddable":true,"href":"https:\/\/shop.kustom.ch\/fr\/wp-json\/wp\/v2\/product_brand?post=662190"},{"taxonomy":"product_cat","embeddable":true,"href":"https:\/\/shop.kustom.ch\/fr\/wp-json\/wp\/v2\/product_cat?post=662190"},{"taxonomy":"product_tag","embeddable":true,"href":"https:\/\/shop.kustom.ch\/fr\/wp-json\/wp\/v2\/product_tag?post=662190"}],"curies":[{"name":"wp","href":"https:\/\/api.w.org\/{rel}","templated":true}]}}