{"id":662189,"date":"2025-04-29T05:10:32","date_gmt":"2025-04-29T04:10:32","guid":{"rendered":"https:\/\/shop.kustom.ch\/?post_type=product&#038;p=662189"},"modified":"2026-03-31T08:32:39","modified_gmt":"2026-03-31T07:32:39","slug":"multinorm-arbeitshose-inhaerent-4","status":"publish","type":"product","link":"https:\/\/shop.kustom.ch\/fr\/produit\/multinorm-arbeitshose-inhaerent-4\/","title":{"rendered":"Pantalon de travail Multinorm Inh\u00e9rent"},"content":{"rendered":"<p>Pantalon ol\u00e9ophobe, anti-salissures et imperm\u00e9able avec un excellent rapport r\u00e9sistance\/poids. Le tissu est ignifug\u00e9 en interne, ce qui signifie que les propri\u00e9t\u00e9s ignifuges sont naturellement contenues dans les fibres. Le pantalon est dot\u00e9 d'inserts renforc\u00e9s en CORDURA\u00ae\/Kevlar\u00ae\/Protal\u00ae au niveau des genoux. Il pr\u00e9sente de nombreuses solutions de poches astucieuses qui r\u00e9pondent aux certifications et aux normes. Les poches pr\u00e9sentant une usure excessive sont doublement renforc\u00e9es afin de prolonger leur dur\u00e9e de vie. Le pantalon poss\u00e8de des poches \u00e0 clous, une poche m\u00e8tre ouverte et des poches arri\u00e8re sans rabat. Le tissu ripstop offre une excellente r\u00e9sistance \u00e0 la d\u00e9chirure. Le produit est certifi\u00e9 selon : EN 14404, EN 1149-5, EN ISO 20471, EN ISO 11612, IEC 61482-2. ATPV : 11 cal\/cm\u00b2, HAF : 79,3%, LOI : 29,6%. Atteint la certification de classe 3 lorsqu'elle est combin\u00e9e avec la veste 4089 sous la norme EN ISO 20471. R\u00e9pond aux exigences de la norme EN ISO 15797 pour le lavage industriel.<\/p>\n<p>FONCTIONNALIT\u00c9 : Sans m\u00e9tal. Surface ol\u00e9ophobe, antisalissante et hydrofuge. D\u00c9TAILS : Poche d'identification amovible pour les v\u00eatements ignifuges. \u00c9tiquettes de certification ext\u00e9rieures. Fermeture \u00e0 glissi\u00e8re en plastique \u00e0 l'entrejambe. Passants, dont un avec anneau en D. POCHES : Poche sur la jambe avec soufflet, poche pour t\u00e9l\u00e9phone portable et poche pour stylo. Poches arri\u00e8re renforc\u00e9es par un soufflet. Poches ext\u00e9rieures pour genouill\u00e8res. Poches avant en biais. Poches \u00e0 outils renforc\u00e9es en trois parties. Poche m\u00e8tre avec porte-couteau et poche stylo. RENFORCEMENT : CORDURA\u00ae\/Kevlar\u00ae\/Protal\u00ae - renforc\u00e9 aux genoux. REFLEX : Bandes r\u00e9fl\u00e9chissantes ignifuges avec doubles coutures. FERMETURE : Largeur r\u00e9glable de l'ourlet de la jambe avec boutons-pression en plastique. INSTRUCTIONS DE LAVAGE : 60\u00b0 C. Ne pas blanchir. Ne pas repasser. Ne pas nettoyer \u00e0 sec. PRO : adapt\u00e9 au s\u00e9chage en tambour. S\u00e8che-linge - bas. PROPRIETES PRINCIPALES : \u00e9lectricien. Travailleur manuel. Personnel de service. Travailleurs de la route et du b\u00e2timent. EN 1149-5. EN 14004. EN 61482-2. EN ISO 11612. EN ISO 20471. TISSU : Hommes. bleu. Jaune haute visibilit\u00e9. Poches rembourr\u00e9es aux genoux. Sans m\u00e9tal. Poches \u00e0 outils. Protection contre les flammes. LAVAGE : Lavage industriel EN ISO 15797. CERTIFICATION : EN 1149-5. 50 cycles de lavage maximum. EN 14404:2004+A1:2010 avec genouill\u00e8res 4027 et 4057. ATPV - 11 cal\/cm\u00b2. ELIM - 10 cal\/cm\u00b2. EN 61482-2, APC 1. 50 cycles de lavage maximum. EN ISO 11612 A1,A2,B1,C1,F1. Max. 50 cycles de lavage. EN ISO 20471, classe 2. 50 cycles de lavage max. Groupe de certification Y<\/p>\n<p>44% Modacrylique, 30% Coton, 20% FR Polyamide, 5% Aramide, 1% antistatique, Ripstop, ignifug\u00e9, antistatique, 260 g\/m<\/p>","protected":false},"excerpt":{"rendered":"<p>\u00d6l-, schmutz- und wasserabweisende Hose mit ausgezeichnetem St\u00e4rke-Gewichts-Verh\u00e4ltnis. Der Stoff ist inherent flammfest, was bedeutet, dass die Flammschutz-Eigenschaften nat\u00fcrlich in den Fasern enthalten sind. Die Hose hat robuste CORDURA\u00ae\/Kevlar\u00ae\/Protal\u00ae verst\u00e4rkte Eins\u00e4tze an den Knien. Sie weist viele clevere Taschenl\u00f6sungen, die die Zertifizierungen und Normen erf\u00fcllen, auf. Taschen mit \u00fcberm\u00e4ssiger Abnutzung sind doppelt verst\u00e4rkt, um ihre [&hellip;]<\/p>\n","protected":false},"featured_media":662198,"template":"","meta":[],"product_brand":[],"product_cat":[4185],"product_tag":[],"class_list":{"0":"post-662189","1":"product","2":"type-product","3":"status-publish","4":"has-post-thumbnail","6":"product_cat-hosen","7":"pa_brand-blaklaeder","8":"pa_brand-type-workwear","9":"pa_filter-color-blau","10":"pa_filter-color-gelb","11":"pa_filter-color-orange","13":"first","14":"instock","15":"sale","16":"taxable","17":"shipping-taxable","18":"purchasable","19":"product-type-variable","20":"add-to-wishlist-before_image"},"exclude_global_add_ons":[],"addons":[],"acf":[],"_links":{"self":[{"href":"https:\/\/shop.kustom.ch\/fr\/wp-json\/wp\/v2\/product\/662189"}],"collection":[{"href":"https:\/\/shop.kustom.ch\/fr\/wp-json\/wp\/v2\/product"}],"about":[{"href":"https:\/\/shop.kustom.ch\/fr\/wp-json\/wp\/v2\/types\/product"}],"wp:featuredmedia":[{"embeddable":true,"href":"https:\/\/shop.kustom.ch\/fr\/wp-json\/wp\/v2\/media\/662198"}],"wp:attachment":[{"href":"https:\/\/shop.kustom.ch\/fr\/wp-json\/wp\/v2\/media?parent=662189"}],"wp:term":[{"taxonomy":"product_brand","embeddable":true,"href":"https:\/\/shop.kustom.ch\/fr\/wp-json\/wp\/v2\/product_brand?post=662189"},{"taxonomy":"product_cat","embeddable":true,"href":"https:\/\/shop.kustom.ch\/fr\/wp-json\/wp\/v2\/product_cat?post=662189"},{"taxonomy":"product_tag","embeddable":true,"href":"https:\/\/shop.kustom.ch\/fr\/wp-json\/wp\/v2\/product_tag?post=662189"}],"curies":[{"name":"wp","href":"https:\/\/api.w.org\/{rel}","templated":true}]}}