{"id":662127,"date":"2025-04-29T05:10:08","date_gmt":"2025-04-29T04:10:08","guid":{"rendered":"https:\/\/shop.kustom.ch\/?post_type=product&#038;p=662127"},"modified":"2026-03-31T08:32:35","modified_gmt":"2026-03-31T07:32:35","slug":"multinorm-arbeitshose-inhaerent-3","status":"publish","type":"product","link":"https:\/\/shop.kustom.ch\/fr\/produit\/multinorm-arbeitshose-inhaerent-3\/","title":{"rendered":"Pantalon de travail Multinorm Inh\u00e9rent"},"content":{"rendered":"<p>Pantalon ol\u00e9ophobe, anti-salissures et imperm\u00e9able avec un excellent rapport r\u00e9sistance\/poids. Le tissu est ignifug\u00e9 en interne, ce qui signifie que les propri\u00e9t\u00e9s ignifuges sont naturellement contenues dans les fibres. Le pantalon est dot\u00e9 d'inserts renforc\u00e9s en CORDURA\u00ae\/Kevlar\u00ae\/Protal\u00ae au niveau des genoux. Il pr\u00e9sente de nombreuses solutions de poches astucieuses qui r\u00e9pondent aux certifications et aux normes. Les poches soumises \u00e0 une usure excessive sont doublement renforc\u00e9es afin de prolonger leur dur\u00e9e de vie. Le tissu ripstop offre une excellente r\u00e9sistance \u00e0 la d\u00e9chirure. Test\u00e9 et approuv\u00e9 pour 50 lavages. Le produit est certifi\u00e9 selon : EN 14404, EN 1149-5, EN ISO 11611, EN 13034, EN ISO 20471, EN ISO 11612, IEC 61482-2. ATPV : 11 cal\/cm\u00b2, HAF : 79,3%, LOI : 29,6%. Atteint la certification de classe 3 lorsqu'elle est combin\u00e9e avec la veste 4089 sous la norme EN ISO 20471. R\u00e9pond aux exigences de la norme EN ISO 15797 pour le lavage industriel.<\/p>\n<p>FONCTIONNALIT\u00c9 : Sans m\u00e9tal. Surface ol\u00e9ophobe, antisalissante et hydrofuge. D\u00c9TAILS : Poche d'identification amovible pour les v\u00eatements ignifuges. \u00c9tiquettes de certification ext\u00e9rieures. Fermeture \u00e0 glissi\u00e8re en plastique \u00e0 l'entrejambe. Passants, dont un avec anneau en D. POCHES : Poche sur la jambe avec soufflet, rabat et poche \u00e0 crayons, poche suppl\u00e9mentaire, poche pour t\u00e9l\u00e9phone portable et poche pour carte d'identit\u00e9. Poches arri\u00e8re renforc\u00e9es par un soufflet et un rabat. Poches ext\u00e9rieures pour genouill\u00e8res. Poches avant en biais. Poche m\u00e8tre avec porte-couteau et poche stylo. RENFORCEMENT : CORDURA\u00ae\/Kevlar\u00ae\/Protal\u00ae - renforc\u00e9 aux genoux. REFLEX : Bandes r\u00e9fl\u00e9chissantes ignifuges avec doubles coutures. FERMETURE : Largeur r\u00e9glable de l'ourlet de la jambe avec boutons-pression en plastique. INSTRUCTIONS DE LAVAGE : 60\u00b0 C. Ne pas blanchir. Ne pas repasser. Ne pas nettoyer \u00e0 sec. PRO : adapt\u00e9 au s\u00e9chage en tambour. S\u00e8che-linge - bas. PROPRI\u00c9T\u00c9S PRINCIPALES : \u00e9lectricien. Travailleur manuel. Personnel de service. Travailleurs de la route et du b\u00e2timent. EN 1149-5. EN 13034. EN 14004. EN 61482-2. EN ISO 11611. EN ISO 11612. EN ISO 20471. TISSU : Disponible pour femmes et hommes. Hommes. bleu. Jaune haute visibilit\u00e9. Poches pour genouill\u00e8res. Sans m\u00e9tal. Protection contre les flammes. USP : propri\u00e9t\u00e9s antistatiques. Poches de genouill\u00e8res renforc\u00e9es en CORDURA\u00ae. Intrins\u00e8quement ignifuge. Sans m\u00e9tal ni polyester. R\u00e9sistant \u00e0 l'huile et \u00e0 la salet\u00e9. R\u00e9sistant \u00e0 l'eau. CERTIFICATION : EN 1149-5. 50 lavages maximum. EN 13034 PB (6). Max. 20 cycles de lavage. EN 14404:2004+A1:2010 avec genouill\u00e8res 4027 et 4057. ATPV - 11 cal\/cm\u00b2. ELIM - 10 cal\/cm\u00b2. EN 61482-2, APC 1. 50 cycles de lavage maximum. EN ISO 11611, classe 1 A1+A2. Max. 50 cycles de lavage. EN ISO 11612 A1, A2, B1, C1, E2, F1. Max. 50 cycles de lavage. EN ISO 20471, classe 2. 50 cycles de lavage max. Groupe de certification Y<\/p>\n<p>44% Modacrylique, 30% Coton, 20% FR Polyamide, 5% Aramide, 1% antistatique, Ripstop, ignifug\u00e9, antistatique, 260 g\/m<\/p>","protected":false},"excerpt":{"rendered":"<p>\u00d6l-, schmutz- und wasserabweisende Hose mit ausgezeichnetem St\u00e4rke-Gewichts-Verh\u00e4ltnis. Der Stoff ist inherent flammfest, was bedeutet, dass die Flammschutz-Eigenschaften nat\u00fcrlich in den Fasern enthalten sind. Die Hose hat robuste CORDURA\u00ae\/Kevlar\u00ae\/Protal\u00ae verst\u00e4rkte Eins\u00e4tze an den Knien. Sie weist viele clevere Taschenl\u00f6sungen, die die Zertifizierungen und Normen erf\u00fcllen, auf. Taschen mit \u00fcberm\u00e4ssiger Abnutzung sind doppelt verst\u00e4rkt, um ihre [&hellip;]<\/p>\n","protected":false},"featured_media":662148,"template":"","meta":[],"product_brand":[],"product_cat":[4185],"product_tag":[],"class_list":{"0":"post-662127","1":"product","2":"type-product","3":"status-publish","4":"has-post-thumbnail","6":"product_cat-hosen","7":"pa_brand-blaklaeder","8":"pa_brand-type-workwear","9":"pa_filter-color-blau","10":"pa_filter-color-gelb","11":"pa_filter-color-orange","13":"first","14":"instock","15":"sale","16":"taxable","17":"shipping-taxable","18":"purchasable","19":"product-type-variable","20":"add-to-wishlist-before_image"},"exclude_global_add_ons":[],"addons":[],"acf":[],"_links":{"self":[{"href":"https:\/\/shop.kustom.ch\/fr\/wp-json\/wp\/v2\/product\/662127"}],"collection":[{"href":"https:\/\/shop.kustom.ch\/fr\/wp-json\/wp\/v2\/product"}],"about":[{"href":"https:\/\/shop.kustom.ch\/fr\/wp-json\/wp\/v2\/types\/product"}],"wp:featuredmedia":[{"embeddable":true,"href":"https:\/\/shop.kustom.ch\/fr\/wp-json\/wp\/v2\/media\/662148"}],"wp:attachment":[{"href":"https:\/\/shop.kustom.ch\/fr\/wp-json\/wp\/v2\/media?parent=662127"}],"wp:term":[{"taxonomy":"product_brand","embeddable":true,"href":"https:\/\/shop.kustom.ch\/fr\/wp-json\/wp\/v2\/product_brand?post=662127"},{"taxonomy":"product_cat","embeddable":true,"href":"https:\/\/shop.kustom.ch\/fr\/wp-json\/wp\/v2\/product_cat?post=662127"},{"taxonomy":"product_tag","embeddable":true,"href":"https:\/\/shop.kustom.ch\/fr\/wp-json\/wp\/v2\/product_tag?post=662127"}],"curies":[{"name":"wp","href":"https:\/\/api.w.org\/{rel}","templated":true}]}}