{"id":662073,"date":"2025-04-29T05:09:38","date_gmt":"2025-04-29T04:09:38","guid":{"rendered":"https:\/\/shop.kustom.ch\/?post_type=product&#038;p=662073"},"modified":"2026-03-31T08:32:31","modified_gmt":"2026-03-31T07:32:31","slug":"multinorm-arbeitshose-inhaerent-mit-stretch-2","status":"publish","type":"product","link":"https:\/\/shop.kustom.ch\/fr\/produit\/multinorm-arbeitshose-inhaerent-mit-stretch-2\/","title":{"rendered":"Pantalon de travail Multinorm Intransigeant avec stretch"},"content":{"rendered":"<p>Pantalon de travail ignifug\u00e9 pour les travaux de maintenance dans des environnements expos\u00e9s. Ce pantalon r\u00e9sistant \u00e0 l'huile, \u00e0 la salet\u00e9 et \u00e0 l'eau r\u00e9pond \u00e0 toutes les exigences d'un v\u00eatement de travail robuste, con\u00e7u pour la s\u00e9curit\u00e9 et la protection lors des travaux de maintenance. Il dispose de poches suspendues spacieuses pour les outils et de poches pratiques pour les genouill\u00e8res avec renforts CORDURA\u00ae\/Kevlar\u00ae\/Protal\u00ae. Certifi\u00e9 conforme aux normes EN 14404, EN 1149-5, EN ISO 20471, EN ISO 11612, IEC 61482-2. R\u00e9sistance \u00e0 l'arc \u00e9lectrique, 10,7 cal\/cm\u00b2 (valable pour le mat\u00e9riau stretch).<\/p>\n<p>FONCTIONNALIT\u00c9 : Sans m\u00e9tal. Surface ol\u00e9ofuge, antisalissure et hydrofuge. Insert stretch \u00e0 l'entrejambe et au fessier. D\u00c9TAILS : Poche d'identification amovible pour les v\u00eatements ignifuges. \u00c9tiquette \u00e0 l'ext\u00e9rieur. Fermeture \u00e0 glissi\u00e8re en plastique \u00e0 l'entrejambe. Passants, dont un avec anneau en D. POCHES : Poche sur la jambe avec soufflet, rabat et poche pour t\u00e9l\u00e9phone portable. Poche arri\u00e8re. Poches ext\u00e9rieures pour genouill\u00e8res. Poches lat\u00e9rales. Poches \u00e0 outils renforc\u00e9es en trois parties. Poche m\u00e8tre renforc\u00e9e avec deux possibilit\u00e9s de placement du couteau et une poche stylo. RENFORCEMENT : CORDURA\u00ae\/Kevlar\u00ae\/Protal\u00ae - renforc\u00e9 au niveau des genoux. REFLEX : Bandes r\u00e9fl\u00e9chissantes ignifuges avec doubles coutures. FERMETURE : Possibilit\u00e9 de rallonger l'ourlet de la jambe, ne s'applique pas aux tailles D. INSTRUCTIONS DE LAVAGE : 60\u00b0 C. Ne pas blanchir. Ne pas repasser. Ne pas nettoyer \u00e0 sec. S\u00e8che-linge - bas. TRAVAIL PRINCIPAL : \u00e9lectricien. Travailleur manuel. Personnel de service. Travailleurs de la route et de la construction. EN 1149-5. EN 14004. EN 61482-2. EN ISO 11612. EN ISO 20471. TISSU : Hommes. bleu. Jaune haute visibilit\u00e9. Poches rembourr\u00e9es aux genoux. Sans m\u00e9tal. Tissu stretch. Poches \u00e0 outils. Protection contre les flammes. USP : propri\u00e9t\u00e9s antistatiques. Poches de genouill\u00e8res renforc\u00e9es en CORDURA\u00ae. Intrins\u00e8quement ignifuge. Sans m\u00e9tal ni polyester. R\u00e9sistant \u00e0 l'huile et \u00e0 la salet\u00e9. Poches renforc\u00e9es. R\u00e9sistant \u00e0 l'eau. Poches \u00e0 outils. CERTIFICATION : EN 1149-5. EN 14404:2004+A1:2010 ensemble avec genouill\u00e8res 4027 et 4057. EN ISO 11612 A1, B1, C1, F1. EN ISO 20471, classe 2. 50 cycles de lavage max. Groupe de certification Y. ATPV - 10,7 cal\/cm\u00b2. IEC 61482-2, APC 1<\/p>\n<p>44% Modacrylique, 30% Coton, 20% FR Polyamide, 5% Aramide, 1% antistatique, Ripstop, ignifug\u00e9, antistatique, 260 g\/m<\/p>","protected":false},"excerpt":{"rendered":"<p>Flammhemmende Arbeitshose f\u00fcr Wartungsarbeiten in exponierten Umgebungen. Diese \u00f6l-, schmutz- und wasserabweisende Hose erf\u00fcllt alle Anforderungen an eine robuste Arbeitskleidung, die f\u00fcr Sicherheit und Schutz bei Wartungsarbeiten entwickelt wurde. Sie verf\u00fcgt \u00fcber ger\u00e4umige h\u00e4ngende Taschen f\u00fcr Werkzeuge und praktische aufgesetzte Kniepolstertaschen mit CORDURA\u00ae\/Kevlar\u00ae\/Protal\u00ae-Verst\u00e4rkung. Zertifiziert nach EN 14404, EN 1149-5, EN ISO 20471, EN ISO 11612, [&hellip;]<\/p>\n","protected":false},"featured_media":662126,"template":"","meta":[],"product_brand":[],"product_cat":[4185],"product_tag":[],"class_list":{"0":"post-662073","1":"product","2":"type-product","3":"status-publish","4":"has-post-thumbnail","6":"product_cat-hosen","7":"pa_brand-blaklaeder","8":"pa_brand-type-workwear","9":"pa_filter-color-blau","10":"pa_filter-color-gelb","12":"first","13":"instock","14":"sale","15":"taxable","16":"shipping-taxable","17":"purchasable","18":"product-type-variable","19":"add-to-wishlist-before_image"},"exclude_global_add_ons":[],"addons":[],"acf":[],"_links":{"self":[{"href":"https:\/\/shop.kustom.ch\/fr\/wp-json\/wp\/v2\/product\/662073"}],"collection":[{"href":"https:\/\/shop.kustom.ch\/fr\/wp-json\/wp\/v2\/product"}],"about":[{"href":"https:\/\/shop.kustom.ch\/fr\/wp-json\/wp\/v2\/types\/product"}],"wp:featuredmedia":[{"embeddable":true,"href":"https:\/\/shop.kustom.ch\/fr\/wp-json\/wp\/v2\/media\/662126"}],"wp:attachment":[{"href":"https:\/\/shop.kustom.ch\/fr\/wp-json\/wp\/v2\/media?parent=662073"}],"wp:term":[{"taxonomy":"product_brand","embeddable":true,"href":"https:\/\/shop.kustom.ch\/fr\/wp-json\/wp\/v2\/product_brand?post=662073"},{"taxonomy":"product_cat","embeddable":true,"href":"https:\/\/shop.kustom.ch\/fr\/wp-json\/wp\/v2\/product_cat?post=662073"},{"taxonomy":"product_tag","embeddable":true,"href":"https:\/\/shop.kustom.ch\/fr\/wp-json\/wp\/v2\/product_tag?post=662073"}],"curies":[{"name":"wp","href":"https:\/\/api.w.org\/{rel}","templated":true}]}}