{"id":662072,"date":"2025-04-29T05:09:38","date_gmt":"2025-04-29T04:09:38","guid":{"rendered":"https:\/\/shop.kustom.ch\/?post_type=product&#038;p=662072"},"modified":"2026-03-31T08:32:30","modified_gmt":"2026-03-31T07:32:30","slug":"high-vis-shorts-mit-stretch-2","status":"publish","type":"product","link":"https:\/\/shop.kustom.ch\/fr\/produit\/high-vis-shorts-mit-stretch-2\/","title":{"rendered":"Short haute visibilit\u00e9 avec stretch"},"content":{"rendered":"<p>Un short haute visibilit\u00e9 extr\u00eamement confortable et flexible avec des inserts stretch \u00e0 l'entrejambe et au fessier. Un short certifi\u00e9 haute visibilit\u00e9 de classe 2 bas\u00e9 sur le pantalon haute visibilit\u00e9 1552 de Bl\u00e5kl\u00e4der. Il offre des d\u00e9tails r\u00e9fl\u00e9chissants, une poche arri\u00e8re avec rabat, une poche sur la jambe, une poche pour t\u00e9l\u00e9phone portable, une poche pour carte d'identit\u00e9 et une poche renforc\u00e9e en CORDURA\u00ae et une poche \u00e0 clous. Produit et \u00e9tiquet\u00e9 selon le standard OEKO-TEX\u00ae MADE IN GREENLe standard OEKO-TEX\u00ae MADE IN GREEN garantit que les textiles et les produits en cuir sont produits de mani\u00e8re durable et socialement responsable, qu'ils sont exempts de substances nocives et qu'ils sont enti\u00e8rement tra\u00e7ables. Cela garantit un produit s\u00fbr et respectueux de l'environnement.En savoir plus sur les labels de durabilit\u00e9 appos\u00e9s sur nos v\u00eatements.<\/p>\n<p>FONCTIONNALIT\u00c9 : Insert en stretch \u00e0 l'entrejambe et aux fesses. D\u00c9TAILS : Coutures renforc\u00e9es \u00e0 l'entrejambe. Fermeture \u00e9clair en plastique \u00e0 l'entrejambe. Passants, dont un avec anneau en D. POCHES : Poche sur la jambe avec soufflet, rabat et poche pour stylo, poche suppl\u00e9mentaire et poche pour t\u00e9l\u00e9phone portable. Poche arri\u00e8re, dont une avec rabat. Poches lat\u00e9rales. Poches \u00e0 outils renforc\u00e9es en trois parties. Poche m\u00e8tre renforc\u00e9e avec porte couteau et poche stylo. RENFORCEMENT : Poches \u00e0 outils et poche m\u00e8tre renforc\u00e9es en CORDURA\u00ae. REFLEX : bandes r\u00e9fl\u00e9chissantes de 50 mm de large. Bandes r\u00e9fl\u00e9chissantes de 60 mm de large. Mat\u00e9riel r\u00e9fl\u00e9chissant autour des jambes. INSTRUCTIONS DE LAVAGE : Nombre de lavages : 25. Nombre de lavages : x 20 - valable pour la couleur 3300. 40\u00b0 C. Ne pas blanchir. Ne pas repasser. Ne pas nettoyer \u00e0 sec. Ne pas essorer. ACTIVIT\u00c9S PRINCIPALES : Conducteur. Travailleur dans le jardin. Travailleurs manuels. Travailleurs de la route et du b\u00e2timent. Disponible pour les femmes et les hommes. Homme. EN ISO 20471. TISSU : Disponible pour femmes et hommes. Hommes . Jaune haute visibilit\u00e9. L\u00e9ger. Insert en stretch. Poches \u00e0 outils. Tissu extensible. Protection haute visibilit\u00e9. USP : larges bandes r\u00e9fl\u00e9chissantes. Poches \u00e0 outils renforc\u00e9es en CORDURA\u00ae. Empi\u00e8cements en stretch. R\u00e9sistant \u00e0 l'eau. Poches \u00e0 outils . CERTIFICATION : . Les v\u00eatements de classe 2 et 3 en orange sont conformes \u00e0 la norme RIS-3279-TOM Issue 2. Groupe de certification X<\/p>\n<p>65% polyester, 35% coton, serg\u00e9, ext\u00e9rieur hydrofuge, 240g\/m<\/p>","protected":false},"excerpt":{"rendered":"<p>Eine extrem komfortable und flexible High Vis Shorts mit Stretch-Eins\u00e4tzen im Schritt und am Ges\u00e4ss. Eine High Vis Klasse 2 &#8211; zertifizierte Shorts basierend auf Bl\u00e5kl\u00e4ders High Vis Hose 1552. Sie bietet Reflexdetails, eine Ges\u00e4sstasche mit Patte, eine Beintasche, eine Handytasche, eine Ausweistasche und eine CORDURA\u00ae-verst\u00e4rkte Tasche und Nageltasche. Produziert und gekennzeichnet nach dem OEKO-TEX\u00ae [&hellip;]<\/p>\n","protected":false},"featured_media":662093,"template":"","meta":[],"product_brand":[],"product_cat":[4198],"product_tag":[],"class_list":{"0":"post-662072","1":"product","2":"type-product","3":"status-publish","4":"has-post-thumbnail","6":"product_cat-shorts","7":"pa_brand-blaklaeder","8":"pa_brand-type-workwear","9":"pa_filter-color-gelb","10":"pa_filter-color-orange","11":"pa_filter-color-rot","13":"first","14":"instock","15":"sale","16":"taxable","17":"shipping-taxable","18":"purchasable","19":"product-type-variable","20":"add-to-wishlist-before_image"},"exclude_global_add_ons":[],"addons":[],"acf":[],"_links":{"self":[{"href":"https:\/\/shop.kustom.ch\/fr\/wp-json\/wp\/v2\/product\/662072"}],"collection":[{"href":"https:\/\/shop.kustom.ch\/fr\/wp-json\/wp\/v2\/product"}],"about":[{"href":"https:\/\/shop.kustom.ch\/fr\/wp-json\/wp\/v2\/types\/product"}],"wp:featuredmedia":[{"embeddable":true,"href":"https:\/\/shop.kustom.ch\/fr\/wp-json\/wp\/v2\/media\/662093"}],"wp:attachment":[{"href":"https:\/\/shop.kustom.ch\/fr\/wp-json\/wp\/v2\/media?parent=662072"}],"wp:term":[{"taxonomy":"product_brand","embeddable":true,"href":"https:\/\/shop.kustom.ch\/fr\/wp-json\/wp\/v2\/product_brand?post=662072"},{"taxonomy":"product_cat","embeddable":true,"href":"https:\/\/shop.kustom.ch\/fr\/wp-json\/wp\/v2\/product_cat?post=662072"},{"taxonomy":"product_tag","embeddable":true,"href":"https:\/\/shop.kustom.ch\/fr\/wp-json\/wp\/v2\/product_tag?post=662072"}],"curies":[{"name":"wp","href":"https:\/\/api.w.org\/{rel}","templated":true}]}}