{"id":661886,"date":"2025-04-29T05:08:32","date_gmt":"2025-04-29T04:08:32","guid":{"rendered":"https:\/\/shop.kustom.ch\/?post_type=product&#038;p=661886"},"modified":"2026-03-31T08:32:23","modified_gmt":"2026-03-31T07:32:23","slug":"high-vis-arbeitshose-mit-stretch-4","status":"publish","type":"product","link":"https:\/\/shop.kustom.ch\/fr\/produit\/high-vis-arbeitshose-mit-stretch-4\/","title":{"rendered":"Pantalon de travail haute visibilit\u00e9 avec stretch"},"content":{"rendered":"<p>Pantalon haute visibilit\u00e9 flexible avec inserts stretch \u00e0 l'entrejambe et au fessier et poches genouill\u00e8res en CORDURA\u00ae stretch pour un confort optimal. Les jambes pr\u00e9-courb\u00e9es am\u00e9liorent le confort et la libert\u00e9 de mouvement. Certifi\u00e9 selon la norme EN ISO 20471, classe 2. Produit et \u00e9tiquet\u00e9 selon le standard OEKO-TEX\u00ae MADE IN GREENLe standard OEKO-TEX\u00ae MADE IN GREEN garantit que les textiles et les produits en cuir sont produits de mani\u00e8re durable et socialement responsable, qu'ils ne contiennent pas de substances nocives et qu'ils sont enti\u00e8rement tra\u00e7ables. Cela garantit un produit s\u00fbr et respectueux de l'environnement.En savoir plus sur les labels de durabilit\u00e9 appos\u00e9s sur nos v\u00eatements.<\/p>\n<p>FONCTIONNALIT\u00c9 : Inserts stretch \u00e0 l'entrejambe, aux genoux et au fessier. Jambes de pantalon de forme particuli\u00e8rement ergonomique. D\u00c9TAILS : fermeture \u00e9clair en plastique \u00e0 l'entrejambe. Anneau en D \u00e0 la taille. POCHES : Poches sur les jambes avec soufflet, fermeture \u00e0 glissi\u00e8re, poche pour stylo et couteau. Poches arri\u00e8re. Poche pour t\u00e9l\u00e9phone portable \u00e0 l'int\u00e9rieur. Poches rembourr\u00e9es aux genoux. Poches lat\u00e9rales. RENFORCEMENT : Poches de genouill\u00e8res renforc\u00e9es en CORDURA\u00ae stretch. REFLEX : Bandes r\u00e9fl\u00e9chissantes de 70 mm de large. Mat\u00e9riau r\u00e9fl\u00e9chissant tout autour des jambes. INSTRUCTIONS DE LAVAGE : Nombre de lavages : 50. Couleur 55XX\/XX55 - Lavage \u00e0 domicile selon EN ISO 20471. 60\u00b0 C. Ne pas blanchir. Ne pas repasser. Ne pas nettoyer \u00e0 sec. Ne pas essorer. ACTIVIT\u00c9S PRINCIPALES : Conducteur. Travailleurs manuels. Travailleurs de la route et de la construction. EN 14004. EN ISO 20471. TISSU : Hommes. bleu. Jaune haute visibilit\u00e9. Poches pour genouill\u00e8res. Tissu extensible. Protection haute visibilit\u00e9. USP : Poches genouill\u00e8res en CORDURA\u00ae stretch renforc\u00e9. Empi\u00e8cements en stretch. Jambes pr\u00e9form\u00e9es. R\u00e9sistant \u00e0 l'eau. CERTIFICATION : EN 14404:2004+A1:2010 avec genouill\u00e8res 4027, 4057, 4058 et 4032. EN ISO 20471, classe 2. Les v\u00eatements de classe 2 et 3 en orange sont conformes \u00e0 RIS-3279-TOM Issue 2. Groupe de certification Y<\/p>\n<p>65% polyester, 35% coton, serg\u00e9, ext\u00e9rieur hydrofuge, 240g\/m<\/p>","protected":false},"excerpt":{"rendered":"<p>Flexible High Vis Hose mit Stretch-Eins\u00e4tzen im Schritt und am Ges\u00e4ss sowie Kniepolstertaschen aus CORDURA\u00ae-Stretch f\u00fcr optimalen Komfort. Vorgebogene Beine verbessern den Tragekomfort und die Bewegungsfreiheit. Zertifiziert nach der Norm EN ISO 20471, Klasse 2. Produziert und gekennzeichnet nach dem OEKO-TEX\u00ae MADE IN GREEN StandardDer OEKO-TEX\u00ae MADE IN GREEN Standard stellt sicher, dass Textilien und [&hellip;]<\/p>\n","protected":false},"featured_media":661905,"template":"","meta":[],"product_brand":[],"product_cat":[4185],"product_tag":[],"class_list":{"0":"post-661886","1":"product","2":"type-product","3":"status-publish","4":"has-post-thumbnail","6":"product_cat-hosen","7":"pa_brand-blaklaeder","8":"pa_brand-type-workwear","9":"pa_filter-color-blau","10":"pa_filter-color-gelb","11":"pa_filter-color-grau","12":"pa_filter-color-orange","13":"pa_filter-color-rot","14":"pa_filter-color-schwarz","16":"first","17":"instock","18":"sale","19":"taxable","20":"shipping-taxable","21":"purchasable","22":"product-type-variable","23":"add-to-wishlist-before_image"},"exclude_global_add_ons":[],"addons":[],"acf":[],"_links":{"self":[{"href":"https:\/\/shop.kustom.ch\/fr\/wp-json\/wp\/v2\/product\/661886"}],"collection":[{"href":"https:\/\/shop.kustom.ch\/fr\/wp-json\/wp\/v2\/product"}],"about":[{"href":"https:\/\/shop.kustom.ch\/fr\/wp-json\/wp\/v2\/types\/product"}],"wp:featuredmedia":[{"embeddable":true,"href":"https:\/\/shop.kustom.ch\/fr\/wp-json\/wp\/v2\/media\/661905"}],"wp:attachment":[{"href":"https:\/\/shop.kustom.ch\/fr\/wp-json\/wp\/v2\/media?parent=661886"}],"wp:term":[{"taxonomy":"product_brand","embeddable":true,"href":"https:\/\/shop.kustom.ch\/fr\/wp-json\/wp\/v2\/product_brand?post=661886"},{"taxonomy":"product_cat","embeddable":true,"href":"https:\/\/shop.kustom.ch\/fr\/wp-json\/wp\/v2\/product_cat?post=661886"},{"taxonomy":"product_tag","embeddable":true,"href":"https:\/\/shop.kustom.ch\/fr\/wp-json\/wp\/v2\/product_tag?post=661886"}],"curies":[{"name":"wp","href":"https:\/\/api.w.org\/{rel}","templated":true}]}}