{"id":661763,"date":"2025-04-29T05:07:41","date_gmt":"2025-04-29T04:07:41","guid":{"rendered":"https:\/\/shop.kustom.ch\/?post_type=product&#038;p=661763"},"modified":"2026-03-31T08:32:13","modified_gmt":"2026-03-31T07:32:13","slug":"high-vis-arbeitshose-5","status":"publish","type":"product","link":"https:\/\/shop.kustom.ch\/fr\/produit\/high-vis-arbeitshose-5\/","title":{"rendered":"Pantalon de travail haute visibilit\u00e9"},"content":{"rendered":"<p>Pantalon haute visibilit\u00e9 de haute qualit\u00e9. Mise sur une protection et une fonctionnalit\u00e9 de premi\u00e8re classe, comme les poches int\u00e9rieures pour genouill\u00e8res et les poches arri\u00e8re \u00e9largies - certifi\u00e9 selon EN ISO 20471 classe 1.<\/p>\n<p>FONCTIONNALIT\u00c9 : Jambes de pantalon particuli\u00e8rement ergonomiques. D\u00c9TAILS : Poche pour carte d'identit\u00e9 escamotable. Passants, dont un avec anneau en D. POCHES : Poche sur la jambe avec rabat et bouton-pression et petite poche cousue. Poche sur la jambe avec rabat et poche pour t\u00e9l\u00e9phone portable. Poche arri\u00e8re avec rabat. Poches rembourr\u00e9es aux genoux \u00e0 l'int\u00e9rieur. Poches lat\u00e9rales. Poche m\u00e8tre renforc\u00e9e en CORDURA\u00ae extra large avec poche stylo, porte-couteau et poche suppl\u00e9mentaire. REFLEX : bandes r\u00e9fl\u00e9chissantes de 50 mm de large. Bandes r\u00e9fl\u00e9chissantes de 70 mm de large. Mat\u00e9riel r\u00e9fl\u00e9chissant tout autour des jambes. INSTRUCTIONS DE LAVAGE : Couleur 55XX\/XX55 - Lavage domestique et industriel selon EN ISO 20471. Lavage domestique X 50. Lavage industriel X 50. 70\u00b0 C. Ne pas blanchir. Ne pas repasser. Ne pas nettoyer \u00e0 sec. PRO : adapt\u00e9 au s\u00e9chage en tambour. S\u00e8che-linge - haut. ACTIVIT\u00c9S PRINCIPALES : Conducteur. Travailleurs de la route et de la construction. EN 14004. EN ISO 20471. TISSU : hommes. bleu. Jaune haute visibilit\u00e9. Poches pour genouill\u00e8res. Protection haute visibilit\u00e9. LAVAGE : lavage industriel EN ISO 15797. CERTIFICATION : EN 14404:2004+A1:2010 ensemble avec genouill\u00e8res 4027 et 4057. EN ISO 20471, classe 1. Groupe de certification W<\/p>\n<p>65% polyester, 35% coton, serg\u00e9, 300g\/m<\/p>","protected":false},"excerpt":{"rendered":"<p>Hochqualitative High Vis Fahrerhose. Setzt auf erstklassigen Schutz und Funktionalit\u00e4t, wie innenliegende Kniepolstertaschen und erweiterte Ges\u00e4sstaschen &#8211; zertifiziert nach EN ISO 20471 Klasse 1. FUNKTIONALIT\u00c4T: Besonders ergonomisch geformte Hosenbeine. DETAILS: Ausweistasche versenkbar. Schlaufen, davon eine mit D-Ring. TASCHEN: Beintasche mit Patte und Druckknopf und aufgen\u00e4hter kleinerer Tasche. Beintasche mit Patte und Handytasche. Ges\u00e4sstasche mit Patte. [&hellip;]<\/p>\n","protected":false},"featured_media":661794,"template":"","meta":[],"product_brand":[],"product_cat":[4185],"product_tag":[],"class_list":{"0":"post-661763","1":"product","2":"type-product","3":"status-publish","4":"has-post-thumbnail","6":"product_cat-hosen","7":"pa_brand-blaklaeder","8":"pa_brand-type-workwear","9":"pa_filter-color-blau","10":"pa_filter-color-gelb","11":"pa_filter-color-orange","12":"pa_filter-color-rot","13":"pa_filter-color-schwarz","15":"first","16":"instock","17":"sale","18":"taxable","19":"shipping-taxable","20":"purchasable","21":"product-type-variable","22":"add-to-wishlist-before_image"},"exclude_global_add_ons":[],"addons":[],"acf":[],"_links":{"self":[{"href":"https:\/\/shop.kustom.ch\/fr\/wp-json\/wp\/v2\/product\/661763"}],"collection":[{"href":"https:\/\/shop.kustom.ch\/fr\/wp-json\/wp\/v2\/product"}],"about":[{"href":"https:\/\/shop.kustom.ch\/fr\/wp-json\/wp\/v2\/types\/product"}],"wp:featuredmedia":[{"embeddable":true,"href":"https:\/\/shop.kustom.ch\/fr\/wp-json\/wp\/v2\/media\/661794"}],"wp:attachment":[{"href":"https:\/\/shop.kustom.ch\/fr\/wp-json\/wp\/v2\/media?parent=661763"}],"wp:term":[{"taxonomy":"product_brand","embeddable":true,"href":"https:\/\/shop.kustom.ch\/fr\/wp-json\/wp\/v2\/product_brand?post=661763"},{"taxonomy":"product_cat","embeddable":true,"href":"https:\/\/shop.kustom.ch\/fr\/wp-json\/wp\/v2\/product_cat?post=661763"},{"taxonomy":"product_tag","embeddable":true,"href":"https:\/\/shop.kustom.ch\/fr\/wp-json\/wp\/v2\/product_tag?post=661763"}],"curies":[{"name":"wp","href":"https:\/\/api.w.org\/{rel}","templated":true}]}}