{"id":661762,"date":"2025-04-29T05:07:41","date_gmt":"2025-04-29T04:07:41","guid":{"rendered":"https:\/\/shop.kustom.ch\/?post_type=product&#038;p=661762"},"modified":"2026-03-31T08:32:07","modified_gmt":"2026-03-31T07:32:07","slug":"multinorm-handwerker-arbeitshose-3","status":"publish","type":"product","link":"https:\/\/shop.kustom.ch\/fr\/produit\/multinorm-handwerker-arbeitshose-3\/","title":{"rendered":"Pantalon de travail Multinorm pour artisans"},"content":{"rendered":"<p>Le pantalon de travail Multinorm pour artisans, r\u00e9sistant \u00e0 l'huile, \u00e0 la salet\u00e9 et \u00e0 l'eau, offre la protection ultime pour les travaux dans des conditions extr\u00eames. Un pantalon d'artisan \u00e9tendu avec des poches \u00e0 clous solides en mat\u00e9riau robuste et des poches renforc\u00e9es pour les genoux en CORDURA\u00ae\/Kevlar\u00ae\/Protal\u2122. Convient au lavage industriel. Certifi\u00e9 selon les normes EN 14404, EN 1149-5, EN ISO 20471, EN ISO 11612, IEC 61482-2. ATPV : 11,0 cal\/cm\u00b2.<\/p>\n<p>FONCTIONNALIT\u00c9 : Surface ol\u00e9ophobe, antisalissure et hydrofuge. D\u00c9TAILS : Poche d'identification amovible pour les v\u00eatements ignifuges. \u00c9tiquettes de certification ext\u00e9rieures. Fermeture \u00e0 glissi\u00e8re m\u00e9tallique \u00e0 l'entrejambe. Passants, dont un avec anneau en D. POCHES : Poche sur la jambe avec rabat, poche pour t\u00e9l\u00e9phone portable et poche pour stylo. Poches arri\u00e8re avec rabat et bouton-pression. Poches ext\u00e9rieures pour genouill\u00e8res. Poches lat\u00e9rales. Poches \u00e0 outils renforc\u00e9es en trois parties. Poche m\u00e8tre avec porte-couteau et poche stylo. RENFORCEMENT : CORDURA\u00ae\/Kevlar\u00ae\/Protal\u00ae - renforc\u00e9 aux genoux. REFLEX : bandes r\u00e9fl\u00e9chissantes ignifuges avec doubles coutures. INSTRUCTIONS DE LAVAGE : 60\u00b0 C. Ne pas blanchir. Ne pas repasser. Ne pas nettoyer \u00e0 sec. PRO : adapt\u00e9 au s\u00e9chage en tambour. S\u00e8che-linge - bas. PROPRIETES PRINCIPALES : \u00e9lectricien. Travailleurs manuels. Travailleurs de la route et du b\u00e2timent. EN 1149-5. EN 14004. EN 61482-2. EN ISO 11612. EN ISO 20471. TISSU : Hommes. bleu. Jaune haute visibilit\u00e9. Poches pour genouill\u00e8res. Poches pour outils. Protection contre les flammes. LAVAGE : Lavage industriel EN ISO 15797. CERTIFICATION : EN 1149-5. EN 14404:2004+A1:2010 ensemble avec genouill\u00e8res 4027 et 4057. EN ISO 11612 A1,A2,B1,C1,F1. EN ISO 20471, classe 2. 50 cycles de lavage max. Groupe de certification Y. ATPV - 11 cal\/cm\u00b2. IEC 61482-2, APC 1<\/p>\n<p>75% coton, 24% polyester, 1% antistatique, serg\u00e9, ignifug\u00e9, antistatique, 350 g\/m<\/p>","protected":false},"excerpt":{"rendered":"<p>Die \u00f6l-, schmutz- und wasserabweisende Multinorm Handwerker Arbeitshose bietet den ultimativen Schutz bei Arbeiten in extremen Bedingungen. Eine erweiterte Handwerker Bundhose mit festen Nageltaschen aus robustem Material und verst\u00e4rkten Kniepolstertaschen aus CORDURA\u00ae\/Kevlar\u00ae\/Protal\u2122. Industriew\u00e4sche geeignet. Zertifiziert nach EN 14404, EN 1149-5, EN ISO 20471, EN ISO 11612, IEC 61482-2. ATPV: 11,0 cal\/cm\u00b2. FUNKTIONALIT\u00c4T: \u00d6l-, schmutz- und [&hellip;]<\/p>\n","protected":false},"featured_media":661768,"template":"","meta":[],"product_brand":[],"product_cat":[4185],"product_tag":[],"class_list":{"0":"post-661762","1":"product","2":"type-product","3":"status-publish","4":"has-post-thumbnail","6":"product_cat-hosen","7":"pa_brand-blaklaeder","8":"pa_brand-type-workwear","9":"pa_filter-color-blau","10":"pa_filter-color-gelb","12":"first","13":"instock","14":"sale","15":"taxable","16":"shipping-taxable","17":"purchasable","18":"product-type-variable","19":"add-to-wishlist-before_image"},"exclude_global_add_ons":[],"addons":[],"acf":[],"_links":{"self":[{"href":"https:\/\/shop.kustom.ch\/fr\/wp-json\/wp\/v2\/product\/661762"}],"collection":[{"href":"https:\/\/shop.kustom.ch\/fr\/wp-json\/wp\/v2\/product"}],"about":[{"href":"https:\/\/shop.kustom.ch\/fr\/wp-json\/wp\/v2\/types\/product"}],"wp:featuredmedia":[{"embeddable":true,"href":"https:\/\/shop.kustom.ch\/fr\/wp-json\/wp\/v2\/media\/661768"}],"wp:attachment":[{"href":"https:\/\/shop.kustom.ch\/fr\/wp-json\/wp\/v2\/media?parent=661762"}],"wp:term":[{"taxonomy":"product_brand","embeddable":true,"href":"https:\/\/shop.kustom.ch\/fr\/wp-json\/wp\/v2\/product_brand?post=661762"},{"taxonomy":"product_cat","embeddable":true,"href":"https:\/\/shop.kustom.ch\/fr\/wp-json\/wp\/v2\/product_cat?post=661762"},{"taxonomy":"product_tag","embeddable":true,"href":"https:\/\/shop.kustom.ch\/fr\/wp-json\/wp\/v2\/product_tag?post=661762"}],"curies":[{"name":"wp","href":"https:\/\/api.w.org\/{rel}","templated":true}]}}