{"id":661636,"date":"2025-04-29T05:06:51","date_gmt":"2025-04-29T04:06:51","guid":{"rendered":"https:\/\/shop.kustom.ch\/?post_type=product&#038;p=661636"},"modified":"2026-03-31T08:32:03","modified_gmt":"2026-03-31T07:32:03","slug":"arbeitshose-handwerk-ohne-nageltaschen","status":"publish","type":"product","link":"https:\/\/shop.kustom.ch\/fr\/produit\/arbeitshose-handwerk-ohne-nageltaschen\/","title":{"rendered":"Pantalon de travail artisanat sans poches \u00e0 clous"},"content":{"rendered":"<p>Un pantalon d'artisan qui offre un confort maximal, une excellente protection avec des renforts CORDURA\u00ae au niveau des poches genouill\u00e8res et plusieurs poches facilement accessibles. Deux poches arri\u00e8re \u00e0 soufflet, une boucle pour marteau et des poches plaqu\u00e9es renforc\u00e9es.<\/p>\n<p>D\u00c9TAILS : Poche pour carte d'identit\u00e9. Boutons en m\u00e9tal. Couture int\u00e9rieure de la jambe avec triple couture. Fermeture \u00e0 glissi\u00e8re en plastique \u00e0 l'entrejambe. Deux passants pour ceinture sur les c\u00f4t\u00e9s avec un bouton pour un passant pour marteau, un passant pour ceinture avec anneau en D \u00e0 l'avant. Large boucle de ceinture \u00e0 l'arri\u00e8re. POCHES : poche sur la jambe avec soufflet, rabat et poche pour stylo, poche suppl\u00e9mentaire, poche pour t\u00e9l\u00e9phone portable et poche pour carte d'identit\u00e9. Poches arri\u00e8re \u00e0 soufflet. Poches rembourr\u00e9es aux genoux. Poches avant \u00e0 soufflet. Poche m\u00e8tre avec porte-couteau et poche stylo. RENFORCEMENT : Genoux et poches arri\u00e8re renforc\u00e9s en CORDURA\u00ae. INSTRUCTIONS DE LAVAGE : 70\u00b0 C. Repassage - moyen. Nettoyage \u00e0 sec - normal P. Ne pas blanchir. S\u00e8che-linge - bas. TRAVAIL PRINCIPAL : Constructeur de b\u00e9ton. \u00c9lectricien. Homme \u00e0 tout faire. Installateur de mat\u00e9riel \u00e9lectrique. M\u00e9canicien. EN 14004. TISSU : Hommes. bleu. Poches pour genouill\u00e8res. Artisanat. CERTIFICATION : EN 14404:2004+A1:2010 ensemble avec genouill\u00e8res 4027, 4057, 4058 et 4032<\/p>\n<p>65% polyester, 35% coton, serg\u00e9, 300g\/m<\/p>","protected":false},"excerpt":{"rendered":"<p>Eine Handwerkerhose, die maximalen Komfort, hervorragenden Schutz mit CORDURA\u00ae Verst\u00e4rkungen an den Knietaschen und mehrere leicht zug\u00e4ngliche Taschen bietet. Zwei Ges\u00e4sstaschen mit Balg, Hammerschlaufe und verst\u00e4rkte aufgesetzte Taschen. DETAILS: Ausweistasche. Metallkn\u00f6pfe. Innenbeinnaht mit 3-fach-Naht. Kunststoff-Reissverschluss im Schritt. Zwei G\u00fcrtelschlaufen an den Seiten mit einem Knopf f\u00fcr eine Hammerschlaufe, eine G\u00fcrtelschlaufe mit D-Ring vorne. Breite G\u00fcrtelschlaufe [&hellip;]<\/p>\n","protected":false},"featured_media":661691,"template":"","meta":[],"product_brand":[],"product_cat":[4185],"product_tag":[],"class_list":{"0":"post-661636","1":"product","2":"type-product","3":"status-publish","4":"has-post-thumbnail","6":"product_cat-hosen","7":"pa_brand-blaklaeder","8":"pa_brand-type-workwear","9":"pa_filter-color-blau","10":"pa_filter-color-grau","11":"pa_filter-color-schwarz","13":"first","14":"instock","15":"sale","16":"taxable","17":"shipping-taxable","18":"purchasable","19":"product-type-variable","20":"add-to-wishlist-before_image"},"exclude_global_add_ons":[],"addons":[],"acf":[],"_links":{"self":[{"href":"https:\/\/shop.kustom.ch\/fr\/wp-json\/wp\/v2\/product\/661636"}],"collection":[{"href":"https:\/\/shop.kustom.ch\/fr\/wp-json\/wp\/v2\/product"}],"about":[{"href":"https:\/\/shop.kustom.ch\/fr\/wp-json\/wp\/v2\/types\/product"}],"wp:featuredmedia":[{"embeddable":true,"href":"https:\/\/shop.kustom.ch\/fr\/wp-json\/wp\/v2\/media\/661691"}],"wp:attachment":[{"href":"https:\/\/shop.kustom.ch\/fr\/wp-json\/wp\/v2\/media?parent=661636"}],"wp:term":[{"taxonomy":"product_brand","embeddable":true,"href":"https:\/\/shop.kustom.ch\/fr\/wp-json\/wp\/v2\/product_brand?post=661636"},{"taxonomy":"product_cat","embeddable":true,"href":"https:\/\/shop.kustom.ch\/fr\/wp-json\/wp\/v2\/product_cat?post=661636"},{"taxonomy":"product_tag","embeddable":true,"href":"https:\/\/shop.kustom.ch\/fr\/wp-json\/wp\/v2\/product_tag?post=661636"}],"curies":[{"name":"wp","href":"https:\/\/api.w.org\/{rel}","templated":true}]}}