{"id":661448,"date":"2025-04-29T05:05:49","date_gmt":"2025-04-29T04:05:49","guid":{"rendered":"https:\/\/shop.kustom.ch\/?post_type=product&#038;p=661448"},"modified":"2026-03-31T08:31:54","modified_gmt":"2026-03-31T07:31:54","slug":"high-vis-softshell-arbeitshose-2","status":"publish","type":"product","link":"https:\/\/shop.kustom.ch\/fr\/produit\/high-vis-softshell-arbeitshose-2\/","title":{"rendered":"Pantalon de travail Softshell haute visibilit\u00e9"},"content":{"rendered":"<p>Pantalon de travail de s\u00e9curit\u00e9 pour artisans en Softshell flexible. L'excellente coupe combin\u00e9e \u00e0 un mat\u00e9riau flexible, coupe-vent et imperm\u00e9able fait de ce pantalon le choix id\u00e9al pour les travaux par mauvais temps. Les fonctions bien connues des pantalons d'artisanat Blakl\u00e4der sont bien entendu \u00e9galement int\u00e9gr\u00e9es ici. Certifi\u00e9 selon la norme EN 471\/20471, classe 2.<\/p>\n<p>FONCTIONNALIT\u00c9 : Imperm\u00e9able au vent et \u00e0 l'eau, coutures non scell\u00e9es, respirant. D\u00c9TAILS : Poche pour carte d'identit\u00e9 amovible. Passants pour un monophone. Deux boucles avec velcro sur les c\u00f4t\u00e9s pour les porte-marteaux. POCHES : Poche sur la jambe avec poche pour t\u00e9l\u00e9phone portable. Poches arri\u00e8re \u00e0 soufflet, renforc\u00e9es. Une avec rabat. Poches rembourr\u00e9es aux genoux. Poches \u00e0 outils - extra larges, coup\u00e9es en biais et avec un nombre particuli\u00e8rement \u00e9lev\u00e9 de compartiments. Poche m\u00e8tre avec porte couteau et poche stylo. RENFORCEMENT : poches pendantes renforc\u00e9es en CORDURA\u00ae, poches arri\u00e8re, poche m\u00e8tre, poches sur les jambes, genoux. REFLEX : bandes r\u00e9fl\u00e9chissantes de 70 mm de large. Mat\u00e9riel r\u00e9fl\u00e9chissant tout autour des jambes. INSTRUCTIONS DE LAVAGE : Nombre de lavages : 20. 40\u00b0 C. Ne pas blanchir. Ne pas repasser. Ne pas nettoyer \u00e0 sec. Ne pas essorer. TRAVAUX PRINCIPAUX : Bricoleurs. Travailleurs de la route et du b\u00e2timent. EN 14004. EN ISO 20471. TISSU : Disponible pour hommes et femmes. Hommes . Jaune haute visibilit\u00e9. Noir. Respirabilit\u00e9 de la peau. Poches genouill\u00e8res. Hydrofuge. Poches \u00e0 outils. coupe-vent. Protection haute visibilit\u00e9. USP : Softshell 3 couches. Respirant et respirant. Poches pour genouill\u00e8res renforc\u00e9es en CORDURA\u00ae. Poches \u00e0 outils renforc\u00e9es en CORDURA\u00ae. Poches \u00e0 outils extra larges. Imperm\u00e9able au vent et \u00e0 l'eau. CERTIFICATION : EN 14404:2004+A1:2010 avec genouill\u00e8res 4027, 4057, 4058 et 4032. EN ISO 20471, classe 2. Groupe de certification Y.<\/p>\n<p>100% polyester, tissu softshell 3 couches, imperm\u00e9able 17.000mm, coupe-vent, respirant Ret 7,2, 300 g\/m<\/p>","protected":false},"excerpt":{"rendered":"<p>Warnschutz Handwerker-Arbeitshose in flexiblem Softshell-Material. Der hervorragende Schnitt kombiniert mit flexiblem, wind-und wasserabweisenden Material macht diese Hose zur perfekten Wahl f\u00fcr Arbeiten bei schlechtem Wetter. Die bekannten Funktionen einer Blakl\u00e4der-Handwerkerhose sind nat\u00fcrlich auch hier verarbeitet. Zertifiziert nach EN 471\/20471, Klasse 2. FUNKTIONALIT\u00c4T: Wind- &amp; wasserdicht, nicht versiegelte N\u00e4hte, atmungsaktiv. DETAILS: Abnehmbare Ausweistasche. Schlaufen f\u00fcr ein [&hellip;]<\/p>\n","protected":false},"featured_media":661502,"template":"","meta":[],"product_brand":[],"product_cat":[4185],"product_tag":[],"class_list":{"0":"post-661448","1":"product","2":"type-product","3":"status-publish","4":"has-post-thumbnail","6":"product_cat-hosen","7":"pa_brand-blaklaeder","8":"pa_brand-type-workwear","9":"pa_filter-color-blau","10":"pa_filter-color-gelb","11":"pa_filter-color-orange","12":"pa_filter-color-rot","13":"pa_filter-color-schwarz","15":"first","16":"instock","17":"sale","18":"taxable","19":"shipping-taxable","20":"purchasable","21":"product-type-variable","22":"add-to-wishlist-before_image"},"exclude_global_add_ons":[],"addons":[],"acf":[],"_links":{"self":[{"href":"https:\/\/shop.kustom.ch\/fr\/wp-json\/wp\/v2\/product\/661448"}],"collection":[{"href":"https:\/\/shop.kustom.ch\/fr\/wp-json\/wp\/v2\/product"}],"about":[{"href":"https:\/\/shop.kustom.ch\/fr\/wp-json\/wp\/v2\/types\/product"}],"wp:featuredmedia":[{"embeddable":true,"href":"https:\/\/shop.kustom.ch\/fr\/wp-json\/wp\/v2\/media\/661502"}],"wp:attachment":[{"href":"https:\/\/shop.kustom.ch\/fr\/wp-json\/wp\/v2\/media?parent=661448"}],"wp:term":[{"taxonomy":"product_brand","embeddable":true,"href":"https:\/\/shop.kustom.ch\/fr\/wp-json\/wp\/v2\/product_brand?post=661448"},{"taxonomy":"product_cat","embeddable":true,"href":"https:\/\/shop.kustom.ch\/fr\/wp-json\/wp\/v2\/product_cat?post=661448"},{"taxonomy":"product_tag","embeddable":true,"href":"https:\/\/shop.kustom.ch\/fr\/wp-json\/wp\/v2\/product_tag?post=661448"}],"curies":[{"name":"wp","href":"https:\/\/api.w.org\/{rel}","templated":true}]}}