{"id":661326,"date":"2025-04-29T05:05:08","date_gmt":"2025-04-29T04:05:08","guid":{"rendered":"https:\/\/shop.kustom.ch\/?post_type=product&#038;p=661326"},"modified":"2026-03-31T08:31:50","modified_gmt":"2026-03-31T07:31:50","slug":"high-vis-arbeitshose-ohne-nageltaschen","status":"publish","type":"product","link":"https:\/\/shop.kustom.ch\/fr\/produit\/high-vis-arbeitshose-ohne-nageltaschen\/","title":{"rendered":"Pantalon de travail haute visibilit\u00e9 sans poches \u00e0 clous"},"content":{"rendered":"<p>Pantalon de travail haute visibilit\u00e9 sans poches \u00e0 clous avec un mat\u00e9riau tr\u00e8s robuste mais l\u00e9ger. Une bonne performance \u00e0 l'usure fait de ce pantalon le choix parfait pour les journ\u00e9es de travail difficiles ! Certifi\u00e9 selon la norme EN ISO 20471 classe 2.<\/p>\n<p>D\u00c9TAILS : Poche pour carte d'identit\u00e9 r\u00e9tractable. Passants, dont un avec anneau en D. Deux passants sur les c\u00f4t\u00e9s avec un bouton pour le porte-marteau. POCHES : Poche sur la jambe avec poche crayon et poche pour t\u00e9l\u00e9phone portable. Poches arri\u00e8re \u00e0 soufflet, renforc\u00e9es. Une avec rabat. Poche pour t\u00e9l\u00e9phone portable. Poches rembourr\u00e9es aux genoux. Poches en biais pour les mains. Poche m\u00e8tre avec porte couteau et poche stylo. RENFORCEMENT : Renforc\u00e9 en CORDURA\u00ae au niveau des genoux. REFLEX : bandes r\u00e9fl\u00e9chissantes de 70 mm de large. Mat\u00e9riau r\u00e9fl\u00e9chissant tout autour des jambes. FERMETURE : Les tailles C peuvent \u00eatre rallong\u00e9es en tailles C100. INSTRUCTIONS DE LAVAGE : Couleur 55XX\/XX55 - Lavage domestique et industriel selon EN ISO 20471. Lavage domestique X 50. Lavage industriel X 50. 70\u00b0 C. Ne pas blanchir. Ne pas repasser. Ne pas nettoyer \u00e0 sec. PRO : adapt\u00e9 au s\u00e9chage en tambour. S\u00e8che-linge - haut. ACTIVIT\u00c9S PRINCIPALES : Conducteur. Travailleurs manuels. Travailleurs de la route et de la construction. EN 14004. EN ISO 20471. TISSU : hommes. bleu. Jaune haute visibilit\u00e9. Poches pour genouill\u00e8res. L\u00e9g\u00e8re. Protection haute visibilit\u00e9. USP : Poches genouill\u00e8res renforc\u00e9es en CORDURA\u00ae. R\u00e9sistant \u00e0 l'eau. CERTIFICATION : EN 14404:2004+A1:2010 avec genouill\u00e8res 4027, 4057, 4058 et 4032. EN ISO 20471, classe 2. Les v\u00eatements de classe 2 et 3 en orange sont conformes \u00e0 RIS-3279-TOM Issue 2. Groupe de certification Y<\/p>\n<p>65% polyester, 35% coton, serg\u00e9, ext\u00e9rieur hydrofuge, 240g\/m<\/p>","protected":false},"excerpt":{"rendered":"<p>High Vis Arbeitshose ohne Nageltaschen mit sehr robustem, aber leichten Material. Gute Abnutzungsleistung macht die Hose zur perfekten Wahl an harten Arbeitstagen! Zertifiziert nach EN ISO 20471 Klasse 2. DETAILS: Ausweistasche versenkbar. Schlaufen, davon eine mit D-Ring. Zwei Schlaufen an den Seiten mit einem Knopf f\u00fcr Hammerhalter. TASCHEN: Beintasche mit Bleistifttasche und Handytasche. Ges\u00e4sstaschen mit [&hellip;]<\/p>\n","protected":false},"featured_media":661381,"template":"","meta":[],"product_brand":[],"product_cat":[4185],"product_tag":[],"class_list":{"0":"post-661326","1":"product","2":"type-product","3":"status-publish","4":"has-post-thumbnail","6":"product_cat-hosen","7":"pa_brand-blaklaeder","8":"pa_brand-type-workwear","9":"pa_filter-color-blau","10":"pa_filter-color-gelb","11":"pa_filter-color-grau","12":"pa_filter-color-orange","13":"pa_filter-color-rot","14":"pa_filter-color-schwarz","16":"first","17":"instock","18":"sale","19":"taxable","20":"shipping-taxable","21":"purchasable","22":"product-type-variable","23":"add-to-wishlist-before_image"},"exclude_global_add_ons":[],"addons":[],"acf":[],"_links":{"self":[{"href":"https:\/\/shop.kustom.ch\/fr\/wp-json\/wp\/v2\/product\/661326"}],"collection":[{"href":"https:\/\/shop.kustom.ch\/fr\/wp-json\/wp\/v2\/product"}],"about":[{"href":"https:\/\/shop.kustom.ch\/fr\/wp-json\/wp\/v2\/types\/product"}],"wp:featuredmedia":[{"embeddable":true,"href":"https:\/\/shop.kustom.ch\/fr\/wp-json\/wp\/v2\/media\/661381"}],"wp:attachment":[{"href":"https:\/\/shop.kustom.ch\/fr\/wp-json\/wp\/v2\/media?parent=661326"}],"wp:term":[{"taxonomy":"product_brand","embeddable":true,"href":"https:\/\/shop.kustom.ch\/fr\/wp-json\/wp\/v2\/product_brand?post=661326"},{"taxonomy":"product_cat","embeddable":true,"href":"https:\/\/shop.kustom.ch\/fr\/wp-json\/wp\/v2\/product_cat?post=661326"},{"taxonomy":"product_tag","embeddable":true,"href":"https:\/\/shop.kustom.ch\/fr\/wp-json\/wp\/v2\/product_tag?post=661326"}],"curies":[{"name":"wp","href":"https:\/\/api.w.org\/{rel}","templated":true}]}}