{"id":661216,"date":"2025-04-29T05:04:23","date_gmt":"2025-04-29T04:04:23","guid":{"rendered":"https:\/\/shop.kustom.ch\/?post_type=product&#038;p=661216"},"modified":"2026-03-31T08:31:34","modified_gmt":"2026-03-31T07:31:34","slug":"high-vis-arbeitshose-4","status":"publish","type":"product","link":"https:\/\/shop.kustom.ch\/fr\/produit\/high-vis-arbeitshose-4\/","title":{"rendered":"Pantalon de travail haute visibilit\u00e9"},"content":{"rendered":"<p>Pantalon de travail haute visibilit\u00e9 fabriqu\u00e9 dans un mat\u00e9riau l\u00e9ger et imperm\u00e9able de haute qualit\u00e9. Une r\u00e9sistance \u00e9lev\u00e9e \u00e0 la d\u00e9chirure, des valeurs d'abrasion exceptionnelles et des poches int\u00e9rieures suppl\u00e9mentaires pour les genouill\u00e8res font du pantalon de s\u00e9curit\u00e9 1564 votre premier choix. Certifi\u00e9 selon la norme EN ISO 20471 classe 1.<\/p>\n<p>D\u00c9TAILS : Poche amovible pour carte d'identit\u00e9. Couture int\u00e9rieure de la jambe avec triple couture. Fermeture \u00e0 glissi\u00e8re en plastique \u00e0 l'entrejambe. Passants, dont un avec anneau en D. POCHES : Poche sur la jambe avec soufflet, rabat et poche \u00e0 crayons, poche suppl\u00e9mentaire, poche pour t\u00e9l\u00e9phone portable et poche pour carte d'identit\u00e9. Poche sur la jambe avec poche suppl\u00e9mentaire et poche pour crayon. Poches arri\u00e8re. Poches rembourr\u00e9es aux genoux \u00e0 l'int\u00e9rieur. Poches en biais. REFLEX : bandes r\u00e9fl\u00e9chissantes de 60 mm de large. Mat\u00e9riel r\u00e9fl\u00e9chissant tout autour des jambes. FERMETURE : Les tailles C peuvent \u00eatre rallong\u00e9es en tailles C100. INSTRUCTIONS DE LAVAGE : Couleur 55XX\/XX55 - Lavage domestique et industriel selon EN ISO 20471. Lavage domestique X 50. Lavage industriel X 50. 70\u00b0 C. Ne pas blanchir. Ne pas repasser. Ne pas nettoyer \u00e0 sec. PRO : adapt\u00e9 au s\u00e9chage en tambour. S\u00e8che-linge - haut. ACTIVIT\u00c9S PRINCIPALES : Conducteur. Travailleurs manuels. Travailleurs de la route et de la construction. EN 14004. EN ISO 20471. TISSU : hommes. bleu. Jaune haute visibilit\u00e9. Poches pour genouill\u00e8res. Facile \u00e0 porter. Transport. Protection contre la haute visibilit\u00e9. USP : R\u00e9sistant \u00e0 l'eau. CERTIFICATION : EN 14404:2004+A1:2010 avec genouill\u00e8res 4027 et 4057. EN ISO 20471, classe 1. groupe de certification W.<\/p>\n<p>65% polyester, 35% coton, serg\u00e9, ext\u00e9rieur hydrofuge, 240g\/m<\/p>","protected":false},"excerpt":{"rendered":"<p>Warnschutz Arbeitshose aus einem hochwertigen, leichten und wasserabweisenden Material. Hohe Reissfestigkeit, \u00fcberragende Abriebwerte und zus\u00e4tzliche, innenliegende Kniepolstertaschen machen die 1564 Warnschutz-Bundhose zu Ihrer ersten Wahl. Zertifiziert nach EN ISO 20471 Klasse 1. DETAILS: Abnehmbare Ausweistasche. Innenbeinnaht mit 3-fach-Naht. Kunststoff-Reissverschluss im Schritt. Schlaufen, davon eine mit D-Ring. TASCHEN: Beintasche mit Balg, Patte und Stifttasche, Zusatztasche, Handytasche [&hellip;]<\/p>\n","protected":false},"featured_media":661238,"template":"","meta":[],"product_brand":[],"product_cat":[4185],"product_tag":[],"class_list":{"0":"post-661216","1":"product","2":"type-product","3":"status-publish","4":"has-post-thumbnail","6":"product_cat-hosen","7":"pa_brand-blaklaeder","8":"pa_brand-type-workwear","9":"pa_filter-color-blau","10":"pa_filter-color-gelb","11":"pa_filter-color-grau","12":"pa_filter-color-orange","13":"pa_filter-color-rot","14":"pa_filter-color-schwarz","16":"first","17":"instock","18":"sale","19":"taxable","20":"shipping-taxable","21":"purchasable","22":"product-type-variable","23":"add-to-wishlist-before_image"},"exclude_global_add_ons":[],"addons":[],"acf":[],"_links":{"self":[{"href":"https:\/\/shop.kustom.ch\/fr\/wp-json\/wp\/v2\/product\/661216"}],"collection":[{"href":"https:\/\/shop.kustom.ch\/fr\/wp-json\/wp\/v2\/product"}],"about":[{"href":"https:\/\/shop.kustom.ch\/fr\/wp-json\/wp\/v2\/types\/product"}],"wp:featuredmedia":[{"embeddable":true,"href":"https:\/\/shop.kustom.ch\/fr\/wp-json\/wp\/v2\/media\/661238"}],"wp:attachment":[{"href":"https:\/\/shop.kustom.ch\/fr\/wp-json\/wp\/v2\/media?parent=661216"}],"wp:term":[{"taxonomy":"product_brand","embeddable":true,"href":"https:\/\/shop.kustom.ch\/fr\/wp-json\/wp\/v2\/product_brand?post=661216"},{"taxonomy":"product_cat","embeddable":true,"href":"https:\/\/shop.kustom.ch\/fr\/wp-json\/wp\/v2\/product_cat?post=661216"},{"taxonomy":"product_tag","embeddable":true,"href":"https:\/\/shop.kustom.ch\/fr\/wp-json\/wp\/v2\/product_tag?post=661216"}],"curies":[{"name":"wp","href":"https:\/\/api.w.org\/{rel}","templated":true}]}}