{"id":661153,"date":"2025-04-29T05:03:59","date_gmt":"2025-04-29T04:03:59","guid":{"rendered":"https:\/\/shop.kustom.ch\/?post_type=product&#038;p=661153"},"modified":"2026-03-31T08:31:27","modified_gmt":"2026-03-31T07:31:27","slug":"flammschutz-arbeitshose","status":"publish","type":"product","link":"https:\/\/shop.kustom.ch\/fr\/produit\/flammschutz-arbeitshose\/","title":{"rendered":"Pantalon de travail ignifug\u00e9"},"content":{"rendered":"<p>Pantalon de travail ignifug\u00e9, hydrofuge et r\u00e9sistant \u00e0 l'huile, avec genoux pr\u00e9form\u00e9s et poches flexibles et pratiques, comme par exemple les poches pour genouill\u00e8res \u00e0 deux hauteurs diff\u00e9rentes. Des passepoils r\u00e9fl\u00e9chissants sur les jambes assurent une meilleure visibilit\u00e9. Convient au lavage industriel. Le tissu a une r\u00e9sistance \u00e0 l'arc \u00e9lectrique de EN 61482-1-1 atpv 8.2 cal\/cm2. Certifi\u00e9 selon les normes EN 14404, EN 1149-5, EN ISO 11611, EN 13034, EN ISO 11612, IEC 61482-2. ATPV : 16,0 cal\/cm\u00b2.<\/p>\n<p>FONCTIONNALIT\u00c9 : Surface ol\u00e9ophobe, antisalissure et hydrofuge. D\u00c9TAILS : Poche d'identification amovible pour les v\u00eatements ignifuges. \u00c9tiquettes de certification ext\u00e9rieures. Fermeture \u00e0 glissi\u00e8re m\u00e9tallique \u00e0 l'entrejambe. Passants, dont un avec anneau en D. POCHES : Poche sur la jambe avec soufflet et rabat. Poches arri\u00e8re avec rabat. Poches rembourr\u00e9es aux genoux \u00e0 l'int\u00e9rieur. Poches int\u00e9gr\u00e9es avec rabats. Poche m\u00e8tre avec porte couteau et poche stylo. REFLEX : D\u00e9tails r\u00e9fl\u00e9chissants. INSTRUCTIONS DE LAVAGE : 60\u00b0 C. Ne pas blanchir. Ne pas repasser. Ne pas nettoyer \u00e0 sec. PRO : adapt\u00e9 au s\u00e9chage en tambour. S\u00e8che-linge - bas. PROPRIETES PRINCIPALES : \u00e9lectricien. Travailleur manuel. Soudeurs. EN 1149-5. EN 13034. EN 14004. EN 61482-2. EN ISO 11611. EN ISO 11612. TISSU : Hommes. gris. noir. Poches pour genouill\u00e8res. Protection contre les flammes. USP : propri\u00e9t\u00e9s antistatiques. Trait\u00e9 FR. R\u00e9sistant \u00e0 l'huile et \u00e0 la salet\u00e9. D\u00e9tails r\u00e9fl\u00e9chissants. R\u00e9sistant \u00e0 l'eau. CERTIFICATION : EN 1149-5. EN 13034 PB (6). Max. 20 cycles de lavage. EN 14404:2004+A1:2010 ensemble avec les genouill\u00e8res 4027, 4057, 4058 et 4032. EN ISO 11611, classe 1 A1+A2. EN ISO 11612 A1, A2, B1, C1, E3, F1. ATPV - 16 cal\/cm\u00b2. IEC 61482-2, APC 1<\/p>\n<p>85% coton, 14% polyester, 1% antistatique, serg\u00e9, ignifug\u00e9, antistatique, 350 g\/m<\/p>","protected":false},"excerpt":{"rendered":"<p>\u00d6l-, schmutz- und wasserabweisende Flammschutz Arbeitshose mit vorgeformten Knien und flexiblen, praktischen Taschen, wie z.Bsp. Kniepolstertaschen auf zwei verschiedenen H\u00f6hen. An den Beinen sorgen Reflexpaspelierungen f\u00fcr erh\u00f6hte Sichtbarkeit. Industriew\u00e4sche geeignet. Der Stoff hat eine Lichtbogenfestigkeit von EN 61482-1-1 atpv 8.2 cal\/cm2. Zertifiziert nach EN 14404, EN 1149-5, EN ISO 11611, EN 13034, EN ISO 11612, [&hellip;]<\/p>\n","protected":false},"featured_media":661186,"template":"","meta":[],"product_brand":[],"product_cat":[4185],"product_tag":[],"class_list":{"0":"post-661153","1":"product","2":"type-product","3":"status-publish","4":"has-post-thumbnail","6":"product_cat-hosen","7":"pa_brand-blaklaeder","8":"pa_brand-type-workwear","9":"pa_filter-color-grau","10":"pa_filter-color-schwarz","12":"first","13":"instock","14":"sale","15":"taxable","16":"shipping-taxable","17":"purchasable","18":"product-type-variable","19":"add-to-wishlist-before_image"},"exclude_global_add_ons":[],"addons":[],"acf":[],"_links":{"self":[{"href":"https:\/\/shop.kustom.ch\/fr\/wp-json\/wp\/v2\/product\/661153"}],"collection":[{"href":"https:\/\/shop.kustom.ch\/fr\/wp-json\/wp\/v2\/product"}],"about":[{"href":"https:\/\/shop.kustom.ch\/fr\/wp-json\/wp\/v2\/types\/product"}],"wp:featuredmedia":[{"embeddable":true,"href":"https:\/\/shop.kustom.ch\/fr\/wp-json\/wp\/v2\/media\/661186"}],"wp:attachment":[{"href":"https:\/\/shop.kustom.ch\/fr\/wp-json\/wp\/v2\/media?parent=661153"}],"wp:term":[{"taxonomy":"product_brand","embeddable":true,"href":"https:\/\/shop.kustom.ch\/fr\/wp-json\/wp\/v2\/product_brand?post=661153"},{"taxonomy":"product_cat","embeddable":true,"href":"https:\/\/shop.kustom.ch\/fr\/wp-json\/wp\/v2\/product_cat?post=661153"},{"taxonomy":"product_tag","embeddable":true,"href":"https:\/\/shop.kustom.ch\/fr\/wp-json\/wp\/v2\/product_tag?post=661153"}],"curies":[{"name":"wp","href":"https:\/\/api.w.org\/{rel}","templated":true}]}}