{"id":661029,"date":"2025-04-29T05:03:16","date_gmt":"2025-04-29T04:03:16","guid":{"rendered":"https:\/\/shop.kustom.ch\/?post_type=product&#038;p=661029"},"modified":"2026-03-31T08:31:26","modified_gmt":"2026-03-31T07:31:26","slug":"high-vis-arbeitshose-mit-stretch-3","status":"publish","type":"product","link":"https:\/\/shop.kustom.ch\/fr\/produit\/high-vis-arbeitshose-mit-stretch-3\/","title":{"rendered":"Pantalon de travail haute visibilit\u00e9 avec stretch"},"content":{"rendered":"<p>Pantalon haute visibilit\u00e9 l\u00e9ger et flexible, fabriqu\u00e9 dans un mat\u00e9riau r\u00e9sistant mais souple, adapt\u00e9 aux environnements difficiles. Le pantalon offre une bonne libert\u00e9 de mouvement gr\u00e2ce aux empi\u00e8cements stretch \u00e0 l'entrejambe, aux genoux et au fessier. Les poches renforc\u00e9es pour les genouill\u00e8res en CORDURA\u00ae Stretch assurent un meilleur confort lors du travail sur les genoux. Certifi\u00e9 EN ISO 20471 classe 1, v\u00eatement de protection \u00e0 haute visibilit\u00e9. Produit et \u00e9tiquet\u00e9 selon la norme OEKO-TEX\u00ae MADE IN GREENLa norme OEKO-TEX\u00ae MADE IN GREEN garantit que les textiles et les produits en cuir sont produits de mani\u00e8re durable et socialement responsable, qu'ils sont exempts de substances nocives et qu'ils sont enti\u00e8rement tra\u00e7ables. Cela garantit un produit s\u00fbr et respectueux de l'environnement.En savoir plus sur les labels de durabilit\u00e9 appos\u00e9s sur nos v\u00eatements.<\/p>\n<p>FONCTIONNALIT\u00c9 : Inserts stretch \u00e0 l'entrejambe, aux genoux et au fessier. Jambes de pantalon de forme particuli\u00e8rement ergonomique. D\u00c9TAILS : fermeture \u00e9clair en plastique \u00e0 l'entrejambe. Passants, dont un avec anneau en D. POCHES : Poche sur la jambe avec soufflet, fermeture \u00e0 glissi\u00e8re, poche pour stylo et couteau. Poche arri\u00e8re, dont une avec rabat. Poche pour t\u00e9l\u00e9phone portable \u00e0 l'int\u00e9rieur. Poches rembourr\u00e9es aux genoux. Poches lat\u00e9rales. Poches \u00e0 outils renforc\u00e9es en trois parties. Poche m\u00e8tre renforc\u00e9e avec porte couteau et poche stylo. RENFORCEMENT : Poches de genouill\u00e8res renforc\u00e9es en CORDURA\u00ae stretch. Poches \u00e0 outils et poche m\u00e8tre renforc\u00e9es en CORDURA\u00ae. REFLEX : Bandes r\u00e9fl\u00e9chissantes de 70 mm de large. Mat\u00e9riel r\u00e9fl\u00e9chissant tout autour des jambes. INSTRUCTIONS DE LAVAGE : Nombre de lavages : 50. Couleur 55XX\/XX55 - Lavage \u00e0 domicile selon EN ISO 20471. 60\u00b0 C. Ne pas blanchir. Ne pas repasser. Ne pas nettoyer \u00e0 sec. Ne pas essorer. ACTIVIT\u00c9S PRINCIPALES : Conducteur. Travailleurs manuels. Travailleurs de la route et de la construction. EN 14004. EN ISO 20471. TISSU : Hommes. bleu. Jaune haute visibilit\u00e9. Poches pour genouill\u00e8res. L\u00e9g\u00e8re. Insert en stretch. Poches \u00e0 outils. Tissu extensible. Protection haute visibilit\u00e9. USP : poches \u00e0 outils renforc\u00e9es en CORDURA\u00ae. Poches pour genouill\u00e8res en CORDURA\u00ae stretch renforc\u00e9. Empi\u00e8cements en stretch. Jambes pr\u00e9form\u00e9es. R\u00e9sistant \u00e0 l'eau. CERTIFICATION : EN 14404:2004+A1:2010 avec genouill\u00e8res 4027, 4057, 4058 et 4032. EN ISO 20471, classe 1. Groupe de certification W.<\/p>\n<p>65% polyester, 35% coton, serg\u00e9, ext\u00e9rieur hydrofuge, 240g\/m<\/p>","protected":false},"excerpt":{"rendered":"<p>Leichte und flexible High Vis Bundhose aus einem strapazierf\u00e4higen aber weichen Material geeignet f\u00fcr fordernde Umgebungen. Die Hose bietet gute Bewegungsfreiheit durch die Stretch Eins\u00e4tze im Schritt, an den Knien und am Ges\u00e4ss. Verst\u00e4rkte Kniepolstertaschen aus CORDURA\u00ae Stretch Material sorgen f\u00fcr besseren Komfort bei der Arbeit auf den Knien. Zertifiziert nach EN ISO 20471 Klasse [&hellip;]<\/p>\n","protected":false},"featured_media":661032,"template":"","meta":[],"product_brand":[],"product_cat":[4185],"product_tag":[],"class_list":{"0":"post-661029","1":"product","2":"type-product","3":"status-publish","4":"has-post-thumbnail","6":"product_cat-hosen","7":"pa_brand-blaklaeder","8":"pa_brand-type-workwear","9":"pa_filter-color-blau","10":"pa_filter-color-gelb","11":"pa_filter-color-grau","12":"pa_filter-color-orange","13":"pa_filter-color-rot","14":"pa_filter-color-schwarz","16":"first","17":"instock","18":"sale","19":"taxable","20":"shipping-taxable","21":"purchasable","22":"product-type-variable","23":"add-to-wishlist-before_image"},"exclude_global_add_ons":[],"addons":[],"acf":[],"_links":{"self":[{"href":"https:\/\/shop.kustom.ch\/fr\/wp-json\/wp\/v2\/product\/661029"}],"collection":[{"href":"https:\/\/shop.kustom.ch\/fr\/wp-json\/wp\/v2\/product"}],"about":[{"href":"https:\/\/shop.kustom.ch\/fr\/wp-json\/wp\/v2\/types\/product"}],"wp:featuredmedia":[{"embeddable":true,"href":"https:\/\/shop.kustom.ch\/fr\/wp-json\/wp\/v2\/media\/661032"}],"wp:attachment":[{"href":"https:\/\/shop.kustom.ch\/fr\/wp-json\/wp\/v2\/media?parent=661029"}],"wp:term":[{"taxonomy":"product_brand","embeddable":true,"href":"https:\/\/shop.kustom.ch\/fr\/wp-json\/wp\/v2\/product_brand?post=661029"},{"taxonomy":"product_cat","embeddable":true,"href":"https:\/\/shop.kustom.ch\/fr\/wp-json\/wp\/v2\/product_cat?post=661029"},{"taxonomy":"product_tag","embeddable":true,"href":"https:\/\/shop.kustom.ch\/fr\/wp-json\/wp\/v2\/product_tag?post=661029"}],"curies":[{"name":"wp","href":"https:\/\/api.w.org\/{rel}","templated":true}]}}