{"id":660720,"date":"2025-04-29T05:01:34","date_gmt":"2025-04-29T04:01:34","guid":{"rendered":"https:\/\/shop.kustom.ch\/?post_type=product&#038;p=660720"},"modified":"2026-03-31T08:30:40","modified_gmt":"2026-03-31T07:30:40","slug":"handwerker-arbeitshose-mit-stretch-4","status":"publish","type":"product","link":"https:\/\/shop.kustom.ch\/fr\/produit\/handwerker-arbeitshose-mit-stretch-4\/","title":{"rendered":"Pantalon de travail d'artisan avec stretch"},"content":{"rendered":"<p>Pantalon de travail d'artisan beau, flexible et robuste avec des d\u00e9tails soigneusement con\u00e7us. Ce pantalon durable aux d\u00e9tails con\u00e7us avec pr\u00e9cision offre libert\u00e9 de mouvement, fonctionnalit\u00e9 et confort. Le mat\u00e9riau est robuste et la combinaison avec des empi\u00e8cements stretch rend le pantalon id\u00e9al pour les poseurs de sols et de carrelages, par exemple, qui travaillent souvent en position agenouill\u00e9e. Le pantalon est dot\u00e9 d'inserts en stretch \u00e0 l'arri\u00e8re, sur les poches avant et \u00e0 l'arri\u00e8re des genoux pour une meilleure libert\u00e9 de mouvement. Il poss\u00e8de de nombreuses poches fonctionnelles strat\u00e9giquement plac\u00e9es, comme une poche pour couteau en tissu renforc\u00e9 avec Kevlar\u00ae, rabat et insert stretch, ou une poche pour t\u00e9l\u00e9phone portable facilement accessible en tissu stretch, qui convient \u00e0 la plupart des t\u00e9l\u00e9phones portables.<\/p>\n<p>FONCTIONNALIT\u00c9 : Empi\u00e8cements en stretch sur l'empi\u00e8cement dorsal, les poches avant, les genoux et le creux poplit\u00e9. D\u00c9TAILS : Poche amovible pour carte d'identit\u00e9. Boutons en m\u00e9tal. Couture int\u00e9rieure de la jambe avec triple couture. Fermeture \u00e0 glissi\u00e8re en plastique \u00e0 l'entrejambe. Deux passants pour ceinture sur les c\u00f4t\u00e9s avec un bouton pour un passant pour marteau, un passant pour ceinture avec anneau en D \u00e0 l'avant. Large boucle de ceinture \u00e0 l'arri\u00e8re. POCHES : poche sur la jambe avec soufflet, poche pour stylo, poche flexible pour t\u00e9l\u00e9phone portable et deux grandes poches - une avec fermeture \u00e9clair et une poche amovible pour carte d'identit\u00e9. Poche pour couteau avec rabat et insert stretch. Poches arri\u00e8re renforc\u00e9es par un soufflet. Poches rembourr\u00e9es aux genoux. Poches lat\u00e9rales. Poches \u00e0 outils - avec boucles pour outils, peuvent \u00eatre gliss\u00e9es dans les poches avant. Poche m\u00e8tre renforc\u00e9e avec porte couteau et poche stylo. INSTRUCTIONS DE LAVAGE : 40\u00b0 C. Repassage - moyen. Nettoyage \u00e0 sec - normal P. Ne pas blanchir. S\u00e8che-linge - bas. TRAVAIL PRINCIPAL : Constructeur de b\u00e9ton. \u00c9lectricien. Homme \u00e0 tout faire. Installateur de mat\u00e9riel \u00e9lectrique. Travailleur en entrep\u00f4t. M\u00e9canicien. EN 14004. TISSU : hommes. gris. noir. Poches pour genouill\u00e8res. Poches \u00e0 outils. Artisanat. USP : empi\u00e8cements en stretch. Poches \u00e0 outils. CERTIFICATION : EN 14404:2004+A1:2010 avec genouill\u00e8res 4027, 4057, 4058 et 4032.<\/p>\n<p>65% polyester, 35% coton, serg\u00e9, 300g\/m<\/p>","protected":false},"excerpt":{"rendered":"<p>Gut aussehende, flexible und robuste Handwerker Arbeitshose mit sorgf\u00e4ltig entwickelten Details. Die haltbare Hose mit pr\u00e4zise entworfenen Details bietet Bewegungsfreiheit, Funktionalit\u00e4t und Komfort. Das Material ist robust und die Kombination mit Stretch Eins\u00e4tzen macht die Hose ideal f\u00fcr z.B. Boden- und Fliesenleger, die oft in knienden Positionen arbeiten. Die Hose hat Stretch Eins\u00e4tze hinten, an [&hellip;]<\/p>\n","protected":false},"featured_media":660723,"template":"","meta":[],"product_brand":[],"product_cat":[4185],"product_tag":[],"class_list":{"0":"post-660720","1":"product","2":"type-product","3":"status-publish","4":"has-post-thumbnail","6":"product_cat-hosen","7":"pa_brand-blaklaeder","8":"pa_brand-type-workwear","9":"pa_filter-color-grau","10":"pa_filter-color-schwarz","12":"first","13":"instock","14":"sale","15":"taxable","16":"shipping-taxable","17":"purchasable","18":"product-type-variable","19":"add-to-wishlist-before_image"},"exclude_global_add_ons":[],"addons":[],"acf":[],"_links":{"self":[{"href":"https:\/\/shop.kustom.ch\/fr\/wp-json\/wp\/v2\/product\/660720"}],"collection":[{"href":"https:\/\/shop.kustom.ch\/fr\/wp-json\/wp\/v2\/product"}],"about":[{"href":"https:\/\/shop.kustom.ch\/fr\/wp-json\/wp\/v2\/types\/product"}],"wp:featuredmedia":[{"embeddable":true,"href":"https:\/\/shop.kustom.ch\/fr\/wp-json\/wp\/v2\/media\/660723"}],"wp:attachment":[{"href":"https:\/\/shop.kustom.ch\/fr\/wp-json\/wp\/v2\/media?parent=660720"}],"wp:term":[{"taxonomy":"product_brand","embeddable":true,"href":"https:\/\/shop.kustom.ch\/fr\/wp-json\/wp\/v2\/product_brand?post=660720"},{"taxonomy":"product_cat","embeddable":true,"href":"https:\/\/shop.kustom.ch\/fr\/wp-json\/wp\/v2\/product_cat?post=660720"},{"taxonomy":"product_tag","embeddable":true,"href":"https:\/\/shop.kustom.ch\/fr\/wp-json\/wp\/v2\/product_tag?post=660720"}],"curies":[{"name":"wp","href":"https:\/\/api.w.org\/{rel}","templated":true}]}}