{"id":660472,"date":"2025-04-29T04:57:51","date_gmt":"2025-04-29T03:57:51","guid":{"rendered":"https:\/\/shop.kustom.ch\/?post_type=product&#038;p=660472"},"modified":"2026-03-31T09:15:03","modified_gmt":"2026-03-31T08:15:03","slug":"t-shirt-grit-and-grind","status":"publish","type":"product","link":"https:\/\/shop.kustom.ch\/fr\/produit\/t-shirt-grit-and-grind\/","title":{"rendered":"T-shirt Grit and Grind"},"content":{"rendered":"<p>T-shirt en coton 100 % qui t'aide \u00e0 serrer les dents, \u00e0 faire des efforts et \u00e0 finir le travail avec style. \u00c9galement disponible en T-shirt pour femme 9409.<\/p>\n<p>FONCTIONNALIT\u00c9 : Coupe normale. D\u00c9TAILS : Impression sur la poitrine. Encolure \u00e0 c\u00f4tes. Col rond. Coutures renforc\u00e9es au cou. Coutures d'\u00e9paules renforc\u00e9es. INSTRUCTIONS DE LAVAGE : 40\u00b0 C. Repassage - moyen. Ne pas blanchir. Ne pas nettoyer \u00e0 sec. Ne pas essorer. PROFESSIONS PRINCIPALES : Constructeur de b\u00e9ton. Poseurs de sols. Couvreur de toitures. Chauffeur. P\u00eacheur. Travailleur de jardin. Homme \u00e0 tout faire. Installateur de chauffage. Travailleur de l'entrep\u00f4t. Peintre en b\u00e2timent. Ma\u00e7on \/ carreleur. M\u00e9canicien de chantier. Agent de nettoyage. Employ\u00e9 de service. Ferblantier. TISSU : Disponible pour les femmes et les hommes. Hommes. bleu. vert. Profil . USP : 100 % coton<\/p>\n<p>100% Coton, jersey, 150 g\/m<\/p>","protected":false},"excerpt":{"rendered":"<p>T-Shirt aus 100 % Baumwolle, das dir hilft, die Z\u00e4hne zusammenzubeissen, dich anzustrengen und die Arbeit stilvoll zu beenden. Auch als Damen T-Shirt 9409 erh\u00e4ltlich. FUNKTIONALIT\u00c4T: Normale Passform. DETAILS: Aufdruck auf der Brust. Gerippter Halsbund. Rundhals. Verst\u00e4rkte Halsn\u00e4hte. Verst\u00e4rkte Schultern\u00e4hte. WASCHANLEITUNG: 40\u00b0 C. B\u00fcgeln &#8211; mittel. Nicht bleichen. Nicht chemisch reinigen. Nicht schleudern. HAUPTEIGENSCHAFTEN: Betonbauer. [&hellip;]<\/p>\n","protected":false},"featured_media":660524,"template":"","meta":[],"product_brand":[],"product_cat":[4201],"product_tag":[],"class_list":{"0":"post-660472","1":"product","2":"type-product","3":"status-publish","4":"has-post-thumbnail","6":"product_cat-t-shirts","7":"pa_brand-blaklaeder","8":"pa_brand-type-workwear","9":"pa_filter-color-blau","10":"pa_filter-color-gruen","12":"first","13":"instock","14":"sale","15":"taxable","16":"shipping-taxable","17":"purchasable","18":"product-type-variable","19":"add-to-wishlist-before_image"},"exclude_global_add_ons":[],"addons":[],"acf":[],"_links":{"self":[{"href":"https:\/\/shop.kustom.ch\/fr\/wp-json\/wp\/v2\/product\/660472"}],"collection":[{"href":"https:\/\/shop.kustom.ch\/fr\/wp-json\/wp\/v2\/product"}],"about":[{"href":"https:\/\/shop.kustom.ch\/fr\/wp-json\/wp\/v2\/types\/product"}],"wp:featuredmedia":[{"embeddable":true,"href":"https:\/\/shop.kustom.ch\/fr\/wp-json\/wp\/v2\/media\/660524"}],"wp:attachment":[{"href":"https:\/\/shop.kustom.ch\/fr\/wp-json\/wp\/v2\/media?parent=660472"}],"wp:term":[{"taxonomy":"product_brand","embeddable":true,"href":"https:\/\/shop.kustom.ch\/fr\/wp-json\/wp\/v2\/product_brand?post=660472"},{"taxonomy":"product_cat","embeddable":true,"href":"https:\/\/shop.kustom.ch\/fr\/wp-json\/wp\/v2\/product_cat?post=660472"},{"taxonomy":"product_tag","embeddable":true,"href":"https:\/\/shop.kustom.ch\/fr\/wp-json\/wp\/v2\/product_tag?post=660472"}],"curies":[{"name":"wp","href":"https:\/\/api.w.org\/{rel}","templated":true}]}}