{"id":660431,"date":"2025-04-29T04:57:23","date_gmt":"2025-04-29T03:57:23","guid":{"rendered":"https:\/\/shop.kustom.ch\/?post_type=product&#038;p=660431"},"modified":"2026-03-31T09:14:52","modified_gmt":"2026-03-31T08:14:52","slug":"t-shirt-blaklaeder-beach-club","status":"publish","type":"product","link":"https:\/\/shop.kustom.ch\/fr\/produit\/t-shirt-blaklaeder-beach-club\/","title":{"rendered":"T-shirt Bl\u00e5kl\u00e4der Beach Club"},"content":{"rendered":"<p>T-shirt en 100 % coton, qui met de l'ambiance estivale aussi bien au travail que pendant les loisirs. \u00c9galement disponible en mod\u00e8le femme 9417.<\/p>\n<p>FONCTIONNALIT\u00c9 : Coupe normale. D\u00c9TAILS : Impression dans le dos. Impression sur la poitrine. Col c\u00f4tel\u00e9. Col rond. Coutures renforc\u00e9es au cou. Coutures renforc\u00e9es aux \u00e9paules. INSTRUCTIONS DE LAVAGE : 40\u00b0 C. Repassage - moyen. Ne pas blanchir. Ne pas nettoyer \u00e0 sec. Ne pas essorer. PROFESSIONS PRINCIPALES : Constructeur de b\u00e9ton. Poseurs de sols. Couvreur de toitures. Chauffeur. P\u00eacheur. Travailleur de jardin. Homme \u00e0 tout faire. Installateur de chauffage. Travailleur de l'entrep\u00f4t. Peintre en b\u00e2timent. Ma\u00e7on \/ carreleur. M\u00e9canicien de chantier. Agent de nettoyage. Employ\u00e9 de service. Ferblantier. TISSU : Disponible pour les femmes et les hommes. Hommes. noir. blanc. Profil. USP : 100 % coton<\/p>\n<p>100% Coton, jersey, 150 g\/m<\/p>","protected":false},"excerpt":{"rendered":"<p>T-Shirt aus 100 % Baumwolle, das sowohl im Job als auch in der Freizeit f\u00fcr Sommerstimmung sorgt. Auch als Damenmodell 9417 erh\u00e4ltlich. FUNKTIONALIT\u00c4T: Normale Passform. DETAILS: Aufdruck auf dem R\u00fccken. Aufdruck auf der Brust. Gerippter Halsbund. Rundhals. Verst\u00e4rkte Halsn\u00e4hte. Verst\u00e4rkte Schultern\u00e4hte. WASCHANLEITUNG: 40\u00b0 C. B\u00fcgeln &#8211; mittel. Nicht bleichen. Nicht chemisch reinigen. Nicht schleudern. HAUPTEIGENSCHAFTEN: [&hellip;]<\/p>\n","protected":false},"featured_media":660479,"template":"","meta":[],"product_brand":[],"product_cat":[4201],"product_tag":[],"class_list":{"0":"post-660431","1":"product","2":"type-product","3":"status-publish","4":"has-post-thumbnail","6":"product_cat-t-shirts","7":"pa_brand-blaklaeder","8":"pa_brand-type-workwear","9":"pa_filter-color-blau","10":"pa_filter-color-grau","11":"pa_filter-color-weiss","13":"first","14":"instock","15":"sale","16":"taxable","17":"shipping-taxable","18":"purchasable","19":"product-type-variable","20":"add-to-wishlist-before_image"},"exclude_global_add_ons":[],"addons":[],"acf":[],"_links":{"self":[{"href":"https:\/\/shop.kustom.ch\/fr\/wp-json\/wp\/v2\/product\/660431"}],"collection":[{"href":"https:\/\/shop.kustom.ch\/fr\/wp-json\/wp\/v2\/product"}],"about":[{"href":"https:\/\/shop.kustom.ch\/fr\/wp-json\/wp\/v2\/types\/product"}],"wp:featuredmedia":[{"embeddable":true,"href":"https:\/\/shop.kustom.ch\/fr\/wp-json\/wp\/v2\/media\/660479"}],"wp:attachment":[{"href":"https:\/\/shop.kustom.ch\/fr\/wp-json\/wp\/v2\/media?parent=660431"}],"wp:term":[{"taxonomy":"product_brand","embeddable":true,"href":"https:\/\/shop.kustom.ch\/fr\/wp-json\/wp\/v2\/product_brand?post=660431"},{"taxonomy":"product_cat","embeddable":true,"href":"https:\/\/shop.kustom.ch\/fr\/wp-json\/wp\/v2\/product_cat?post=660431"},{"taxonomy":"product_tag","embeddable":true,"href":"https:\/\/shop.kustom.ch\/fr\/wp-json\/wp\/v2\/product_tag?post=660431"}],"curies":[{"name":"wp","href":"https:\/\/api.w.org\/{rel}","templated":true}]}}