{"id":660303,"date":"2025-04-29T04:56:30","date_gmt":"2025-04-29T03:56:30","guid":{"rendered":"https:\/\/shop.kustom.ch\/?post_type=product&#038;p=660303"},"modified":"2026-03-31T09:12:07","modified_gmt":"2026-03-31T08:12:07","slug":"striker-damen-handwerker-arbeitshose-stretch","status":"publish","type":"product","link":"https:\/\/shop.kustom.ch\/fr\/produit\/striker-damen-handwerker-arbeitshose-stretch\/","title":{"rendered":"STRIKER Pantalon de travail stretch pour femmes artisans"},"content":{"rendered":"<p>Pantalon d'artisanat r\u00e9sistant en serg\u00e9 stretch CORDURA\u00ae bi-directionnel, qui offre vraiment une r\u00e9sistance et un confort ultimes. Des inserts en stretch 4 directions \u00e0 l'entrejambe, \u00e0 l'empi\u00e8cement et au creux des genoux assurent une libert\u00e9 de mouvement optimale. Le pantalon a une taille haute \u00e0 l'arri\u00e8re, des poches \u00e0 clous amovibles et des jambes fusel\u00e9es. A\u00e9rations aux genoux et \u00e0 l'empi\u00e8cement pour plus de confort. Poches genouill\u00e8res r\u00e9sistantes en CORDURA\u00ae Stretch Dobby. \u00c9galement disponible en mod\u00e8le homme 1970. Twill CORDURA\u00ae Stretch 2 sens avec une solidit\u00e9 des couleurs et une durabilit\u00e9 am\u00e9lior\u00e9esStretch 4 sens \u00e0 l'entrejambe, \u00e0 l'empi\u00e8cement et \u00e0 l'arri\u00e8re des genouxNouvelles poches genouill\u00e8res en CORDURA\u00ae Stretch Dobby de haute qualit\u00e9A\u00e9ration \u00e0 l'empi\u00e8cement et \u00e0 l'arri\u00e8re des genouxCeinture sur\u00e9lev\u00e9e dans le dosDesign pr\u00e9form\u00e9 pour un confort optimalPoches \u00e0 outils amovibles et interchangeablesPoches pour t\u00e9l\u00e9phone portable en meshD\u00e9tails r\u00e9fl\u00e9chissantsBoucle amovible et interchangeable pour porte marteau<\/p>\n<p>FONCTIONNALIT\u00c9 : stretch 2 directions avec inserts stretch 4 directions. A\u00e9ration dans l'empi\u00e8cement, le creux du genou et l'int\u00e9rieur des poches genouill\u00e8res. Jambes de pantalon de forme particuli\u00e8rement ergonomique. Taille pour femmes. Dos sur\u00e9lev\u00e9 au niveau de la taille pour un confort suppl\u00e9mentaire lors de l'agenouillement. D\u00c9TAILS : Poche pour carte d'identit\u00e9 amovible. Boucle pour marteau sur le c\u00f4t\u00e9. Boutons en m\u00e9tal. Couture int\u00e9rieure de la jambe avec triple couture. Fermeture \u00e0 glissi\u00e8re en plastique \u00e0 l'entrejambe. Pendentif de fermeture \u00e9clair avec cordon r\u00e9fl\u00e9chissant. Large passant \u00e0 l'arri\u00e8re. Anneau en D \u00e0 la taille. Taille haute \u00e0 l'arri\u00e8re. Taille ajustable. Bonnes surfaces pour les finitions. POCHES : Poche sur la jambe avec soufflet et rabat avec fermeture velcro et poche int\u00e9rieure pour t\u00e9l\u00e9phone portable en mesh. Poche sur la jambe avec fermeture \u00e0 glissi\u00e8re. Poche arri\u00e8re avec soufflet. Poches pour genouill\u00e8res avec mat\u00e9riau stretch \u00e0 l'int\u00e9rieur et \u00e0 l'ext\u00e9rieur pour un meilleur ajustement ergonomique. Poches lat\u00e9rales. Poches \u00e0 outils suspendues amovibles et interchangeables, extra larges, \u00e9quip\u00e9es de crochets \u00e0 outils, compartiment \u00e0 outils et poches suppl\u00e9mentaires avec fermeture \u00e9clair. Poche m\u00e8tre renforc\u00e9e avec porte couteau et poche stylo. RENFORCEMENT : Poches de genouill\u00e8res renforc\u00e9es en CORDURA\u00ae stretch. Poches renforc\u00e9es en CORDURA\u00ae. REFLEX : bandes r\u00e9fl\u00e9chissantes noires \u00e0 l'arri\u00e8re de la jambe. INSTRUCTIONS DE LAVAGE : 60\u00b0 C. Repassage - bas. Ne pas blanchir. Ne pas nettoyer \u00e0 sec. Ne pas essorer. TRAVAUX PRINCIPAUX : \u00c9lectricien. Jardinier, jardinier, etc. Bricoleur de m\u00e9tier. Installateur de mat\u00e9riel \u00e9lectrique. Travailleur dans un entrep\u00f4t. Ferblantier. EN 14004. TISSU : Femmes. Disponible pour femmes et hommes. marron. noir. Poches pour genouill\u00e8res. Tissu stretch. Poches \u00e0 outils. Artisanat. Tissu extensible. USP : poches \u00e0 outils amovibles. Taille sur\u00e9lev\u00e9e dans le dos. D\u00e9tails r\u00e9fl\u00e9chissants. Jambes pr\u00e9form\u00e9es. CERTIFICATION : EN 14404:2004+A1:2010 avec genouill\u00e8res 4027, 4057, 4058 et 4032.<\/p>\n<p>51% coton, 32% polyester, 17% polyamide, serg\u00e9, stretch, 340 g\/m<\/p>","protected":false},"excerpt":{"rendered":"<p>Strapazierf\u00e4hige Handwerkerhose aus 2-Wege-CORDURA\u00ae-Stretch-Twill, die wirklich ultimative Strapazierf\u00e4higkeit und Komfort bietet. 4-Wege-Stretcheins\u00e4tze im Schritt, an der Passe und in den Kniekehlen sorgen f\u00fcr optimale Bewegungsfreiheit. Die Hose hat eine hohe Taille an der R\u00fcckseite, abnehmbare Nageltaschen und schmal zulaufende Beine. Bel\u00fcftung an Knie und Passe f\u00fcr mehr Komfort. Strapazierf\u00e4hige Kniepolstertaschen aus CORDURA\u00ae Stretch Dobby. Auch [&hellip;]<\/p>\n","protected":false},"featured_media":660347,"template":"","meta":[],"product_brand":[],"product_cat":[4185],"product_tag":[],"class_list":{"0":"post-660303","1":"product","2":"type-product","3":"status-publish","4":"has-post-thumbnail","6":"product_cat-hosen","7":"pa_brand-blaklaeder","8":"pa_brand-type-workwear","9":"pa_filter-color-blau","10":"pa_filter-color-gruen","11":"pa_filter-color-orange","12":"pa_filter-color-schwarz","14":"first","15":"instock","16":"sale","17":"taxable","18":"shipping-taxable","19":"purchasable","20":"product-type-variable","21":"add-to-wishlist-before_image"},"exclude_global_add_ons":[],"addons":[],"acf":[],"_links":{"self":[{"href":"https:\/\/shop.kustom.ch\/fr\/wp-json\/wp\/v2\/product\/660303"}],"collection":[{"href":"https:\/\/shop.kustom.ch\/fr\/wp-json\/wp\/v2\/product"}],"about":[{"href":"https:\/\/shop.kustom.ch\/fr\/wp-json\/wp\/v2\/types\/product"}],"wp:featuredmedia":[{"embeddable":true,"href":"https:\/\/shop.kustom.ch\/fr\/wp-json\/wp\/v2\/media\/660347"}],"wp:attachment":[{"href":"https:\/\/shop.kustom.ch\/fr\/wp-json\/wp\/v2\/media?parent=660303"}],"wp:term":[{"taxonomy":"product_brand","embeddable":true,"href":"https:\/\/shop.kustom.ch\/fr\/wp-json\/wp\/v2\/product_brand?post=660303"},{"taxonomy":"product_cat","embeddable":true,"href":"https:\/\/shop.kustom.ch\/fr\/wp-json\/wp\/v2\/product_cat?post=660303"},{"taxonomy":"product_tag","embeddable":true,"href":"https:\/\/shop.kustom.ch\/fr\/wp-json\/wp\/v2\/product_tag?post=660303"}],"curies":[{"name":"wp","href":"https:\/\/api.w.org\/{rel}","templated":true}]}}