{"id":660302,"date":"2025-04-29T04:56:30","date_gmt":"2025-04-29T03:56:30","guid":{"rendered":"https:\/\/shop.kustom.ch\/?post_type=product&#038;p=660302"},"modified":"2026-03-31T09:09:36","modified_gmt":"2026-03-31T08:09:36","slug":"damen-handwerker-arbeitshose-inhaerent","status":"publish","type":"product","link":"https:\/\/shop.kustom.ch\/fr\/produit\/damen-handwerker-arbeitshose-inhaerent\/","title":{"rendered":"Pantalon de travail pour femme artisan Inh\u00e4rent"},"content":{"rendered":"<p>Pantalon d'artisanat de coupe f\u00e9minine destin\u00e9 \u00e0 \u00eatre utilis\u00e9 dans des domaines n\u00e9cessitant une bonne protection, ainsi que de la flexibilit\u00e9, un grand confort et de nombreuses solutions pour le port d'\u00e9quipements. Il s'agit d'un pantalon sans m\u00e9tal avec des boutons-pression en plastique et une fermeture \u00e0 glissi\u00e8re. La taille est sur\u00e9lev\u00e9e \u00e0 l'arri\u00e8re et munie d'un \u00e9lastique sur les c\u00f4t\u00e9s pour am\u00e9liorer le confort. Les deux poches \u00e0 holster fixes offrent de nombreuses possibilit\u00e9s de rangement pour les outils et les petits appareils et accessoires techniques. Les poches \u00e0 holster sont renforc\u00e9es par un double tissu sur le dessous. Poches sur les jambes avec soufflet, celle de gauche avec un porte-carte d'identit\u00e9. Le pantalon a deux poches arri\u00e8re \u00e0 soufflet avec boutons-pression. Genoux pr\u00e9form\u00e9s avec poches externes pour genouill\u00e8res qui s'ouvrent par le bas. Chevilles r\u00e9glables sur trois largeurs diff\u00e9rentes \u00e0 l'aide de boutons-pression. D\u00e9tails r\u00e9fl\u00e9chissants appliqu\u00e9s par la chaleur \u00e0 l'arri\u00e8re des jambes et sur les poches des jambes. Test\u00e9 et approuv\u00e9 pour le lavage industriel - EN 15797, max. 50 cycles de lavage. Certifi\u00e9 selon les normes EN 1149-5, EN ISO 11612, EN 61482-2.<\/p>\n<p>FONCTIONNALIT\u00c9 : Sans m\u00e9tal. Surface ol\u00e9ophobe, antisalissante et hydrofuge. D\u00c9TAILS : Poche d'identification amovible pour les v\u00eatements ignifuges. \u00c9tiquettes de certification ext\u00e9rieures. Boutons en plastique. Fermeture \u00e0 glissi\u00e8re en plastique \u00e0 l'entrejambe. Passants, dont un avec anneau en D. \u00c9lastique \u00e0 la taille. Taille haute \u00e0 l'arri\u00e8re. POCHES : Poches sur les jambes avec soufflet, rabat avec bouton. Poches arri\u00e8re \u00e0 soufflet et \u00e0 rabat. Poches ext\u00e9rieures pour genouill\u00e8res. Poches lat\u00e9rales. Poches \u00e0 outils renforc\u00e9es en trois parties. REFLEX : bande r\u00e9fl\u00e9chissante \u00e0 certains endroits pour une meilleure visibilit\u00e9. FERMETURE : Possibilit\u00e9 de rallonger l'ourlet de la jambe, ne s'applique pas aux tailles D. Largeur de l'ourlet de la jambe r\u00e9glable avec des boutons-pression en plastique. INSTRUCTIONS DE LAVAGE : 60\u00b0 C. Ne pas blanchir. Ne pas repasser. Ne pas nettoyer \u00e0 sec. PRO : adapt\u00e9 au s\u00e9chage en tambour. S\u00e8che-linge - bas. PROPRIETES PRINCIPALES : \u00e9lectricien. Travailleurs manuels. EN 1149-5. EN 14004. EN 61482-2. EN ISO 11612. TISSU : Femme. Jaune haute visibilit\u00e9. Noir. Poches pour genouill\u00e8res. Sans m\u00e9tal. Poches \u00e0 outils. Protection contre les flammes. LAVAGE : lavage industriel EN ISO 15797. CERTIFICATION : EN 1149-5. 50 cycles de lavage max. EN 14404 2004+A1 2010, type 1, niveau 0 avec genouill\u00e8re art. 4057. ATPV - 11 cal\/cm\u00b2. ELIM - 10 cal\/cm\u00b2. EN 61482-2, APC 1. 50 cycles de lavage max. EN ISO 11612 A1,A2,B1,C1,F1. Max. 50 cycles de lavage<\/p>\n<p>44% Modacrylique, 30% Coton, 20% FR Polyamide, 5% Aramide, 1% antistatique, Ripstop, ignifug\u00e9, antistatique, 260 g\/m<\/p>","protected":false},"excerpt":{"rendered":"<p>Handwerkerhose im Damenschnitt f\u00fcr den Einsatz in Bereichen, die einen guten Schutz erfordern, sowie Flexibilit\u00e4t, hohen Komfort und viele L\u00f6sungen f\u00fcr das Tragen von Ausr\u00fcstung. Es handelt sich um eine metallfreie Hose mit Kunststoffdruckkn\u00f6pfen und Reissverschluss. Der Bund ist hinten erh\u00f6ht und an den Seiten mit einem Gummizug versehen, um den Tragekomfort zu verbessern. Die [&hellip;]<\/p>\n","protected":false},"featured_media":660330,"template":"","meta":[],"product_brand":[],"product_cat":[4185],"product_tag":[],"class_list":{"0":"post-660302","1":"product","2":"type-product","3":"status-publish","4":"has-post-thumbnail","6":"product_cat-hosen","7":"pa_brand-blaklaeder","8":"pa_brand-type-workwear","9":"pa_filter-color-gelb","11":"first","12":"instock","13":"sale","14":"taxable","15":"shipping-taxable","16":"purchasable","17":"product-type-variable","18":"add-to-wishlist-before_image"},"exclude_global_add_ons":[],"addons":[],"acf":[],"_links":{"self":[{"href":"https:\/\/shop.kustom.ch\/fr\/wp-json\/wp\/v2\/product\/660302"}],"collection":[{"href":"https:\/\/shop.kustom.ch\/fr\/wp-json\/wp\/v2\/product"}],"about":[{"href":"https:\/\/shop.kustom.ch\/fr\/wp-json\/wp\/v2\/types\/product"}],"wp:featuredmedia":[{"embeddable":true,"href":"https:\/\/shop.kustom.ch\/fr\/wp-json\/wp\/v2\/media\/660330"}],"wp:attachment":[{"href":"https:\/\/shop.kustom.ch\/fr\/wp-json\/wp\/v2\/media?parent=660302"}],"wp:term":[{"taxonomy":"product_brand","embeddable":true,"href":"https:\/\/shop.kustom.ch\/fr\/wp-json\/wp\/v2\/product_brand?post=660302"},{"taxonomy":"product_cat","embeddable":true,"href":"https:\/\/shop.kustom.ch\/fr\/wp-json\/wp\/v2\/product_cat?post=660302"},{"taxonomy":"product_tag","embeddable":true,"href":"https:\/\/shop.kustom.ch\/fr\/wp-json\/wp\/v2\/product_tag?post=660302"}],"curies":[{"name":"wp","href":"https:\/\/api.w.org\/{rel}","templated":true}]}}