{"id":660241,"date":"2025-04-29T04:56:06","date_gmt":"2025-04-29T03:56:06","guid":{"rendered":"https:\/\/shop.kustom.ch\/?post_type=product&#038;p=660241"},"modified":"2026-03-31T09:09:30","modified_gmt":"2026-03-31T08:09:30","slug":"damenhose-inhaerent","status":"publish","type":"product","link":"https:\/\/shop.kustom.ch\/fr\/produit\/damenhose-inhaerent\/","title":{"rendered":"Pantalon pour femmes Inh\u00e4rent"},"content":{"rendered":"<p>Pantalon pour femmes doux, souple et confortable, optimis\u00e9 pour les environnements qui n\u00e9cessitent une forte protection combin\u00e9e \u00e0 un grand confort. Le pantalon est fabriqu\u00e9 dans un mat\u00e9riau r\u00e9sistant \u00e0 l'huile, \u00e0 la salet\u00e9 et \u00e0 l'eau. Ce v\u00eatement est exempt de m\u00e9tal et poss\u00e8de des boutons et des fermetures \u00e0 glissi\u00e8re en plastique. Partie dorsale sur\u00e9lev\u00e9e avec \u00e9lastique \u00e0 la taille sur le c\u00f4t\u00e9 pour un meilleur confort. Poche sur la jambe avec soufflet et rabat, porte-carte d'identit\u00e9 \u00e0 l'int\u00e9rieur. Le pantalon a deux poches arri\u00e8re avec rabat \u00e0 bouton-pression. Genoux pr\u00e9form\u00e9s avec poches externes pour genouill\u00e8res qui s'ouvrent par le bas. Chevilles r\u00e9glables sur trois largeurs diff\u00e9rentes \u00e0 l'aide de boutons-pression. D\u00e9tails r\u00e9fl\u00e9chissants appliqu\u00e9s par la chaleur \u00e0 l'arri\u00e8re des jambes et sur les poches des jambes. Test\u00e9 et approuv\u00e9 pour le lavage industriel - EN 15797, max. 50 cycles de lavage. Certifi\u00e9 selon les normes EN 1149-5, EN ISO 11611, EN ISO 11612, EN 13034, EN 61482-2.<\/p>\n<p>FONCTIONNALIT\u00c9 : Sans m\u00e9tal. Surface ol\u00e9ophobe, antisalissante et hydrofuge. D\u00c9TAILS : Poche d'identification amovible pour les v\u00eatements ignifuges. \u00c9tiquettes de certification ext\u00e9rieures. Boutons-pression en plastique. Fermeture \u00e0 glissi\u00e8re en plastique \u00e0 l'entrejambe. Passants, dont un avec anneau en D. \u00c9lastique \u00e0 la taille. Taille haute \u00e0 l'arri\u00e8re. POCHES : Poches sur les jambes avec soufflet, rabat avec bouton. Poches arri\u00e8re \u00e0 soufflet et \u00e0 rabat. Poches ext\u00e9rieures pour genouill\u00e8res. Poches lat\u00e9rales. REFLEX : Bande r\u00e9fl\u00e9chissante \u00e0 certains endroits pour une meilleure visibilit\u00e9. FERMETURE : Possibilit\u00e9 de rallonger l'ourlet de la jambe, ne s'applique pas aux tailles D. Largeur de l'ourlet de la jambe r\u00e9glable avec des boutons-pression en plastique. INSTRUCTIONS DE LAVAGE : 60\u00b0 C. Ne pas blanchir. Ne pas repasser. Ne pas nettoyer \u00e0 sec. PRO : adapt\u00e9 au s\u00e9chage en tambour. S\u00e8che-linge - bas. PROPRIETES PRINCIPALES : \u00e9lectricien. Travailleurs manuels. EN 1149-5. EN 13034. EN 14004. EN 61482-2. EN ISO 11611. EN ISO 11612. TISSU : Femme. bleu. Poches pour genouill\u00e8res. Sans m\u00e9tal. Protection contre les flammes. LAVAGE : lavage industriel EN ISO 15797. CERTIFICATION : EN 1149-5. 50 cycles de lavage max. EN 13034 PB (6). Max. 20 cycles de lavage. EN 14404 2004+A1 2010, type 1, niveau 0 avec genouill\u00e8re art. 4057. ATPV - 11 cal\/cm\u00b2. ELIM - 10 cal\/cm\u00b2. EN 61482-2, APC 1. 50 cycles de lavage max. EN ISO 11611, classe 1 A1+A2. Max. 50 cycles de lavage. EN ISO 11612 A1, A2, B1, C1, E2, F1. Max. 50 cycles de lavage<\/p>\n<p>44% Modacrylique, 30% Coton, 20% FR Polyamide, 5% Aramide, 1% antistatique, Ripstop, ignifug\u00e9, antistatique, 260 g\/m<\/p>","protected":false},"excerpt":{"rendered":"<p>Weiche, geschmeidige und bequeme Damenhose, die f\u00fcr Umgebungen optimiert ist, die einen starken Schutz in Kombination mit hohem Tragekomfort erfordern. Die Hose ist aus einem \u00f6l-, schmutz- und wasserabweisenden Material gefertigt. Dieses Kleidungsst\u00fcck ist metallfrei und hat Kunststoffkn\u00f6pfe und -reissverschl\u00fcsse. Erh\u00f6htes R\u00fcckenteil mit Gummizug in der seitlichen Taille f\u00fcr erh\u00f6hten Komfort. Beintasche mit Balg und [&hellip;]<\/p>\n","protected":false},"featured_media":660294,"template":"","meta":[],"product_brand":[],"product_cat":[4185],"product_tag":[],"class_list":{"0":"post-660241","1":"product","2":"type-product","3":"status-publish","4":"has-post-thumbnail","6":"product_cat-hosen","7":"pa_brand-blaklaeder","8":"pa_brand-type-workwear","9":"pa_filter-color-blau","10":"pa_filter-color-gelb","12":"first","13":"instock","14":"sale","15":"taxable","16":"shipping-taxable","17":"purchasable","18":"product-type-variable","19":"add-to-wishlist-before_image"},"exclude_global_add_ons":[],"addons":[],"acf":[],"_links":{"self":[{"href":"https:\/\/shop.kustom.ch\/fr\/wp-json\/wp\/v2\/product\/660241"}],"collection":[{"href":"https:\/\/shop.kustom.ch\/fr\/wp-json\/wp\/v2\/product"}],"about":[{"href":"https:\/\/shop.kustom.ch\/fr\/wp-json\/wp\/v2\/types\/product"}],"wp:featuredmedia":[{"embeddable":true,"href":"https:\/\/shop.kustom.ch\/fr\/wp-json\/wp\/v2\/media\/660294"}],"wp:attachment":[{"href":"https:\/\/shop.kustom.ch\/fr\/wp-json\/wp\/v2\/media?parent=660241"}],"wp:term":[{"taxonomy":"product_brand","embeddable":true,"href":"https:\/\/shop.kustom.ch\/fr\/wp-json\/wp\/v2\/product_brand?post=660241"},{"taxonomy":"product_cat","embeddable":true,"href":"https:\/\/shop.kustom.ch\/fr\/wp-json\/wp\/v2\/product_cat?post=660241"},{"taxonomy":"product_tag","embeddable":true,"href":"https:\/\/shop.kustom.ch\/fr\/wp-json\/wp\/v2\/product_tag?post=660241"}],"curies":[{"name":"wp","href":"https:\/\/api.w.org\/{rel}","templated":true}]}}