{"id":660190,"date":"2025-04-29T04:55:36","date_gmt":"2025-04-29T03:55:36","guid":{"rendered":"https:\/\/shop.kustom.ch\/?post_type=product&#038;p=660190"},"modified":"2026-03-31T09:09:09","modified_gmt":"2026-03-31T08:09:09","slug":"damen-high-vis-hose-stretch","status":"publish","type":"product","link":"https:\/\/shop.kustom.ch\/fr\/produit\/damen-high-vis-hose-stretch\/","title":{"rendered":"Pantalon femme haute visibilit\u00e9 stretch"},"content":{"rendered":"<p>Pantalon haute visibilit\u00e9 r\u00e9sistant en denim stretch\/CORDURA\u00ae \u00e0 deux voies, coupe f\u00e9minine et jambes fusel\u00e9es, id\u00e9al pour les professions qui exigent fonctionnalit\u00e9 et bonne mobilit\u00e9. Le pantalon est dot\u00e9 d'inserts en stretch \u00e0 l'entrejambe et aux mollets pour une flexibilit\u00e9 maximale et un bon confort. Les poches genouill\u00e8res situ\u00e9es en haut sont renforc\u00e9es par du CORDURA\u00ae stretch et ont des inserts stretch au-dessus du genou pour un meilleur ajustement ergonomique. \u00c9galement disponible en coupe homme 1130.<\/p>\n<p>FONCTIONNALIT\u00c9 : Empi\u00e8cements stretch \u00e0 l'entrejambe, au mollet et poche genouill\u00e8re. D\u00c9TAILS : Boutons en m\u00e9tal. Couture int\u00e9rieure de la jambe avec triple couture. Fermeture \u00e0 glissi\u00e8re en plastique \u00e0 l'entrejambe. Larges passants de ceinture \u00e0 l'arri\u00e8re et sur les c\u00f4t\u00e9s. Deux passants sur les c\u00f4t\u00e9s avec un bouton pour le porte-marteau. Anneau en D \u00e0 la taille. \u00c9lastique \u00e0 la taille. POCHES : poche sur la jambe avec soufflet et rabat \u00e0 fermeture velcro et poche int\u00e9rieure pour t\u00e9l\u00e9phone portable en mesh. Poche sur la jambe avec fermeture \u00e9clair. Poche arri\u00e8re avec soufflet. Poches ext\u00e9rieures pour genouill\u00e8res. Poches lat\u00e9rales. Fermeture \u00e0 glissi\u00e8re pour poches \u00e0 outils fixes ou amovibles. Poches \u00e0 outils - extra larges, avec boucles \u00e0 outils et compartiments \u00e0 outils suppl\u00e9mentaires. Poche m\u00e8tre renforc\u00e9e avec porte-couteau et poche \u00e0 crayons. RENFORCEMENT : Poches de genouill\u00e8res renforc\u00e9es par du CORDURA\u00ae stretch. Poches renforc\u00e9es en CORDURA\u00ae. REFLEX : bandes r\u00e9fl\u00e9chissantes de 60 mm de large. Mat\u00e9riel r\u00e9fl\u00e9chissant tout autour des jambes. INSTRUCTIONS DE LAVAGE : Nombre de lavages : 20. 60\u00b0 C. Ne pas blanchir. Ne pas repasser. Ne pas nettoyer \u00e0 sec. Ne pas essorer. ACTIVIT\u00c9S PRINCIPALES : Conducteur. Travailleurs manuels. Travailleurs de la route et de la construction. EN 14004. EN ISO 20471. TISSU : Femme. bleu. Jaune haute visibilit\u00e9. noir. Poches pour genouill\u00e8res. Insert en stretch. Poches \u00e0 outils. Tissu extensible. Protection haute visibilit\u00e9. USP : stretch \u00e0 deux voies. Poches \u00e0 outils extra larges. Poches pour genouill\u00e8res en CORDURA\u00ae stretch renforc\u00e9. Bandes r\u00e9fl\u00e9chissantes segment\u00e9es. Empi\u00e8cements en stretch. Poches renforc\u00e9es. CERTIFICATION : EN 14404:2004+A1:2010 avec genouill\u00e8res 4027, 4057, 4058 et 4032. EN ISO 20471, classe 1. Groupe de certification W.<\/p>\n<p>51% coton, 32% polyester, 17% polyamide, serg\u00e9, stretch, 340 g\/m<\/p>","protected":false},"excerpt":{"rendered":"<p>Strapazierf\u00e4hige High Vis Hose aus 2-Wege-Stretch\/CORDURA\u00ae-Denim in Damenpassform und konisch zulaufendem Bein, ideal f\u00fcr Berufe, die Funktion und gute Beweglichkeit erfordern. Die Hose hat Stretcheins\u00e4tze im Schritt und an den Waden f\u00fcr maximale Flexibilit\u00e4t und guten Komfort. Die oben liegenden Kniepolstertaschen sind mit CORDURA\u00ae-Stretch verst\u00e4rkt und haben Stretcheins\u00e4tze oberhalb des Knies f\u00fcr eine bessere ergonomische [&hellip;]<\/p>\n","protected":false},"featured_media":660221,"template":"","meta":[],"product_brand":[],"product_cat":[4185],"product_tag":[],"class_list":{"0":"post-660190","1":"product","2":"type-product","3":"status-publish","4":"has-post-thumbnail","6":"product_cat-hosen","7":"pa_brand-blaklaeder","8":"pa_brand-type-workwear","9":"pa_filter-color-blau","10":"pa_filter-color-gelb","11":"pa_filter-color-orange","12":"pa_filter-color-rot","13":"pa_filter-color-schwarz","15":"first","16":"instock","17":"sale","18":"taxable","19":"shipping-taxable","20":"purchasable","21":"product-type-variable","22":"add-to-wishlist-before_image"},"exclude_global_add_ons":[],"addons":[],"acf":[],"_links":{"self":[{"href":"https:\/\/shop.kustom.ch\/fr\/wp-json\/wp\/v2\/product\/660190"}],"collection":[{"href":"https:\/\/shop.kustom.ch\/fr\/wp-json\/wp\/v2\/product"}],"about":[{"href":"https:\/\/shop.kustom.ch\/fr\/wp-json\/wp\/v2\/types\/product"}],"wp:featuredmedia":[{"embeddable":true,"href":"https:\/\/shop.kustom.ch\/fr\/wp-json\/wp\/v2\/media\/660221"}],"wp:attachment":[{"href":"https:\/\/shop.kustom.ch\/fr\/wp-json\/wp\/v2\/media?parent=660190"}],"wp:term":[{"taxonomy":"product_brand","embeddable":true,"href":"https:\/\/shop.kustom.ch\/fr\/wp-json\/wp\/v2\/product_brand?post=660190"},{"taxonomy":"product_cat","embeddable":true,"href":"https:\/\/shop.kustom.ch\/fr\/wp-json\/wp\/v2\/product_cat?post=660190"},{"taxonomy":"product_tag","embeddable":true,"href":"https:\/\/shop.kustom.ch\/fr\/wp-json\/wp\/v2\/product_tag?post=660190"}],"curies":[{"name":"wp","href":"https:\/\/api.w.org\/{rel}","templated":true}]}}