{"id":660189,"date":"2025-04-29T04:55:36","date_gmt":"2025-04-29T03:55:36","guid":{"rendered":"https:\/\/shop.kustom.ch\/?post_type=product&#038;p=660189"},"modified":"2026-03-31T09:07:50","modified_gmt":"2026-03-31T08:07:50","slug":"overall-inhaerent","status":"publish","type":"product","link":"https:\/\/shop.kustom.ch\/fr\/produit\/overall-inhaerent\/","title":{"rendered":"Combinaison Inh\u00e9rent"},"content":{"rendered":"<p>Salopette en mat\u00e9riau souple et confortable, tr\u00e8s r\u00e9sistant \u00e0 l'usure et dot\u00e9 de propri\u00e9t\u00e9s ol\u00e9ofuges, antisalissures et hydrofuges. Sans m\u00e9tal, avec des boutons en plastique et une fermeture \u00e9clair \u00e0 double sens. Taille r\u00e9glable de l'int\u00e9rieur, plusieurs poches multifonctions et d\u00e9tails r\u00e9fl\u00e9chissants appliqu\u00e9s \u00e0 chaud \u00e0 des endroits soigneusement choisis. Poches externes pour genouill\u00e8res qui s'ouvrent de l'ext\u00e9rieur. Les poignets et les chevilles peuvent \u00eatre r\u00e9gl\u00e9s \u00e0 l'aide de boutons-pression. Test\u00e9 et approuv\u00e9 pour le lavage industriel - EN 15797, 50 cycles de lavage maximum. Certifi\u00e9 selon les normes EN 1149-5, EN ISO 11611, EN ISO 11612, EN 13034, EN 61482-2.<\/p>\n<p>FONCTIONNALIT\u00c9 : Sans m\u00e9tal. Surface ol\u00e9ophobe, antisalissante et hydrofuge. D\u00c9TAILS : Poche d'identification amovible pour les v\u00eatements ignifuges. \u00c9tiquettes de certification ext\u00e9rieures. Boutons en plastique. Col particuli\u00e8rement haut dans le dos. Col montant. Boucles de chaque c\u00f4t\u00e9 de la poitrine pour le d\u00e9tecteur de gaz \/ l'oxyg\u00e9nom\u00e8tre \/ le microphone. Taille \u00e9lastique r\u00e9glable. POCHES : Poches sur les jambes avec soufflet, rabat avec bouton. Poche de poitrine avec fermeture \u00e0 glissi\u00e8re et anneau en D. Poches arri\u00e8re \u00e0 soufflet avec rabat. Poches ext\u00e9rieures pour genouill\u00e8res. Poches lat\u00e9rales. FERMETURE FRONTI\u00c8RE : Fermeture \u00e0 glissi\u00e8re plastique \u00e0 double sens dissimul\u00e9e. REFLEX : Bande r\u00e9fl\u00e9chissante \u00e0 certains endroits pour une meilleure visibilit\u00e9. FERMETURE : Poignets r\u00e9glables avec boutons-pression. Possibilit\u00e9 de rallonger l'ourlet des jambes, ne s'applique pas aux tailles D. Bas de jambes r\u00e9glables avec boutons. INSTRUCTIONS DE LAVAGE : 60\u00b0 C. Ne pas blanchir. Ne pas repasser. Ne pas nettoyer \u00e0 sec. PRO : adapt\u00e9 au s\u00e9chage en tambour. S\u00e8che-linge - bas. PROPRIETES PRINCIPALES : \u00e9lectricien. Bricoleurs. Hommes. EN 1149-5. EN 13034. EN 14004. EN 61482-2. EN ISO 11611. EN ISO 11612. TISSU : bleu. Poches pour genouill\u00e8res. Sans m\u00e9tal. Protection contre les flammes. CERTIFICATION : EN 1149-5. 50 cycles de lavage max. EN 13034 PB (6). Max. 20 cycles de lavage. ATPV - 11 cal\/cm\u00b2. ELIM - 10 cal\/cm\u00b2. EN 61482-2, APC 1. 50 cycles de lavage max. EN ISO 11611, classe 1 A1+A2. Max. 50 cycles de lavage. EN ISO 11612 A1, A2, B1, C1, E2, F1. Max. 50 cycles de lavage<\/p>\n<p>44% Modacrylique, 30% Coton, 20% FR Polyamide, 5% Aramide, 1% antistatique, Ripstop, ignifug\u00e9, antistatique, 260 g\/m<\/p>","protected":false},"excerpt":{"rendered":"<p>Latzhose aus weichem, bequemem Material mit hoher Strapazierf\u00e4higkeit und \u00f6l-, schmutz- und wasserabweisenden Eigenschaften. Metallfrei mit Kunststoffkn\u00f6pfen und Zwei-Wege-Reissverschluss. Von innen verstellbare Taille, mehrere Multifunktionstaschen und reflektierende Details an sorgf\u00e4ltig ausgew\u00e4hlten Stellen, die durch W\u00e4rmeapplikation aufgebracht wurden. Externe Kniepolstertaschen, die sich von aussen \u00f6ffnen lassen. \u00c4rmelb\u00fcndchen und Kn\u00f6chel k\u00f6nnen mit Druckkn\u00f6pfen verstellt werden. Getestet und [&hellip;]<\/p>\n","protected":false},"featured_media":660202,"template":"","meta":[],"product_brand":[],"product_cat":[10454],"product_tag":[],"class_list":{"0":"post-660189","1":"product","2":"type-product","3":"status-publish","4":"has-post-thumbnail","6":"product_cat-overalls","7":"pa_brand-blaklaeder","8":"pa_brand-type-workwear","9":"pa_filter-color-blau","11":"first","12":"instock","13":"sale","14":"taxable","15":"shipping-taxable","16":"purchasable","17":"product-type-variable","18":"add-to-wishlist-before_image"},"exclude_global_add_ons":[],"addons":[],"acf":[],"_links":{"self":[{"href":"https:\/\/shop.kustom.ch\/fr\/wp-json\/wp\/v2\/product\/660189"}],"collection":[{"href":"https:\/\/shop.kustom.ch\/fr\/wp-json\/wp\/v2\/product"}],"about":[{"href":"https:\/\/shop.kustom.ch\/fr\/wp-json\/wp\/v2\/types\/product"}],"wp:featuredmedia":[{"embeddable":true,"href":"https:\/\/shop.kustom.ch\/fr\/wp-json\/wp\/v2\/media\/660202"}],"wp:attachment":[{"href":"https:\/\/shop.kustom.ch\/fr\/wp-json\/wp\/v2\/media?parent=660189"}],"wp:term":[{"taxonomy":"product_brand","embeddable":true,"href":"https:\/\/shop.kustom.ch\/fr\/wp-json\/wp\/v2\/product_brand?post=660189"},{"taxonomy":"product_cat","embeddable":true,"href":"https:\/\/shop.kustom.ch\/fr\/wp-json\/wp\/v2\/product_cat?post=660189"},{"taxonomy":"product_tag","embeddable":true,"href":"https:\/\/shop.kustom.ch\/fr\/wp-json\/wp\/v2\/product_tag?post=660189"}],"curies":[{"name":"wp","href":"https:\/\/api.w.org\/{rel}","templated":true}]}}