{"id":660136,"date":"2025-04-29T04:55:09","date_gmt":"2025-04-29T03:55:09","guid":{"rendered":"https:\/\/shop.kustom.ch\/?post_type=product&#038;p=660136"},"modified":"2026-03-31T09:06:57","modified_gmt":"2026-03-31T08:06:57","slug":"striker-winterjacke-stretch","status":"publish","type":"product","link":"https:\/\/shop.kustom.ch\/fr\/produit\/striker-winterjacke-stretch\/","title":{"rendered":"STRIKER Veste d'hiver stretch"},"content":{"rendered":"<p>Une veste d'hiver confortable et fonctionnelle en mati\u00e8re stretch de haute qualit\u00e9, id\u00e9ale comme deuxi\u00e8me\/derni\u00e8re couche. Cette veste imperm\u00e9able au vent et \u00e0 l'eau avec des coutures scell\u00e9es est isol\u00e9e thermiquement et poss\u00e8de une doublure extensible pour plus de confort. La capuche est r\u00e9glable et amovible, et des fermetures \u00e9clair sous les bras assurent une a\u00e9ration suppl\u00e9mentaire si n\u00e9cessaire. \u00c9galement disponible en mod\u00e8le femme 4707. Doublure chaude et enti\u00e8rement imperm\u00e9able au vent et \u00e0 l'eau avec coutures scell\u00e9esTissu imperm\u00e9able sans FFASCapuche amovible et r\u00e9glableFermeture \u00e0 glissi\u00e8re dans la doublure pour le transfertFermeture \u00e0 glissi\u00e8re sous les bras pour une ventilation suppl\u00e9mentairePoches avant avec fermeture \u00e0 glissi\u00e8re hydrofugePoche \u00e0 pad avec fermeture \u00e0 glissi\u00e8re et poche int\u00e9rieure ouvertePoche au poignet avec fermeture \u00e0 glissi\u00e8re hydrofugeOuverture r\u00e9glable avec cordon de serragePoucelets aux poignetsD\u00e9tails r\u00e9fl\u00e9chissants noirs pour une visibilit\u00e9 accrue<\/p>\n<p>FONCTIONNALIT\u00c9 : Totalement \u00e9tanche avec coutures scell\u00e9es. A\u00e9rations sous les manches. D\u00c9TAILS : Capuche amovible et r\u00e9glable. Fermeture \u00e0 glissi\u00e8re dans la doublure, pour une finition textile facile. POCHES : Poche gauche sous le bras avec fermeture \u00e0 glissi\u00e8re hydrofuge. Poche pour Ipad avec fermeture \u00e9clair et poche int\u00e9rieure \u201couverte\u201d. Poches avant avec fermeture \u00e9clair hydrofuge. FERMETURE FRONTALE : Fermeture \u00e0 glissi\u00e8re en plastique. REFLEX : D\u00e9tails r\u00e9fl\u00e9chissants noirs pour une meilleure visibilit\u00e9. FERMETURE : Poignet int\u00e9rieur avec trou pour le pouce. Ceinture r\u00e9glable avec cordon de serrage. INSTRUCTIONS DE LAVAGE : 40\u00b0 C. Ne pas blanchir. Ne pas repasser. Ne pas nettoyer \u00e0 sec. Ne pas essorer. ACTIVIT\u00c9S PRINCIPALES : Conducteur. Travailleur manuel. Personnel de service. EN 342. EN 343. TISSU : Disponible pour femmes et hommes. Hommes. bleu. vert. Respirabilit\u00e9 de la peau. Stretch. imperm\u00e9able. coupe-vent. Stretch. Vent \/ humidit\u00e9 \/ froid. USP : capuche amovible. Poignets avec trous pour les pouces. Respirant. Poche pour iPad avec fermeture \u00e9clair. Fermetures \u00e9clair sous les manches pour une a\u00e9ration suppl\u00e9mentaire. D\u00e9tails r\u00e9fl\u00e9chissants noirs. Coutures scell\u00e9es. Doublure thermo-isolante. R\u00e9sistant au vent et \u00e0 l'eau. CERTIFICATION : EN 342 avec art. 1810. EN 343, classe 4,1<\/p>\n<p>83% polyamide, 17% spandex, lamin\u00e9, \u00e9tanche \u00e0 l'eau 15000 mm, coupe-vent, respirant Ret 11,3, stretch, 170 g\/m<\/p>","protected":false},"excerpt":{"rendered":"<p>Eine bequeme und funktionelle Winterjacke aus hochwertigem Stretchmaterial, ideal als zweite\/ausserste Schicht. Die wind- und wasserdichte Jacke mit versiegelten N\u00e4hten ist w\u00e4rmeisoliert und hat ein dehnbares Futter f\u00fcr mehr Komfort. Die Kapuze ist verstellbar und abnehmbar, und Reissverschl\u00fcsse unter den Armen sorgen bei Bedarf f\u00fcr zus\u00e4tzliche Bel\u00fcftung. Auch als Damenmodell 4707 erh\u00e4ltlich. Warm gef\u00fcttert und [&hellip;]<\/p>\n","protected":false},"featured_media":660162,"template":"","meta":[],"product_brand":[],"product_cat":[4186],"product_tag":[],"class_list":{"0":"post-660136","1":"product","2":"type-product","3":"status-publish","4":"has-post-thumbnail","6":"product_cat-jacken","7":"pa_brand-blaklaeder","8":"pa_brand-type-workwear","9":"pa_filter-color-blau","10":"pa_filter-color-gruen","11":"pa_filter-color-schwarz","13":"first","14":"instock","15":"sale","16":"taxable","17":"shipping-taxable","18":"purchasable","19":"product-type-variable","20":"add-to-wishlist-before_image"},"exclude_global_add_ons":[],"addons":[],"acf":[],"_links":{"self":[{"href":"https:\/\/shop.kustom.ch\/fr\/wp-json\/wp\/v2\/product\/660136"}],"collection":[{"href":"https:\/\/shop.kustom.ch\/fr\/wp-json\/wp\/v2\/product"}],"about":[{"href":"https:\/\/shop.kustom.ch\/fr\/wp-json\/wp\/v2\/types\/product"}],"wp:featuredmedia":[{"embeddable":true,"href":"https:\/\/shop.kustom.ch\/fr\/wp-json\/wp\/v2\/media\/660162"}],"wp:attachment":[{"href":"https:\/\/shop.kustom.ch\/fr\/wp-json\/wp\/v2\/media?parent=660136"}],"wp:term":[{"taxonomy":"product_brand","embeddable":true,"href":"https:\/\/shop.kustom.ch\/fr\/wp-json\/wp\/v2\/product_brand?post=660136"},{"taxonomy":"product_cat","embeddable":true,"href":"https:\/\/shop.kustom.ch\/fr\/wp-json\/wp\/v2\/product_cat?post=660136"},{"taxonomy":"product_tag","embeddable":true,"href":"https:\/\/shop.kustom.ch\/fr\/wp-json\/wp\/v2\/product_tag?post=660136"}],"curies":[{"name":"wp","href":"https:\/\/api.w.org\/{rel}","templated":true}]}}