{"id":660093,"date":"2025-04-29T04:54:40","date_gmt":"2025-04-29T03:54:40","guid":{"rendered":"https:\/\/shop.kustom.ch\/?post_type=product&#038;p=660093"},"modified":"2026-03-31T09:06:44","modified_gmt":"2026-03-31T08:06:44","slug":"striker-shell-jacke-stretch","status":"publish","type":"product","link":"https:\/\/shop.kustom.ch\/fr\/produit\/striker-shell-jacke-stretch\/","title":{"rendered":"STRIKER Veste Shell Stretch"},"content":{"rendered":"<p>Une veste shell confortable en mat\u00e9riau stretch de haute qualit\u00e9, id\u00e9ale comme troisi\u00e8me couche ou couche ext\u00e9rieure. La veste est coupe-vent et imperm\u00e9able, avec des coutures soud\u00e9es et une capuche fixe. Le tissu dispose d'une construction \u00e0 trois couches qui offre une combinaison optimale d'imperm\u00e9abilit\u00e9 au vent et \u00e0 l'eau, tout en conservant une grande respirabilit\u00e9. Des fermetures \u00e9clair sous les bras assurent une ventilation suppl\u00e9mentaire si n\u00e9cessaire, et la fermeture frontale avec rabat coupe-vent offre une protection suppl\u00e9mentaire contre les \u00e9l\u00e9ments. Les spacieuses poches zipp\u00e9es offrent beaucoup d'espace de rangement, m\u00eame pour les grands documents. \u00c9galement disponible en mod\u00e8le femme 4708. Tissu r\u00e9sistant extensible dans les 4 sensTissu imperm\u00e9able sans PFASFermetures \u00e0 glissi\u00e8re hydrofugesFermetures \u00e0 glissi\u00e8re sous les bras pour une ventilation suppl\u00e9mentaireCoutures souples soud\u00e9es aux ultrasonsLes poches spacieuses offrent un grand espace de rangementD\u00e9tails r\u00e9fl\u00e9chissantsPoche au poignet avec fermeture \u00e0 glissi\u00e8re hydrofugeCertifi\u00e9 selon EN 343 classe 4,4<\/p>\n<p>FONCTIONNALIT\u00c9 : stretch 4 directions. Totalement \u00e9tanche avec des coutures scell\u00e9es et des fermetures \u00e9clair \u00e9tanches. A\u00e9rations sous les manches. D\u00c9TAILS : a\u00e9ration avec fermeture \u00e9clair sous les aisselles. Capuche fixe et r\u00e9glable. Coutures soud\u00e9es. POCHES : Poche gauche sous le bras avec fermeture \u00e9clair hydrofuge. 2 poches int\u00e9rieures, une avec fermeture \u00e9clair et une ouverte en mesh stretch. Grandes poches de poitrine avec fermeture \u00e9clair hydrofuge. FERMETURE FRONTALE : Fermeture \u00e0 glissi\u00e8re hydrofuge sur le devant. REFLEX : D\u00e9tails r\u00e9fl\u00e9chissants sur les manches. D\u00e9tails r\u00e9fl\u00e9chissants noirs pour une meilleure visibilit\u00e9. FERMETURE : Poignets r\u00e9glables avec fermeture velcro. Taille r\u00e9glable avec cordon de serrage. INSTRUCTIONS DE LAVAGE : 40\u00b0 C. Ne pas blanchir. Ne pas repasser. Ne pas nettoyer \u00e0 sec. Ne pas essorer. ACTIVIT\u00c9S PRINCIPALES : Conducteur. Travailleur manuel. Personnel de service. EN 343. TISSU : Disponible pour hommes et femmes. Hommes. bleu. vert. Stretch. imperm\u00e9able. coupe-vent. Stretch. Vent \/ humidit\u00e9 \/ froid. USP : Mati\u00e8re softshell 3 couches. Extensible dans 4 directions. Perm\u00e9able \u00e0 l'air. Poches spacieuses. Fermetures \u00e9clair sous les manches pour une a\u00e9ration suppl\u00e9mentaire. D\u00e9tails r\u00e9fl\u00e9chissants noirs. Coutures scell\u00e9es. R\u00e9sistant au vent et \u00e0 l'eau. CERTIFICATION : EN 343, classe 4,4<\/p>\n<p>83% polyamide, 17% \u00e9lasthanne, stretch 4 directions, tissu 3 couches, lamin\u00e9, imperm\u00e9able 15000mm, coupe-vent, respirant Ret 14,6, 190 g\/m<\/p>","protected":false},"excerpt":{"rendered":"<p>Eine bequeme Shell-Jacke aus hochwertigem Stretchmaterial, ideal als dritte oder \u00e4ussere Schicht. Die Jacke ist winddicht und wasserdicht, mit verschweissten N\u00e4hten und einer festen Kapuze. Das Gewebe verf\u00fcgt \u00fcber eine dreilagige Konstruktion, die die optimale Kombination aus Wind- und Wasserdichtheit bietet, w\u00e4hrend das Material eine hohe Atmungsaktivit\u00e4t beibeh\u00e4lt. Unterarmreissverschl\u00fcsse sorgen bei Bedarf f\u00fcr zus\u00e4tzliche Bel\u00fcftung, [&hellip;]<\/p>\n","protected":false},"featured_media":660125,"template":"","meta":[],"product_brand":[],"product_cat":[4186],"product_tag":[],"class_list":{"0":"post-660093","1":"product","2":"type-product","3":"status-publish","4":"has-post-thumbnail","6":"product_cat-jacken","7":"pa_brand-blaklaeder","8":"pa_brand-type-workwear","9":"pa_filter-color-blau","10":"pa_filter-color-gruen","11":"pa_filter-color-schwarz","13":"first","14":"instock","15":"sale","16":"taxable","17":"shipping-taxable","18":"purchasable","19":"product-type-variable","20":"add-to-wishlist-before_image"},"exclude_global_add_ons":[],"addons":[],"acf":[],"_links":{"self":[{"href":"https:\/\/shop.kustom.ch\/fr\/wp-json\/wp\/v2\/product\/660093"}],"collection":[{"href":"https:\/\/shop.kustom.ch\/fr\/wp-json\/wp\/v2\/product"}],"about":[{"href":"https:\/\/shop.kustom.ch\/fr\/wp-json\/wp\/v2\/types\/product"}],"wp:featuredmedia":[{"embeddable":true,"href":"https:\/\/shop.kustom.ch\/fr\/wp-json\/wp\/v2\/media\/660125"}],"wp:attachment":[{"href":"https:\/\/shop.kustom.ch\/fr\/wp-json\/wp\/v2\/media?parent=660093"}],"wp:term":[{"taxonomy":"product_brand","embeddable":true,"href":"https:\/\/shop.kustom.ch\/fr\/wp-json\/wp\/v2\/product_brand?post=660093"},{"taxonomy":"product_cat","embeddable":true,"href":"https:\/\/shop.kustom.ch\/fr\/wp-json\/wp\/v2\/product_cat?post=660093"},{"taxonomy":"product_tag","embeddable":true,"href":"https:\/\/shop.kustom.ch\/fr\/wp-json\/wp\/v2\/product_tag?post=660093"}],"curies":[{"name":"wp","href":"https:\/\/api.w.org\/{rel}","templated":true}]}}