{"id":660092,"date":"2025-04-29T04:54:40","date_gmt":"2025-04-29T03:54:40","guid":{"rendered":"https:\/\/shop.kustom.ch\/?post_type=product&#038;p=660092"},"modified":"2026-03-31T09:05:22","modified_gmt":"2026-03-31T08:05:22","slug":"flammschutz-unterhemd-3","status":"publish","type":"product","link":"https:\/\/shop.kustom.ch\/fr\/produit\/flammschutz-unterhemd-3\/","title":{"rendered":"Maillot de corps ignifug\u00e9"},"content":{"rendered":"<p>Sous-maillot \u00e0 col haut qui offre une protection durable contre la chaleur, les flammes et les arcs \u00e9lectriques, entre autres, gr\u00e2ce \u00e0 son mat\u00e9riau confortable et difficilement inflammable. Certifi\u00e9 selon les normes EN 1149-5, EN ISO 11612, EN 61482-2.<\/p>\n<p>D\u00c9TAILS : \u00c9tiquettes de certification ext\u00e9rieures. Col haut avec fermeture \u00e0 glissi\u00e8re dissimul\u00e9e. INSTRUCTIONS DE LAVAGE : 60\u00b0 C. Ne pas blanchir. Ne pas repasser. Ne pas nettoyer \u00e0 sec. S\u00e8che-linge - bas. CARACT\u00c9RISTIQUES PRINCIPALES : Unisexe. EN 1149-5. EN 61482-2. EN ISO 11612. TISSU : Unisexe. noir. Protection contre les flammes. CERTIFICATION : EN 1149-5. EBT - 8,2 cal\/cm\u00b2. ELIM - 7,3 cal\/cm\u00b2. EN 61482-2, APC 1. ISO 11612 A1, B1, C1<\/p>\n<p>59% modacrylique, 39% coton, 2% autres fibres, tricot c\u00f4tel\u00e9, difficilement inflammable, antistatique, 250g\/m<\/p>","protected":false},"excerpt":{"rendered":"<p>Unterhemd mit hohem Kragen, das dank seines bequemen, schwer entflammbaren Materials einen dauerhaften Schutz u.a. gegen Hitze, Flammen und Lichtbogen bietet. Zertifiziert nach EN 1149-5, EN ISO 11612, EN 61482-2. DETAILS: Aussenliegende Zertifizierungsetiketten. Hoher Kragen mit verdecktem Reissverschluss. WASCHANLEITUNG: 60\u00b0 C. Nicht bleichen. Nicht b\u00fcgeln. Nicht chemisch reinigen. W\u00e4schetrockner &#8211; niedrig. HAUPTEIGENSCHAFTEN: Unisex. EN 1149-5. [&hellip;]<\/p>\n","protected":false},"featured_media":660116,"template":"","meta":[],"product_brand":[],"product_cat":[4206],"product_tag":[],"class_list":{"0":"post-660092","1":"product","2":"type-product","3":"status-publish","4":"has-post-thumbnail","6":"product_cat-underwear","7":"pa_brand-blaklaeder","8":"pa_brand-type-workwear","9":"pa_filter-color-schwarz","11":"first","12":"instock","13":"sale","14":"taxable","15":"shipping-taxable","16":"purchasable","17":"product-type-variable","18":"add-to-wishlist-before_image"},"exclude_global_add_ons":[],"addons":[],"acf":[],"_links":{"self":[{"href":"https:\/\/shop.kustom.ch\/fr\/wp-json\/wp\/v2\/product\/660092"}],"collection":[{"href":"https:\/\/shop.kustom.ch\/fr\/wp-json\/wp\/v2\/product"}],"about":[{"href":"https:\/\/shop.kustom.ch\/fr\/wp-json\/wp\/v2\/types\/product"}],"wp:featuredmedia":[{"embeddable":true,"href":"https:\/\/shop.kustom.ch\/fr\/wp-json\/wp\/v2\/media\/660116"}],"wp:attachment":[{"href":"https:\/\/shop.kustom.ch\/fr\/wp-json\/wp\/v2\/media?parent=660092"}],"wp:term":[{"taxonomy":"product_brand","embeddable":true,"href":"https:\/\/shop.kustom.ch\/fr\/wp-json\/wp\/v2\/product_brand?post=660092"},{"taxonomy":"product_cat","embeddable":true,"href":"https:\/\/shop.kustom.ch\/fr\/wp-json\/wp\/v2\/product_cat?post=660092"},{"taxonomy":"product_tag","embeddable":true,"href":"https:\/\/shop.kustom.ch\/fr\/wp-json\/wp\/v2\/product_tag?post=660092"}],"curies":[{"name":"wp","href":"https:\/\/api.w.org\/{rel}","templated":true}]}}